{"id":316,"date":"2020-02-07T04:08:24","date_gmt":"2020-02-07T04:08:24","guid":{"rendered":"https:\/\/cargoholidays.com\/?page_id=316"},"modified":"2021-02-12T14:36:30","modified_gmt":"2021-02-12T14:36:30","slug":"caribbean-cargo-ship-travel-caribbean-cargoship-voyage-travel-by-caribbean-cargo-ship-cargoholidays-voyages-en-cargo-caribbean-freighter-travel","status":"publish","type":"page","link":"https:\/\/cargoholidays.com\/it\/caribbean-cargo-ship-travel-caribbean-cargoship-voyage-travel-by-caribbean-cargo-ship-cargoholidays-voyages-en-cargo-caribbean-freighter-travel","title":{"rendered":"Caribbean cargo ship travel Caribbean cargoship voyage travel by Caribbean cargo ship cargoholidays voyages en cargo Caribbean freighter travel"},"content":{"rendered":"<!-- Slideshow - Simple boxes + bottom mask style 1 and scrollme effect --><div class=\"kl-slideshow static-content__slideshow uh_zn_def_header_style maskcontainer--shadow scrollme\">\n\t\t\t<div class=\"bgback\">\n\t\t\t<\/div>\n\n\t\t\t<!-- Static content wrapper with default height (not fullscreen) -->\n\t\t\t<div class=\"kl-slideshow-inner static-content__wrapper static-content--height\">\n\t\t\t\t<!-- Static content background source with animateme effect -->\n\t\t\t\t<div class=\"static-content__source animateme\" data-when=\"span\" data-from=\"0\" data-to=\"0.75\" data-easing=\"linear\" data-translatey=\"300\">\n\t\t\t\t\t<!-- Background -->\n\t\t\t\t\t<div class=\"kl-bg-source\">\n\t\t\t\t\t\t<!-- Background image -->\n\t\t\t\t\t\t<div class=\"kl-bg-source__bgimage\" style=\"background-image:url(https:\/\/cargoholidays.com\/wp-content\/uploads\/2020\/02\/Caribbean-cargo-ship-travel-Caribbean-cargoship-voyage-travel-by-Caribbean-cargo-ship-cargoholidays-voyages-en-cargo-Caribbean-freighter-travel.jpg); background-repeat:no-repeat; background-attachment:scroll; background-position-x:center; background-position-y:center; background-size:cover\">\n\t\t\t\t\t\t<\/div>\n\t\t\t\t\t\t<!--\/ Background image -->\n\n\t\t\t\t\t\t<!-- Color overlay -->\n\t\t\t\t\t\t<div class=\"kl-bg-source__overlay\" style=\"background-color:rgba(53,53,53,0.6)\">\n\t\t\t\t\t\t<\/div>\n\t\t\t\t\t<\/div>\n\t\t\t\t\t<!--\/ Background -->\n\n\t\t\t\t\t<!-- Animated Sparkles -->\n\t\t\t\t\t<div class=\"th-sparkles\"><\/div>\n\t\t\t\t\t<!--\/ Animated Sparkles -->\n\t\t\t\t<\/div>\n\t\t\t\t<!--\/ .static-content__source .animateme -->\n\n\n\t\t\t\t<div class=\"static-content__inner container\">\n\t\t\t\t\t<!-- Container with animateme effect and safe padding default top 150px -->\n\t\t\t\t\t<div class=\"kl-slideshow-safepadding sc__container animateme\" data-when=\"span\" data-from=\"0\" data-to=\"0.75\" data-translatey=\"200\" data-opacity=\"0.1\" data-easing=\"linear\">\n\t\t\t\t\t\t<!-- Boxes style -->\n\t\t\t\t\t\t<div class=\"static-content boxes-style\">\n\t\t\t\t\t\t\t<!-- Sub-title --> \n\t\t\t\t\t\t\t<h3 class=\"static-content__subtitle text-center\">Caribbean holidays are a colourful cocktail of silvery sand, teal-tinted<span class=\"fw-semibold\">water and emerald rainforests.<\/span><span data-rel=\"tooltip\" data-placement=\"top\" title=\"\" data-animation=\"true\" data-original-title=\"Highly premium actually\">Plus, there are more historical sights than you can shake a guide book at.<\/span><\/h3>  \n\t\t\t\t\t\t\t<!-- Sub-title -->\n \n\t\t\t\t\t\t<\/div>\n\t\t\t\t\t\t<!--\/ .boxes-style -->\n\t\t\t\t\t<\/div>\n\t\t\t\t\t<!--\/ Container with animateme effect and safe padding default top 150px -->\n\t\t\t\t<\/div>\n\t\t\t\t<!--\/ .static-content__inner -->\n\t\t\t<\/div>\n\t\t\t<!--\/ .static-content__wrapper -->\n\n\t\t\t<!-- Bottom mask style 1 -->\n\t\t\t<div class=\"kl-bottommask kl-bottommask--shadow\">\n\t\t\t<\/div>\n\t\t\t<!--\/ Bottom mask style 1 -->\n\t\t<\/div>\n\t\t<!--\/ Slideshow - Simple boxes + bottom mask style 1 and scrollme effect -->\n<!-- Search box section -->\n\t\t<section class=\"hg_section--relative ptop-0 pbottom-20\">\n\t\t\t<!-- Section background -->\n\t\t\t<div class=\"kl-bg-source\">\n\t\t\t\t<!-- Background image -->\n\t\t\t\t<div class=\"kl-bg-source__bgimage\" style=\"background-image:url(https:\/\/mlkyachts.com\/wp-content\/uploads\/2020\/02\/Yacht-destinations-Caribbean-yacht-holidays-Caribbean-yacht-charter21.jpg);background-repeat:no-repeat;background-attachment:scroll;background-position-x:center;background-position-y:center;background-size:cover\">\n\t\t\t\t<\/div>\n\t\t\t\t<!-- Background image -->\n\n\t\t\t\t<!-- Color overlay -->\n\t\t\t\t<div class=\"kl-bg-source__overlay\" style=\"background-color:rgba(50,58,55,0.8)\">\n\t\t\t\t<\/div>\n\t\t\t\t<!--\/ Color overlay -->\n\t\t\t<\/div>\n\t\t\t<!--\/ Section background -->\n\n\n\t\t\t<div class=\"container\">\n\t\t\t\t<div class=\"row\">\n\t\t\t\t\t<div class=\"col-md-12 col-sm-12\">\n\t\t\t\t\t\t<!-- Section title -->\n\t\t\t\t\t\t<div class=\"kl-title-block clearfix tbk--text-light text-center tbk--color-theme tbk-symbol--line tbk-icon-pos--after-title\"> \n\t\t\t\t\t\t\t<!-- Title -->\n\n\t\t\t\t\t\t\t<!-- Title bottom symbol -->\n\t\t\t\t\t\t\t<div class=\"tbk__symbol\">\n\t\t\t\t\t\t\t\t<span><\/span>\n\t\t\t\t\t\t\t<\/div>\n\t\t\t\t\t\t\t<!--\/ Title bottom symbol -->\n\t\t\t\t\t\t<\/div>\n\t\t\t\t\t\t<!--\/ Section title -->\n\t\t\t\t\t<\/div>\n\t\t\t\t\t<!--\/ col-md-12 col-sm-12 -->\n\n\t\t\t\t\t<div class=\"col-md-12 col-sm-12\">\n\t\t\t\t\t\t<!-- Search box transparent style element -->\n\t\t\t\t\t\t<div class=\"elm-searchbox elm-searchbox--transparent2 elm-searchbox--eff-typing\">\n\t\t\t\t\t\t\t<!-- Search box wrapper -->\n\t\t\t\t\t\t\t<div class=\"elm-searchbox__inner\">\n\t\t\t\t\t\t\t[wd_asp id=2]\n\t\t\t\t\t\t\t<\/div>\n\t\t\t\t\t\t\t<!--\/ Search box wrapper -->\n\t\t\t\t\t\t<\/div>\n\t\t\t\t\t\t<!--\/ Search box transparent style element -->\n\t\t\t\t\t<\/div>\n\t\t\t\t\t<!--\/ col-md-12 col-sm-12 -->\n\t\t\t\t<\/div>\n\t\t\t\t<!--\/ row -->\n\t\t\t<\/div>\n\t\t\t<!--\/ container -->\n\t\t<\/section>\n\t\t<!--\/ Search box section -->\n\t\t<!-- Content section -->\n\t\t<section class=\"hg_section\">\n\t\t\t<div class=\"container\">\n\n\t\t\t\t\n\t\t\t\t<div class=\"row\"> \t<script type=\"text\/javascript\">\n\n\t\tif ( 'undefined' === typeof lscfShortcodeData ) {\n\t\t\tvar lscfShortcodeData = [];\n\t\t}\n\n\t\t\/\/ split wp-content string to avoid the url to be rewriten by some CDN providers\n\t\tlscfShortcodeData.push({\n\t\t\t'ID':'wftyyldncpgeaeq_4',\n\t\t\t'wpml': '0',\n\t\t\t'lang': '',\n\t\t\t'postType':'cargoshipdestination',\n\t\t\t'post_per_page':'15',\n\t\t\t'plugin_url':'https:\/\/cargoholidays.com\/wp-content\/plugins\/live-search-and-custom-fields\/',\n\t\t\t'site_url':'https:\/\/cargoholidays.com',\n\t\t\t'ajax_url':'https:\/\/cargoholidays.com\/wp-admin\/admin-ajax.php',\n\t\t\t'rest_api_uri': 'https:\/\/cargoholidays.com\/it\/wp-json\/',\n\t\t\t'options':{\"writing\":{\"load_more\":\"Load more\",\"view\":\"View\",\"any\":\"Any\",\"select\":\"Select\",\"filter\":\"Filter\",\"add_to_cart\":\"Add to Cart\",\"see_more\":\"See More\",\"see_less\":\"See Less\",\"no_results\":\"No Results\",\"sort_by\":\"Sort By\",\"sort_asc\":\"ASC\",\"sort_desc\":\"DESC\",\"date\":\"Date\",\"title\":\"Title\",\"close\":\"Close Filter\",\"search\":\"Search\",\"price\":\"Price\",\"grid\":\"Grid\",\"reset_filters\":\"Reset Filters\"},\"reset_button\":0,\"grid_view\":0,\"see_more\":\"See More\",\"filter_type\":\"custom-posts\",\"run_shortcodes\":0,\"disable_empty_option_on_filtering\":0,\"infinite_scrolling\":0,\"checkboxes_conditional_logic\":\"or\",\"lscf_custom_fields_order_as\":\"number\",\"order_by\":{\"items\":\"\"},\"default_order_by\":\"post_date\",\"url_history\":0,\"instant_search\":1,\"general_search_by\":{\"items\":[{\"id\":\"post_title\",\"name\":\"Title\"},{\"id\":\"post_content\",\"name\":\"Post Content\"}]},\"general_search_conditional_logic\":\"and\",\"general_search_algorithm\":\"algorithm-1\",\"range_filtering_type\":\"lscf_number\",\"pagination_type\":\"load-more\",\"hide_see_more_on_checkboxes_list\":0,\"woo_price_format\":0,\"woo_instock\":0},\n\t\t\t'settings':{\"main-color\":\"#1e88e5\",\"posts-per-page\":15,\"reset_button\":{\"status\":1,\"position\":\"bottom\",\"name\":\"Reset\"},\"theme\":{\"display\":\"default\",\"columns\":4,\"viewchanger\":{\"list\":1},\"link_type\":\"0\",\"sidebar\":{\"position\":\"left\"},\"posts_display_from\":{\"post_taxonomies\":{\"cargoshipdestination-categories\":{\"ID\":\"cargoshipdestination-categories\",\"group_type\":\"taxonomies\",\"tax\":{\"terms\":[{\"data\":{\"name\":\"CENTRAL AMERICA\",\"value\":563}}]}},\"active_terms\":[\"563-cargoshipdestination-categories\"]}}},\"main-color-rgb\":\"30, 136, 229\",\"is_administrator\":0,\"redirect_page\":\"\"}\t\t});\n\n\t\tdocument.getElementsByTagName(\"body\")[0].setAttribute(\"ng-app\", \"lscf-app\");\n\n\t<\/script>\n\n\t\n<div id=\"lscf-filter-wrapper-wftyyldncpgeaeq_4\" class=\"px-capf-wrapper row wide lscf-theme-default\">\n\n\n\t\t\t<div class=\"col-sm-12 col-md-12 col-lg-12 lscf-container pxfilter-list-only\" data-index=\"0\" ng-controller=\"pxfilterController\">\n\n\t\t\t\n\t\t\t<div class=\"row\" id=\"lscf-posts-wrapper\" ng-if=\"pluginSettings.existsPosts\" ng-class=\"{'lscf-administrator' : pluginSettings.filterSettings.is_administrator == 1 }\">\n\n\t\t\t\t<div ng-if=\"pluginSettings.filterSettings.theme.sidebar.position == 'left' || pluginSettings.filterSettings.theme.sidebar.position == 'top' \" class=\"{{ 'col-xs-12 ' +pluginSettings.className.sidebar+' px-filter-fields' }}\" ng-include=\"pluginSettings.pluginPath + 'app\/views\/filterFields.html'\">\n\t\t\t\t<\/div>\n\n\n\t\t\t\t<div class=\"{{ 'col-xs-12 ' + pluginSettings.className.posts_theme + 'lscf-posts' }}\">\n\n\t\t\t\t\t<div class=\"px-posts-overlay-loading px-hide\" ng-class=\"{'ang_ready' : loadMoreBtn.ready}\" ng-if=\"loadMoreBtn.postsLoading\">\n\n\t\t\t\t\t\t<img src=\"https:\/\/cargoholidays.com\/wp-content\/plugins\/live-search-and-custom-fields\/assets\/images\/loading_light.gif\" alt=\"loading light - Caribbean cargo ship travel Caribbean cargoship voyage travel by Caribbean cargo ship cargoholidays voyages en cargo Caribbean freighter travel\" title=\"Caribbean cargo ship travel Caribbean cargoship voyage travel by Caribbean cargo ship cargoholidays voyages en cargo Caribbean freighter travel\">\n\t\t\t\t\t<\/div>\n\n\t\t\t\t\t<div class=\"lscf-no-results-error px-hide\" ng-class=\"{'ang_ready' : loadMoreBtn.ready}\" ng-if=\"loadMoreBtn.noResults\">\n\t\t\t\t\t\t\t{{pluginSettings.generalSettings.writing.no_results}}\n\t\t\t\t\t<\/div>\n\n\t\t\t\t\t<div ng-switch=\"pluginSettings.filterSettings.theme.display\" ng-class=\" {'lscf-template-orderby-right-margin': 'woocommerce-grid-2' == pluginSettings.filterSettings.theme.display}\">\n\n\t\t\t\t\t\t<div class=\"lscf-order-by\" sort-by><\/div>\n\n\t\t\t\t\t\t<div ng-switch-when=\"default\">\n\n\t\t\t\t\t\t\t<div class=\"row filter-headline\">\n\n\t\t\t\t\t\t\t\t<div class=\"viewModeBlock col-sm-12 col-md-12 col-lg-12\">\n\n\t\t\t\t\t\t\t\t\t<div class=\"viewMode\">\n\t\t\t\t\t\t\t\t\t\t<div id=\"blockView\" class=\"glyphicon glyphicon-th\"><\/div>\n\t\t\t\t\t\t\t\t\t\t<div id=\"listView\" class=\"active glyphicon glyphicon-th-list\"><\/div>\n\t\t\t\t\t\t\t\t\t<\/div>\n\t\t\t\t\t\t\t\t<\/div>\n\t\t\t\t\t\t\t<\/div>\n\n\t\t\t\t\t\t\t<div id=\"lscf-posts-container-defaultTheme\" class=\"view lscf-posts-block lscf-grid-view\" viewmode-default><\/div>\n\n\t\t\t\t\t\t<\/div>\n\n\t\t\t\t\t\t<div ng-switch-when=\"accordion\" class=\"view lscf-posts-accordion lscf-posts-wrapper\">\n\t\t\t\t\t\t\t<div viewmode-accordion><\/div>\n\t\t\t\t\t\t<\/div>\n\n\t\t\t\t\t\t<div ng-switch-when=\"portrait\" class=\"view lscf-posts-portrait lscf-posts-wrapper lscf-grid-view\">\n\t\t\t\t\t\t\t<div viewmode-portrait><\/div>\n\t\t\t\t\t\t<\/div>\n\n\t\t\t\t\t\t<div ng-switch-when=\"basic-grid\" class=\"view lscf-posts-basic-grid lscf-posts-wrapper lscf-grid-view\">\n\t\t\t\t\t\t\t<div viewmode-basic-grid><\/div>\n\t\t\t\t\t\t<\/div>\n\n\t\t\t\t\t\t<div ng-switch-when=\"masonry-grid\" class=\"view lscf-posts-basic-grid lscf-posts-wrapper lscf-grid-view\">\n\t\t\t\t\t\t\t<div viewmode-masonry-grid><\/div>\n\t\t\t\t\t\t<\/div>\n\n\t\t\t\t\t\t<div ng-switch-when=\"woocommerce-grid\" class=\"view lscf-posts-basic-grid lscf-posts-wrapper lscf-grid-view\">\n\t\t\t\t\t\t\t<div viewmode-woocommerce><\/div>\n\t\t\t\t\t\t<\/div>\n\n\t\t\t\t\t\t<div ng-switch-when=\"woocommerce-grid-2\" class=\"lscf-posts-basic-grid lscf-posts-wrapper lscf-grid-view\">\n\t\t\t\t\t\t\t<div viewmode-woocommerce-grid><\/div>\n\t\t\t\t\t\t<\/div>\n\n\t\t\t\t\t\t<div ng-switch-when=\"custom-theme\" class=\"lscf-posts-wrapper lscf-custom-template-wrapper lscf-grid-view\">\n\t\t\t\t\t\t\t<div viewmode-custom><\/div>\n\t\t\t\t\t\t<\/div>\n\n\t\t\t\t\t<\/div>\n\t\t\t\t\t<div class=\"clear\"><\/div>\n\n\t\t\t\t\t<div ng-if=\" 'dynamic' === pluginSettings.generalSettings.pagination_type\" ng-class=\"{'lscf-pagination-ready' : true === dynamicPaginationReady}\" pagination-dynamic>\n\t\t\t\t\t\t<div class=\"lscf-dynamic-pagination-container\">\n\t\t\t\t\t\t\t<span ng-click=\"prevPage()\" class=\"lscf-dynamic-pag-prev\"><\/span>\n\t\t\t\t\t\t\t<span class=\"lscf-dynamic-pag-main\">\n\t\t\t\t\t\t\t\t<input ng-blur=\"onInputBlur()\" ng-model=\"activepage\" type=\"number\">  of {{actionSettings.pagesCount}}\n\t\t\t\t\t\t\t<\/span>\n\t\t\t\t\t\t\t<span ng-click=\"nextPage()\" class=\"lscf-dynamic-pag-next\"><\/span>\n\t\t\t\t\t\t<\/div>\n\t\t\t\t\t\t<div class=\"clear\"><\/div>\n\t\t\t\t\t<\/div>\n\n\t\t\t\t\t<div ng-if=\" 'load-more' === pluginSettings.generalSettings.pagination_type &amp;&amp; loadMoreBtn.morePostsAvailable\" class=\"capf_loading px-hide\" ng-class=\"{'ang_ready' : loadMoreBtn.ready}\">\n\t\t\t\t\t\t\t<img ng-if=\"loadMoreBtn.loading\" src=\"https:\/\/cargoholidays.com\/wp-content\/plugins\/live-search-and-custom-fields\/assets\/images\/loading_light.gif\" alt=\"loading light - Caribbean cargo ship travel Caribbean cargoship voyage travel by Caribbean cargo ship cargoholidays voyages en cargo Caribbean freighter travel\" title=\"Caribbean cargo ship travel Caribbean cargoship voyage travel by Caribbean cargo ship cargoholidays voyages en cargo Caribbean freighter travel\">\n\t\t\t\t\t\t\t<br>\n\n\t\t\t\t\t\t\t<label class=\"loadMore\" ng-if=\"!loadMoreBtn.loading\" ng-click=\"load_more()\">\n\n\t\t\t\t\t\t\t\tLoad more\t\t\t\t\t\t\t<\/label>\n\t\t\t\t\t<\/div>\n\t\t\t\t<\/div>\n\n\t\t\t\t<div ng-if=\"pluginSettings.filterSettings.theme.sidebar.position == 'right' \" class=\"{{ 'col-xs-12 ' +pluginSettings.className.sidebar+' px-filter-fields' }}\" ng-include=\"pluginSettings.pluginPath + 'app\/views\/filterFields.html'\">\n\t\t\t\t<\/div>\n\n\t\t\t<\/div>\n\n\t\t<\/div>\n\n\t<\/div>\n <\/div>\n\t\t\t\t<div class=\"row\">\n\t\t\t\t\t<div class=\"col-md-12 col-sm-12\">\n\t\t\t\t\t\t<!-- Title element with bottom line and sub-title with custom paddings -->\n\t\t\t\t\t\t<div class=\"kl-title-block clearfix tbk--left tbk-symbol--line tbk-icon-pos--after-title ptop-1 pbottom-15\">\n\t\t\t\t\t\t\t<!-- Title with custom montserrat font, size and black color --> \n\n\t\t\t\t\t\t\t<!-- Title bottom symbol -->\n\t\t\t\t\t\t\t<div class=\"tbk__symbol\">\n\t\t\t\t\t\t\t\t<span><\/span>\n\t\t\t\t\t\t\t<\/div>\n\t\t\t\t\t\t\t<!--\/ Title bottom symbol -->\n\n\t\t\t\t\t\t\t<!-- Sub-title with custom font size and thin style -->\n\t\t\t\t\t\t\t<h4 class=\"tbk__subtitle fs-30 fw-thin\">Caribbean cargo ship travel<\/h4>\n\t\t\t\t\t\t<\/div> \n\t\t\t\t\t\t<!--\/ Title element with bottom line and sub-title -->\n\t\t\t\t\t<\/div>\n\t\t\t\t\t<!--\/ col-md-12 col-sm-12 -->\n\n\t\t\t\t\t<div class=\"col-md-4 col-sm-4\">\n\t\t\t\t\t\t<!-- Title element with bottom line -->\n\t\t\t\t\t\t<div class=\"kl-title-block clearfix tbk-symbol--line tbk-icon-pos--after-title\">\n\t\t\t\t\t\t\t<!-- Title with custom font size, gray color and extrabold style -->\n\t\t\t\t\t\t\t<h3 class=\"tbk__title fs-36 gray fw-extrabold\">Tear yourself away from your sunbed for a day or two and you&rsquo;ll find that most of the countries in the Caribbean have plenty of history.<\/h3>\n\n\t\t\t\t\t\t\t<!-- Title bottom symbol -->\n\t\t\t\t\t\t\t<div class=\"tbk__symbol\">\n\t\t\t\t\t\t\t\t<span><\/span>\n\t\t\t\t\t\t\t<\/div>\n\t\t\t\t\t\t\t<!--\/ Title bottom symbol -->\n\t\t\t\t\t\t<\/div>\n\t\t\t\t\t\t<!--\/ Title element with bottom line -->\n\t\t\t\t\t<\/div>\n\t\t\t\t\t<!--\/ col-md-4 col-sm-4 -->\n\n\t\t\t\t\t<div class=\"col-md-4 col-sm-4\">\n\t\t\t\t\t\t<!-- Text box element -->\n\t\t\t\t\t\t<div class=\"text_box\">\n\t\t\t\t\t\t\t<p>The Caribbean islands enjoys a hot climate all year round in your Caribbean freighter travel, with wetter weather between May and October making them a perfect winter sun destination or Christmas holiday option.\n\t\t\t\t\t\t\tEach Caribbean island flaunts its own distinct cultural and historical characteristics, meaning there is always something new and exciting to explore, while they&rsquo;re all united in offering incredible natural beauty and beaches for your Caribbean cargo ship travel.<\/p>\n\t\t\t\t\t\t<\/div>\n\t\t\t\t\t\t<!--\/ Text box element -->\t\n\t\t\t\t\t<\/div>\n\t\t\t\t\t<!--\/ col-md-4 col-sm-4 -->\n\n\t\t\t\t\t<div class=\"col-md-4 col-sm-4\">\n\t\t\t\t\t\t<!-- Text box element -->\n\t\t\t\t\t\t<div class=\"text_box\">\n\t\t\t\t\t\t \n\t\t\t\t\t\t\t<p>If you&rsquo;re on the hunt for paradise, Caribbean holidays are the perfect choice for you. Made up of more than 7000 islands, islets and reefs, the breathtaking Caribbean Islands are located just east of Mexico and south of the United States. The smaller islands of the Bahamas, Barbados and Antigua are scattered between the larger islands of Cuba, Jamaica and the Dominican Republic and are the most popular islands for holidays in the Caribbean cargo ship.\n\t\t\t\t\t\t\tOn the Beach are experts in finding perfect Caribbean holidays at unbeatable prices, whether you are looking for a all inclusive, celebrating with a Caribbean honeymoon or a luxury Caribbean holiday, we can make sure you get exactly what you want!<\/p>\n\t\t\t\t\t\t<\/div>\n\t\t\t\t\t\t<!--\/ Text box element -->\n\t\t\t\t\t<\/div>\n\t\t\t\t\t<!--\/ col-md-4 col-sm-4 -->\n\t\t\t\t<\/div>\n\t\t\t\t<!--\/ row -->\n\t\t\t\t\n\t\t\t<\/div>\n\t\t\t<!--\/ container -->\n\t\t<\/section>\n\t\t<!--\/ Content section -->\n\n\n\n \n\n\n\t\t<!-- Border animation button style 1 - full width section -->\n\t\t<section class=\"hg_section bg-white mtop-80 mb-0 p-0\">\n\t\t\t<div class=\"full_width\">\n\t\t\t\t<div class=\"row\">\n\t\t\t\t\t<div class=\"col-md-5 col-sm-5\">\n\t\t\t\t\t\t<!-- Media container style 1 - with custom height -->\n\t\t\t\t\t\t<div class=\"media-container h-545\">\n\t\t\t\t\t\t\t<!-- Background -->\n\t\t\t\t\t\t\t<div class=\"kl-bg-source\">\n\t\t\t\t\t\t\t\t<!-- Image -->\n\t\t\t\t\t\t\t\t<div class=\"kl-bg-source__bgimage\" style=\"background-image:url(https:\/\/cargoholidays.com\/wp-content\/uploads\/2020\/02\/Caribbean-cargo-ship-travel-Caribbean-cargoship-voyage-travel-by-Caribbean-cargo-ship-cargoholidays-voyages-en-cargo-Caribbean-freighter-travel21.jpg); background-repeat:no-repeat; background-attachment:scroll; background-position-x:center; background-position-y:top; background-size:cover\">\n\t\t\t\t\t\t\t\t<\/div>\n\t\t\t\t\t\t\t\t<!--\/ Image -->\n\n\t\t\t\t\t\t\t\t<!-- Gradient overlay -->\n\t\t\t\t\t\t\t\t<div class=\"kl-bg-source__overlay\" style=\"background:rgba(53,53,53,0.65); background: -moz-linear-gradient(left, rgba(53,53,53,0.65) 0%, rgba(53,53,53,0.3) 100%); background: -webkit-gradient(linear, left top, right top, color-stop(0%,rgba(53,53,53,0.65)), color-stop(100%,rgba(53,53,53,0.3))); background: -webkit-linear-gradient(left, rgba(53,53,53,0.65) 0%,rgba(53,53,53,0.3) 100%); background: -o-linear-gradient(left, rgba(53,53,53,0.65) 0%,rgba(53,53,53,0.3) 100%); background: -ms-linear-gradient(left, rgba(53,53,53,0.65) 0%,rgba(53,53,53,0.3) 100%); background: linear-gradient(to right, rgba(53,53,53,0.65) 0%,rgba(53,53,53,0.3) 100%); \">\n\t\t\t\t\t\t\t\t<\/div>\n\t\t\t\t\t\t\t\t<!--\/ Gradient overlay -->\n\t\t\t\t\t\t\t<\/div>\n\t\t\t\t\t\t\t<!--\/ Background -->\n\n\t\t\t\t\t\t\t<!-- Link button with pop-up -->\n\t\t\t\t\t\t\t<a class=\"media-container__link media-container__link--btn media-container__link--style-borderanim1\" href=\"https:\/\/www.youtube.com\/watch?v=cVt-3vbENOQ\" data-lightbox=\"iframe\">\n\t\t\t\t\t\t\t\t<i class=\"media-container__border-tt\"><\/i>\n\t\t\t\t\t\t\t\t<i class=\"media-container__border-tl\"><\/i>\n\n\t\t\t\t\t\t\t\t<!-- Button text -->\n\t\t\t\t\t\t\t\t<span class=\"media-container__text\">VIAGGIO IN NAVE DA CARICO<\/span>\n\t\t\t\t\t\t\t\t<!--\/ Button text -->\n\n\t\t\t\t\t\t\t\t<i class=\"media-container__border-bb\"><\/i>\n\t\t\t\t\t\t\t\t<i class=\"media-container__border-br\"><\/i>\n\t\t\t\t\t\t\t<\/a>\n\t\t\t\t\t\t\t<!-- Link button with pop-up -->\n\t\t\t\t\t\t<\/div>\n\t\t\t\t\t\t<!--\/ Media container style 1 - with custom height -->\n\t\t\t\t\t<\/div>\n\t\t\t\t\t<!--\/ col-md-5 col-sm-5 -->\n\n\t\t\t\t\t<div class=\"col-md-7 col-sm-7\">\n\t\t\t\t\t\t<div class=\"row hg_col_eq_last p-top-6 p-left-6\">\n\t\t\t\t\t\t\t<div class=\"col-md-12 col-sm-12\">\n\t\t\t\t\t\t\t\t<!-- Section title -->\n\t\t\t\t\t\t\t\t<div class=\"kl-title-block clearfix text-left tbk-symbol--line tbk-icon-pos--after-title\">\n\t\t\t\t\t\t\t\t\t<!-- Title -->\n\t\t\t\t\t\t\t\t\t<h3 class=\"tbk__title\">NAVIGA NEI TUOI SOGNI <\/h3>\n\t\t\t\t\t\t\t\t\t<!--\/ Title -->\n\n\t\t\t\t\t\t\t\t\t<!-- Title bottom symbol -->\n\t\t\t\t\t\t\t\t\t<div class=\"tbk__symbol\">\n\t\t\t\t\t\t\t\t\t\t<span><\/span>\n\t\t\t\t\t\t\t\t\t<\/div>\n\t\t\t\t\t\t\t\t\t<!--\/ Title bottom symbol -->\n\n\t\t\t\t\t\t\t\t\t<!-- Subtitle -->\n\t\t\t\t\t\t\t\t\t<h4 class=\"tbk__subtitle\">IL VIAGGIO DELLE NAVI DA CARICO NEL MONDO.<\/h4>\n\t\t\t\t\t\t\t\t\t<!--\/ Subtitle -->\n\t\t\t\t\t\t\t\t<\/div>\n\t\t\t\t\t\t\t\t<!-- Section title -->\n\n\t\t\t\t\t\t\t\t<!-- Content text box -->\n\t\t\t\t\t\t\t\t<div class=\"text_box\">\n\t\t\t\t\t\t\t\t\t<p>\n\t\t\t\t\t\t\t\t\t\tI viaggi in nave offrono una buona opportunit\u00e0 per le persone che hanno paura di volare. Danno uno spirito in pi\u00f9 al vostro anno sabbatico o aiutano le persone in situazioni particolari, come dopo una sindrome da burnout, a ottenere la pausa necessaria. Oppure per tutti coloro che puntano a un modo di viaggiare pi\u00f9 eco-compatibile.\n\t\t\t\t\t\t\t\t\t<\/p>\n\t\t\t\t\t\t\t\t\t<p>\n\t\t\t\t\t\t\t\t\t\tTrascorrere giorni a osservare la diversit\u00e0 dell'orizzonte e dei paesaggi oceanici crea una sensazione di libert\u00e0 inebriante e meditativa. D'altra parte, stare sul ponte aiuta a lasciare che il vento spazzi via tutte le preoccupazioni della routine quotidiana.\n\t\t\t\t\t\t\t\t\t<\/p>\n\t\t\t\t\t\t\t\t\t<p>\n\t\t\t\t\t\t\t\t\tIl vostro benessere sar\u00e0 assicurato a bordo. Non c'\u00e8 bisogno di sentire la mancanza di comfort, poich\u00e9 la maggior parte delle navi dispone di una piscina e di una sauna. Le cabine, arredate in modo confortevole, sono il pi\u00f9 delle volte pi\u00f9 grandi di quelle di una nave da crociera. \n\t\t\t\t\t\t\t\t\t<\/p>\n\t\t\t\t\t\t\t\t<\/div>\n\t\t\t\t\t\t\t\t<!--\/ Content text box -->\n\t\t\t\t\t\t\t<\/div>\n\t\t\t\t\t\t\t<!--\/ col-md-12 col-sm-12 -->\n\t\t\t\t\t\t<\/div>\n\t\t\t\t\t\t<!--\/ row hg_col_eq_last p-top-6 p-left-6 -->\n\t\t\t\t\t<\/div>\n\t\t\t\t\t<!--\/ col-md-7 col-sm-7 -->\n\t\t\t\t<\/div>\n\t\t\t\t<!--\/ row -->\n\t\t\t<\/div>\n\t\t\t<!--\/ full-width -->\n\t\t<\/section>\n\t\t<!--\/ Border animation button style 1 - full width section -->","protected":false},"excerpt":{"rendered":"<p>Caribbean holidays are a colourful cocktail of silvery sand, teal-tintedwater and emerald rainforests.Plus, there are more historical sights than you can shake a guide book at. [wd_asp id=2] Caribbean cargo ship travel Tear yourself away from your sunbed for a day or two and you&rsquo;ll find that most of the countries in the Caribbean have [&hellip;]<\/p>","protected":false},"author":1,"featured_media":883,"parent":0,"menu_order":0,"comment_status":"closed","ping_status":"closed","template":"","meta":[],"yst_prominent_words":[11,8,55,243,241,240,242,244,181,247,122,245,239,223,246,57,60,65,14,226],"acf":[],"_links":{"self":[{"href":"https:\/\/cargoholidays.com\/it\/wp-json\/wp\/v2\/pages\/316"}],"collection":[{"href":"https:\/\/cargoholidays.com\/it\/wp-json\/wp\/v2\/pages"}],"about":[{"href":"https:\/\/cargoholidays.com\/it\/wp-json\/wp\/v2\/types\/page"}],"author":[{"embeddable":true,"href":"https:\/\/cargoholidays.com\/it\/wp-json\/wp\/v2\/users\/1"}],"replies":[{"embeddable":true,"href":"https:\/\/cargoholidays.com\/it\/wp-json\/wp\/v2\/comments?post=316"}],"version-history":[{"count":0,"href":"https:\/\/cargoholidays.com\/it\/wp-json\/wp\/v2\/pages\/316\/revisions"}],"wp:featuredmedia":[{"embeddable":true,"href":"https:\/\/cargoholidays.com\/it\/wp-json\/wp\/v2\/media\/883"}],"wp:attachment":[{"href":"https:\/\/cargoholidays.com\/it\/wp-json\/wp\/v2\/media?parent=316"}],"wp:term":[{"taxonomy":"yst_prominent_words","embeddable":true,"href":"https:\/\/cargoholidays.com\/it\/wp-json\/wp\/v2\/yst_prominent_words?post=316"}],"curies":[{"name":"wp","href":"https:\/\/api.w.org\/{rel}","templated":true}]}}