{"id":500,"date":"2021-02-09T02:22:03","date_gmt":"2021-02-09T02:22:03","guid":{"rendered":"https:\/\/cargoholidays.com\/?page_id=500"},"modified":"2021-02-12T00:09:10","modified_gmt":"2021-02-12T00:09:10","slug":"cargo-ship-travel-uk-from-southampton","status":"publish","type":"page","link":"https:\/\/cargoholidays.com\/fr\/cargo-ship-travel-uk-from-southampton","title":{"rendered":"Voyage en cargo au Royaume-Uni depuis Southampton"},"content":{"rendered":"<!-- Slideshow static content element + Bottom mask style 2  --><div class=\"kl-slideshow static-content__slideshow uh_light_gray maskcontainer--shadow_ud\">\n            <div class=\"bgback\">\n            <\/div>\n\n            <!-- Static content wrapper with custom minimum height (500px) = .min-500 -->\n            <div class=\"kl-slideshow-inner static-content__wrapper min-500\">\n                <!-- Static content source -->\n                <div class=\"static-content__source\">\n                    <!-- Background -->\n                    <div class=\"kl-bg-source\">\n                        <!-- Background image -->\n                        <div class=\"kl-bg-source__bgimage\" style=\"background-image:url(https:\/\/cargoholidays.com\/wp-content\/uploads\/2021\/02\/CARGOHOLIDAYS-CARGO-SHIP-TRAVEL-CARGO-CRUISE-CARGO-TRAVEL-FREIGHT-HOLIDAYS-CARGO-SHIP-CARGOHOLIDAYS15.jpg); background-repeat:no-repeat; background-attachment:scroll; background-position-x:center; background-position-y:center; background-size:cover;\">\n                        <\/div>\n                        <!-- Background image -->\n\n                        <!-- Gradient overlay -->\n                        <div class=\"kl-bg-source__overlay\" style=\"background:rgba(30,115,190,0.3); background: -moz-linear-gradient(left, rgba(30,115,190,0.3) 0%, rgba(53,53,53,0.3) 100%); background: -webkit-gradient(linear, left top, right top, color-stop(0%,rgba(30,115,190,0.3)), color-stop(100%,rgba(53,53,53,0.3))); background: -webkit-linear-gradient(left, rgba(30,115,190,0.3) 0%,rgba(53,53,53,0.3) 100%); background: -o-linear-gradient(left, rgba(30,115,190,0.3) 0%,rgba(53,53,53,0.3) 100%); background: -ms-linear-gradient(left, rgba(30,115,190,0.3) 0%,rgba(53,53,53,0.3) 100%); background: linear-gradient(to right, rgba(30,115,190,0.3) 0%,rgba(53,53,53,0.3) 100%);\">\n                        <\/div>\n                        <!--\/ Gradient overlay -->\n                    <\/div>\n                    <!--\/ Background -->\n\n                    <!-- Animated Sparkles -->\n                    <div class=\"th-sparkles\"><\/div>\n                    <!--\/ Animated Sparkles -->\n                <\/div>\n                <!--\/ .static-content__source -->\n\n                <!-- Static content container -->\n                <div class=\"static-content__inner container\">\n                    <!-- Container with safe padding default top 150px --> \n                    <div class=\"kl-slideshow-safepadding sc__container\">\n                        <!-- Static content wrapper -->\n                        <div class=\"static-content default-style\">\n                            <!-- Title -->   \n                            <h3 class=\"static-content__subtitle text-left\">\n                                <span class=\"fw-thin\">Voyage en cargo au Royaume-Uni depuis Southampton<span data-rel=\"tooltip\" data-placement=\"top\" title=\"\" data-animation=\"true\" data-original-title=\"CARGOHOLIDAYS\"><\/span><\/span>\n                                <br> \n                                \n                            <\/h3>\n                            <!--\/ Title -->\n\n                            <!-- Info pop-up fade animation left aligned with top arrow -->\n                            <div class=\"static-content__infopop animated fadeBoxIn sc-infopop--left\" data-arrow=\"top\">\n                                <!-- Buy button -->\n                                <a class=\"sc-infopop__btn\" href=\"\/fr\/void(%24zopim.livechat.window.openPopout())\/\" target=\"_self\" rel=\"noopener noreferrer\">CHAT EN DIRECT<\/a>\n                                <!--\/ Buy button -->\n\n                                <!-- Info Text -->\n                                <h5 class=\"sc-infopop__text\"><strong>CONTACT<\/strong> US<\/h5>\n                                <!--\/ Info Text -->\n\n                                <div class=\"clear\">\n                                <\/div>\n                            <\/div>\n       \n                        <\/div>\n                        <!--\/ .static-content -->\n                    <\/div>\n                    <!--\/ Container with safe padding default top 150px -->\n                <\/div>\n                <!--\/ .kl-slideshow-inner__inner -->\n            <\/div>\n            <!--\/ Static content wrapper with custom minimum height (500px) = .min-500 -->\n\n            <!-- Bottom mask style 2  -->\n            <div class=\"kl-bottommask kl-bottommask--shadow_ud\">\n            <\/div>\n            <!--\/ Bottom mask style 2  -->\n        <\/div>\n        <!--\/ Slideshow static content element + Bottom mask style 2  -->\n\n        <!-- CALL-OUT BANNER \/ STYLE 2 section -->\n        <section class=\"hg_section bg-white\">\n            <div class=\"container\">\n                <div class=\"row\">\n                    <div class=\"col-md-12 col-sm-12\"> \n\n                        <!-- Call-out banner element - style 2 -->\n                        <div class=\"callout-banner clearfix\">\n                            <div class=\"row\">\n                                <div class=\"col-sm-12\">\n                                    <!-- Title -->  \n                                      <h3 class=\"m_title\"><span class=\"fw-thin\">Voyage en cargo au Royaume-Uni depuis Southampton<span class=\"fw-semibold\"><\/span><\/span><\/h3> \n                                <\/div>\n                                <!--\/ col-sm-10 -->\n \n                            <\/div>\n                            <!--\/ row -->\n                        <\/div>\n                        <!--\/ Call-out banner element - style 2 -->\n                    <\/div>\n                    <!--\/ col-md-12 col-sm-12 -->\n                <\/div>\n                <!--\/ row -->\n            <\/div>\n            <!--\/ container -->\n        <\/section>\n        <!--\/ CALL-OUT BANNER \/ STYLE 2 section -->\n     <!-- Progress bars skill section -->\n        <section class=\"hg_section pt-70 pb-10\">\n            <div class=\"container\">\n                <div class=\"row\">\n                    \n                    <div class=\"col-sm-6 col-md-6\">\n                        <!-- Media container with custom content -->\n                        <div class=\"media-container media-container--type-pb h-600\">\n                            <!-- Background -->\n                            <div class=\"kl-bg-source\">\n                                <!-- IMAGE A REMETTRE https:\/\/UKMOTO.fr\/wp-content\/uploads\/2017\/07\/london7.jpg -->                                         \n                                <div class=\"kl-bg-source__bgimage\" style=\"background-image:url(https:\/\/cargoholidays.com\/wp-content\/uploads\/2021\/02\/CARGOHOLIDAYS-CARGO-SHIP-TRAVEL-CARGO-CRUISE-CARGO-TRAVEL-FREIGHT-HOLIDAYS-CARGO-SHIP-CARGOHOLIDAYS16-scaled.jpg);background-repeat:repeat;background-attachment:scroll;background-position:center center;background-size:cover\">\n                                <\/div>\n\n                                <!-- Overlay -->\n                                <div class=\"kl-bg-source__overlay\" style=\"background: rgba(10,10,10,0.16); background: -moz-linear-gradient(top,  rgba(10,10,10,0.16) 0%, rgba(20,20,20,0.76) 100%); background: -webkit-gradient(linear, left top, left bottom, color-stop(0%,rgba(10,10,10,0.16)), color-stop(100%,rgba(20,20,20,0.76))); background: -webkit-linear-gradient(top,  rgba(10,10,10,0.16) 0%,rgba(20,20,20,0.76) 100%); background: -o-linear-gradient(top,  rgba(10,10,10,0.16) 0%,rgba(20,20,20,0.76) 100%); background: -ms-linear-gradient(top,  rgba(10,10,10,0.16) 0%,rgba(20,20,20,0.76) 100%); background: linear-gradient(to bottom,  rgba(10,10,10,0.16) 0%,rgba(20,20,20,0.76) 100%); \">\n                                <\/div>\n                            <\/div>\n                            <!--\/ Background -->\n\n                            <div class=\"media-container-pb media-container-pb--alg-bottom\">\n                                <div class=\"row\">\n                                    <div class=\"col-lg-offset-2 col-md-offset-2 col-sm-offset-2 col-md-8 col-sm-8\">\n                                        <!-- Title -->\n                                        <div class=\"kl-title-block clearfix text-center tbk-icon-pos--after-title\">\n                                            <h2 class=\"white fw-bold\">Voyage en cargo au Royaume-Uni depuis Southampton<\/h2>\n                                        <\/div>\n                                    <\/div>\n                                    <!--\/ col-lg-offset-2 col-md-offset-2 col-sm-offset-2 col-md-8 col-sm- -->\n\n                                    <div class=\"col-md-12 col-sm-12\">\n                                        <!-- Content -->\n                                        <div class=\"prt-hover-slidein\">\n                                            <!-- Sub-title -->\n                                            <div class=\"kl-title-block clearfix text-center tbk-icon-pos--after-title\">\n                                                <h4 class=\"tbk__subtitle\">CARGOHOLIDAYS LA MEILLEURE CROISI\u00c8RE DE FRET ARROUND<\/h4>\n                                            <\/div>\n                                            <!--\/ Sub-title -->\n                                        <\/div>\n                                        <!--\/ Content -->\n                                    <\/div>\n                                    <!--\/ col-md-12 col-sm-12 -->\n                                <\/div>\n                                <!--\/ row -->\n                            <\/div>\n                            <!--\/ media container content -->\n                        <\/div>\n                        <!--\/ Media container with custom content -->\n\n                    <\/div>\n                    <!-- col-sm-6 col-md-6 -->\n\n                   <div class=\"col-sm-6 col-md-6\">\n\n\n\n<h2>Voyage en cargo au Royaume-Uni depuis Southampton<\/h2>\n \n\n<p>\nVoyage en cargo au Royaume-Uni \u00e0 partir de Southampton et de nombreux cargos ont quelques cabines libres qu'ils vendent \u00e0 des passagers payants. Les itin\u00e9raires possibles vont de quelques jours en M\u00e9diterran\u00e9e \u00e0 des voyages mondiaux \u00e9piques. La compagnie maritime fran\u00e7aise CMA CGM propose un voyage aller-retour entre Tilbury, dans l'Essex, et la Nouvelle-Z\u00e9lande pour 10 000 euros, \u00e0 une seule condition : que l'\u00e2ge maximal soit de 80 ans. Il faut trois mois et un certain type de voyageur. Les avions de luxe plut\u00f4t que les cargos Le Royaume-Uni, les trains et les yachts ont leurs plaisirs, mais mon moyen de transport pr\u00e9f\u00e9r\u00e9 est un puissant cargo charg\u00e9 de caisses en acier sur des cargos. J'ai ador\u00e9 les 125 000 tonnes du mien. Il m'a fait d\u00e9couvrir un autre monde en voyageant en bateau.\n<\/p>\n\n\n\n\n <p>\nIl semble qu'il y ait de nombreux avantages \u00e0 voyager en cargo au d\u00e9part de Southampton.\n\n    Vous n'\u00eates pas soumis \u00e0 une restriction de bagages et vous n'avez pas besoin de d\u00e9monter votre v\u00e9lo pour le mettre dans une petite bo\u00eete.\n    Vous avez une chambre et un lit, ce qui vous permet de dormir tranquillement pendant les voyages de nuit.\n    C'est tr\u00e8s relaxant, vous traversez les fuseaux horaires lentement pour ne pas subir le d\u00e9calage horaire.\n    Vous n'avez pas besoin de faire la queue pour la douane et la quarantaine. Ils viennent \u00e0 vous.\n    Vous rencontrez des personnages tr\u00e8s int\u00e9ressants au cours de votre voyage en cargo au Royaume-Uni.\n    C'est formidable de voir comment la vie, le travail et les loisirs vont de pair sur un navire et dans un port.\n    Tous les repas sont inclus dans le prix du voyage en bateau...\n <\/p>\n\n\n\n\n\n                    <\/div>\n                    <!--\/ col-sm-6 -->\n\n                <\/div>\n                <!--\/ row -->\n            <\/div>\n            <!--\/ container -->\n        <\/section>\n        <!--\/ Progress bars skill section --> \n\n          \n  <!-- Hover boxes section -->\n        <section class=\"hg_section ptop-20 pbottom-20\">\n            <div class=\"container\">\n                <div class=\"row\">\n                 \n\n                    <div class=\"col-md-4 col-sm-4\">\n                        <!-- Hover box element -->\n                        <div>\n                            <!-- Link box with background color -->\n                            <a href=\"#register_panel\" style=\"background-color: #4672B0;\" class=\"hover-box hover-box-2  popup-with-form\">\n                                <!-- Hover icon -->\n                                <span class=\"hb-circle\"><\/span>\n                                <!--\/ Hover icon -->\n\n                                <!-- Image\/Icon -->\n                                <img src=\"https:\/\/cargoholidays.com\/wp-content\/uploads\/2019\/06\/quote1.png\" class=\"hb-img rb-right\" alt=\"CARGOHOLIDAYS CARGO VOYAGE NAVIRE VOYAGE MER VACANCES\" title=\"CARGOHOLIDAYS CARGO VOYAGE NAVIRE VOYAGE MER VACANCES\">\n                                <!--\/ Image\/Icon -->\n\n                                <!-- Title -->\n                                <h3>Demande de renseignements<\/h3>\n                                <!--\/ Title -->\n\n                                <!-- Description -->\n                                <p>\n                                  Demande de renseignements<br>\n                               Nous vous r\u00e9pondrons dans les 24 heures !\n                                <\/p>\n                                <!--\/ Description -->\n                            <\/a>\n                            <!--\/ Link box with background color -->\n                        <\/div>\n                        <!--\/ Hover box element -->\n                    <\/div>\n                    <!--\/ col-md-4 col-sm-4 -->\n\n                    <div class=\"col-md-4 col-sm-4\">\n                        <!-- Hover box element -->\n                        <div>\n                            <!-- Link box with background color-->\n                            <a href=\"#\" id=\"MyLiveChatScriptButton\" onclick=\"MyLiveChat_OpenDialog()\" style=\"background-color: #4672B0;\" class=\"hover-box hover-box-2\">\n                                <!-- Hover icon -->\n                                <span class=\"hb-circle\"><\/span>\n                                <!-- Hover icon -->\n\n                                <!-- Image\/Icon -->\n                                <img src=\"https:\/\/cargoholidays.com\/wp-content\/uploads\/2019\/06\/quote1.png\" class=\"hb-img rb-right\" alt=\"CARGOHOLIDAYS CARGO VOYAGE NAVIRE VOYAGE MER VACANCES\" title=\"CARGOHOLIDAYS CARGO VOYAGE NAVIRE VOYAGE MER VACANCES\">\n                                <!--\/ Image\/Icon -->\n\n                                <!-- Title -->\n                                <h3>Chat en direct<\/h3>\n                                <!--\/ Title -->\n\n                                <!-- Subtitle -->\n                                <h4>Parlez \u00e0 notre \u00e9quipe de vacances ! <\/h4>\n                                <!-- Subtitle -->\n\n                                <!-- Description -->\n                                <p>\n                                   Nos conseillers sont tout \u00e0 fait dispos\u00e9s \u00e0 vous r\u00e9pondre.<br>\n                                     \n                                <\/p>\n                                <!--\/ Description -->\n                            <\/a>\n                            <!--\/ Link box with background color -->\n                        <\/div>\n                        <!--\/ Hover box element -->\n                    <\/div>\n                    <!--\/ col-md-4 col-sm-4 -->\n\n                    <div class=\"col-md-4 col-sm-4\">\n                        <!-- Hover box element -->\n                        <div>\n                            <!-- Link box with background image -->\n                            <a href=\"\" style=\"background-image:url(https:\/\/cargoholidays.com\/wp-content\/uploads\/2019\/06\/hb-catalogue1.png); background-color: #4672B0; background-size:cover\" class=\"hover-box hover-box-3\">\n                                <!-- Image\/Icon -->\n                                <img src=\"https:\/\/cargoholidays.com\/wp-content\/uploads\/2019\/06\/hb-catalogue1.png\" class=\"hb-img\" alt=\"CARGOHOLIDAYS CARGO VOYAGE NAVIRE VOYAGE MER VACANCES\" title=\"CARGOHOLIDAYS CARGO VOYAGE NAVIRE VOYAGE MER VACANCES\">\n                                <!--\/ Image\/Icon -->\n\n                                <!-- Title -->\n                                <h3>T\u00e9l\u00e9chargez notre brochure<\/h3>\n                                <!--\/ Title -->\n\n                                <!-- Description -->\n                                <p>\n                                   Trouvez les prix et les offres de 2019 dans notre brochrure\n                                <\/p>\n                                <!--\/ Description -->\n                            <\/a>\n                            <!--\/ Link box with background image -->\n                        <\/div>\n                        <!--\/ Hover box element -->\n                    <\/div>\n                    <!--\/ col-md-4 col-sm-4 -->\n                <\/div>\n                <!--\/ row -->\n              <br>  <div class=\"row\"> [smartslider3 slider=3] \n?&gt;<\/div>\n            <\/div>\n            <!--\/ container -->\n        <\/section>\n        <!--\/ Hover boxes section -->\n \n        <!--   \n        <section class=\"hg_section--relative ptop-160 pbottom-160\"> \n            <div class=\"kl-bg-source\"> \n                <div class=\"kl-bg-source__bgimage\" style=\"background-image:url(https:\/\/UKMOTO.fr\/wp-content\/uploads\/2017\/11\/bureau-1-2.jpg); background-repeat:no-repeat; background-attachment:scroll; background-position-x:center; background-position-y:center; background-size:cover\">\n                <\/div>\n               \n                <div class=\"kl-bg-source__overlay\" style=\"background-color:rgba(1,11,17,0.8)\">\n                <\/div>\n            \n            <\/div> \n\n            <div class=\"container\">\n                <div class=\"row\">\n                    <div class=\"col-md-12 col-sm-12\"> \n                        <div class=\"kl-title-block clearfix tbk--text-light text-center tbk--color-theme tbk-symbol--line tbk-icon-pos--after-title\">\n                          \n                            <h3 class=\"tbk__title \">RECHERCHER<\/h3> \n                            <div class=\"tbk__symbol \">\n                                <span><\/span>\n                            <\/div> \n                        <\/div> \n                    <\/div> \n\n                    <div class=\"col-md-12 col-sm-12\"> \n                        <div class=\"elm-searchbox elm-searchbox--transparent2 elm-searchbox--eff-normal\"> \n                            <div class=\"elm-searchbox__inner\">\n                                <form class=\"elm-searchbox__form\" action=\"https:\/\/UKMOTO.fr\" method=\"get\" target=\"_blank\">\n                                    <input name=\"s\" maxlength=\"30\" class=\"elm-searchbox__input\" type=\"text\" size=\"20\" value=\"\" placeholder=\"Entrer ce que vous desirez rechercher ..\">\n                                    <button type=\"submit\" id=\"searchbox_submit\" class=\"elm-searchbox__submit\">RECHERCHER<\/button>\n                                    <div class=\"clearfix\">\n                                    <\/div>\n                                <\/form>\n                            <\/div> \n                        <\/div> \n                    <\/div> \n                <\/div> \n            <\/div> \n        <\/section> \n         -->","protected":false},"excerpt":{"rendered":"<p>Cargo ship travel UK from southampton LIVE CHAT CONTACT US Cargo ship travel UK from southampton Cargo ship travel UK from southampton CARGOHOLIDAYS THE BEST FREIGHT CRUISE ARROUND Cargo ship travel UK from southampton Cargo ship travel UK from southampton and Many cargo ships have a couple of spare cabins which they will sell to [...].<\/p>","protected":false},"author":1,"featured_media":449,"parent":0,"menu_order":0,"comment_status":"closed","ping_status":"closed","template":"","meta":[],"yst_prominent_words":[11,8,55,400,124,129,121,518,123,120,292,512,401,517,514,513,516,515,101],"acf":[],"_links":{"self":[{"href":"https:\/\/cargoholidays.com\/fr\/wp-json\/wp\/v2\/pages\/500"}],"collection":[{"href":"https:\/\/cargoholidays.com\/fr\/wp-json\/wp\/v2\/pages"}],"about":[{"href":"https:\/\/cargoholidays.com\/fr\/wp-json\/wp\/v2\/types\/page"}],"author":[{"embeddable":true,"href":"https:\/\/cargoholidays.com\/fr\/wp-json\/wp\/v2\/users\/1"}],"replies":[{"embeddable":true,"href":"https:\/\/cargoholidays.com\/fr\/wp-json\/wp\/v2\/comments?post=500"}],"version-history":[{"count":0,"href":"https:\/\/cargoholidays.com\/fr\/wp-json\/wp\/v2\/pages\/500\/revisions"}],"wp:featuredmedia":[{"embeddable":true,"href":"https:\/\/cargoholidays.com\/fr\/wp-json\/wp\/v2\/media\/449"}],"wp:attachment":[{"href":"https:\/\/cargoholidays.com\/fr\/wp-json\/wp\/v2\/media?parent=500"}],"wp:term":[{"taxonomy":"yst_prominent_words","embeddable":true,"href":"https:\/\/cargoholidays.com\/fr\/wp-json\/wp\/v2\/yst_prominent_words?post=500"}],"curies":[{"name":"wp","href":"https:\/\/api.w.org\/{rel}","templated":true}]}}