{"id":328,"date":"2020-02-07T04:16:55","date_gmt":"2020-02-07T04:16:55","guid":{"rendered":"https:\/\/cargoholidays.com\/?page_id=328"},"modified":"2021-02-12T14:26:32","modified_gmt":"2021-02-12T14:26:32","slug":"far-east-cargo-ship-travel-far-east-cargoship-voyage-travel-by-far-east-cargo-ship-cargoholidays-voyages-en-cargo-far-east-freighter-travel","status":"publish","type":"page","link":"https:\/\/cargoholidays.com\/fr\/far-east-cargo-ship-travel-far-east-cargoship-voyage-by-far-east-cargo-ship-cargoholidays-voyages-en-cargo-far-east-freighter-travel","title":{"rendered":"Voyage en cargo d'Extr\u00eame-Orient Voyage en cargo d'Extr\u00eame-Orient Voyage en cargo d'Extr\u00eame-Orient cargoholidays voyages en cargo Voyage en cargo d'Extr\u00eame-Orient"},"content":{"rendered":"<!-- Slideshow - Simple boxes + bottom mask style 1 and scrollme effect --><div class=\"kl-slideshow static-content__slideshow uh_zn_def_header_style maskcontainer--shadow scrollme\">\n\t\t\t<div class=\"bgback\">\n\t\t\t<\/div>\n\n\t\t\t<!-- Static content wrapper with default height (not fullscreen) -->\n\t\t\t<div class=\"kl-slideshow-inner static-content__wrapper static-content--height\">\n\t\t\t\t<!-- Static content background source with animateme effect -->\n\t\t\t\t<div class=\"static-content__source animateme\" data-when=\"span\" data-from=\"0\" data-to=\"0.75\" data-easing=\"linear\" data-translatey=\"300\">\n\t\t\t\t\t<!-- Background -->\n\t\t\t\t\t<div class=\"kl-bg-source\">\n\t\t\t\t\t\t<!-- Background image -->\n\t\t\t\t\t\t<div class=\"kl-bg-source__bgimage\" style=\"background-image:url(https:\/\/cargoholidays.com\/wp-content\/uploads\/2020\/02\/Far-East-cargo-ship-travel-Far-East-cargoship-voyage-travel-by-Far-East-cargo-ship-cargoholidays-voyages-en-cargo-Far-East-freighter-travel234.jpg); background-repeat:no-repeat; background-attachment:scroll; background-position-x:center; background-position-y:center; background-size:cover\">\n\t\t\t\t\t\t<\/div>\n\t\t\t\t\t\t<!--\/ Background image -->\n\n\t\t\t\t\t\t<!-- Color overlay -->\n\t\t\t\t\t\t<div class=\"kl-bg-source__overlay\" style=\"background-color:rgba(53,53,53,0.6)\">\n\t\t\t\t\t\t<\/div>\n\t\t\t\t\t<\/div>\n\t\t\t\t\t<!--\/ Background -->\n\n\t\t\t\t\t<!-- Animated Sparkles -->\n\t\t\t\t\t<div class=\"th-sparkles\"><\/div>\n\t\t\t\t\t<!--\/ Animated Sparkles -->\n\t\t\t\t<\/div>\n\t\t\t\t<!--\/ .static-content__source .animateme -->\n\n\n\t\t\t\t<div class=\"static-content__inner container\">\n\t\t\t\t\t<!-- Container with animateme effect and safe padding default top 150px -->\n\t\t\t\t\t<div class=\"kl-slideshow-safepadding sc__container animateme\" data-when=\"span\" data-from=\"0\" data-to=\"0.75\" data-translatey=\"200\" data-opacity=\"0.1\" data-easing=\"linear\">\n\t\t\t\t\t\t<!-- Boxes style -->\n\t\t\t\t\t\t<div class=\"static-content boxes-style\">\n\t\t\t\t\t\t\t<!-- Sub-title --> \n\t\t\t\t\t\t\t<h3 class=\"static-content__subtitle text-center\">Tous les sens sont sollicit\u00e9s dans cette r\u00e9gion dynamique,<span class=\"fw-semibold\">o\u00f9 les voyageurs curieux sont confront\u00e9s \u00e0 une culture fascinante et \u00e0 une histoire riche,<\/span><span data-rel=\"tooltip\" data-placement=\"top\" title=\"\" data-animation=\"true\" data-original-title=\"Highly premium actually\">et un sens sauvage de l'aventure. Succombez \u00e0 l'attrait de l'Extr\u00eame-Orient et vous d\u00e9couvrirez un monde merveilleusement diff\u00e9rent de votre propre voyage en cargo en Extr\u00eame-Orient.<\/span><\/h3>  \n\t\t\t\t\t\t\t<!-- Sub-title --> \n\t\t\t\t\t\t<\/div>\n\t\t\t\t\t\t<!--\/ .boxes-style -->\n\t\t\t\t\t<\/div>\n\t\t\t\t\t<!--\/ Container with animateme effect and safe padding default top 150px -->\n\t\t\t\t<\/div>\n\t\t\t\t<!--\/ .static-content__inner -->\n\t\t\t<\/div>\n\t\t\t<!--\/ .static-content__wrapper -->\n\n\t\t\t<!-- Bottom mask style 1 -->\n\t\t\t<div class=\"kl-bottommask kl-bottommask--shadow\">\n\t\t\t<\/div>\n\t\t\t<!--\/ Bottom mask style 1 -->\n\t\t<\/div>\n\t\t<!--\/ Slideshow - Simple boxes + bottom mask style 1 and scrollme effect -->\n<!-- Search box section -->\n\t\t<section class=\"hg_section--relative ptop-0 pbottom-20\">\n\t\t\t<!-- Section background -->\n\t\t\t<div class=\"kl-bg-source\">\n\t\t\t\t<!-- Background image -->\n\t\t\t\t<div class=\"kl-bg-source__bgimage\" style=\"background-image:url(https:\/\/mlkyachts.com\/wp-content\/uploads\/2020\/02\/Yacht-destinations-Caribbean-yacht-holidays-Caribbean-yacht-charter21.jpg);background-repeat:no-repeat;background-attachment:scroll;background-position-x:center;background-position-y:center;background-size:cover\">\n\t\t\t\t<\/div>\n\t\t\t\t<!-- Background image -->\n\n\t\t\t\t<!-- Color overlay -->\n\t\t\t\t<div class=\"kl-bg-source__overlay\" style=\"background-color:rgba(50,58,55,0.8)\">\n\t\t\t\t<\/div>\n\t\t\t\t<!--\/ Color overlay -->\n\t\t\t<\/div>\n\t\t\t<!--\/ Section background -->\n\n\n\t\t\t<div class=\"container\">\n \n\n\t\t\t\t<div class=\"row\">\n\t\t\t\t\t<div class=\"col-md-12 col-sm-12\">\n\t\t\t\t\t\t<!-- Section title -->\n\t\t\t\t\t\t<div class=\"kl-title-block clearfix tbk--text-light text-center tbk--color-theme tbk-symbol--line tbk-icon-pos--after-title\"> \n\t\t\t\t\t\t\t<!-- Title -->\n\n\t\t\t\t\t\t\t<!-- Title bottom symbol -->\n\t\t\t\t\t\t\t<div class=\"tbk__symbol\">\n\t\t\t\t\t\t\t\t<span><\/span>\n\t\t\t\t\t\t\t<\/div>\n\t\t\t\t\t\t\t<!--\/ Title bottom symbol -->\n\t\t\t\t\t\t<\/div>\n\t\t\t\t\t\t<!--\/ Section title -->\n\t\t\t\t\t<\/div>\n\t\t\t\t\t<!--\/ col-md-12 col-sm-12 -->\n\n\t\t\t\t\t<div class=\"col-md-12 col-sm-12\">\n\t\t\t\t\t\t<!-- Search box transparent style element -->\n\t\t\t\t\t\t<div class=\"elm-searchbox elm-searchbox--transparent2 elm-searchbox--eff-typing\">\n\t\t\t\t\t\t\t<!-- Search box wrapper -->\n\t\t\t\t\t\t\t<div class=\"elm-searchbox__inner\">\n\t\t\t\t\t\t\t[wd_asp id=2]\n\t\t\t\t\t\t\t<\/div>\n\t\t\t\t\t\t\t<!--\/ Search box wrapper -->\n\t\t\t\t\t\t<\/div>\n\t\t\t\t\t\t<!--\/ Search box transparent style element -->\n\t\t\t\t\t<\/div>\n\t\t\t\t\t<!--\/ col-md-12 col-sm-12 -->\n\t\t\t\t<\/div>\n\t\t\t\t<!--\/ row -->\n\t\t\t<\/div>\n\t\t\t<!--\/ container -->\n\t\t<\/section>\n\t\t<!--\/ Search box section -->\n\t\t<!-- Content section -->\n\t\t<section class=\"hg_section\">\n\t\t\t<div class=\"container\">\n\t\t\t\t\n\t\t\t\t<div class=\"row\"> \t<script type=\"text\/javascript\">\n\n\t\tif ( 'undefined' === typeof lscfShortcodeData ) {\n\t\t\tvar lscfShortcodeData = [];\n\t\t}\n\n\t\t\/\/ split wp-content string to avoid the url to be rewriten by some CDN providers\n\t\tlscfShortcodeData.push({\n\t\t\t'ID':'wxahrtjbwwtdypu_5',\n\t\t\t'wpml': '0',\n\t\t\t'lang': '',\n\t\t\t'postType':'cargoshipdestination',\n\t\t\t'post_per_page':'15',\n\t\t\t'plugin_url':'https:\/\/cargoholidays.com\/wp-content\/plugins\/live-search-and-custom-fields\/',\n\t\t\t'site_url':'https:\/\/cargoholidays.com',\n\t\t\t'ajax_url':'https:\/\/cargoholidays.com\/wp-admin\/admin-ajax.php',\n\t\t\t'rest_api_uri': 'https:\/\/cargoholidays.com\/fr\/wp-json\/',\n\t\t\t'options':{\"writing\":{\"load_more\":\"Load more\",\"view\":\"View\",\"any\":\"Any\",\"select\":\"Select\",\"filter\":\"Filter\",\"add_to_cart\":\"Add to Cart\",\"see_more\":\"See More\",\"see_less\":\"See Less\",\"no_results\":\"No Results\",\"sort_by\":\"Sort By\",\"sort_asc\":\"ASC\",\"sort_desc\":\"DESC\",\"date\":\"Date\",\"title\":\"Title\",\"close\":\"Close Filter\",\"search\":\"Search\",\"price\":\"Price\",\"grid\":\"Grid\",\"reset_filters\":\"Reset Filters\"},\"reset_button\":0,\"grid_view\":0,\"see_more\":\"See More\",\"filter_type\":\"custom-posts\",\"run_shortcodes\":0,\"disable_empty_option_on_filtering\":0,\"infinite_scrolling\":0,\"checkboxes_conditional_logic\":\"or\",\"lscf_custom_fields_order_as\":\"number\",\"order_by\":{\"items\":\"\"},\"default_order_by\":\"post_date\",\"url_history\":0,\"instant_search\":1,\"general_search_by\":{\"items\":[{\"id\":\"post_title\",\"name\":\"Title\"},{\"id\":\"post_content\",\"name\":\"Post Content\"}]},\"general_search_conditional_logic\":\"and\",\"general_search_algorithm\":\"algorithm-1\",\"range_filtering_type\":\"lscf_number\",\"pagination_type\":\"load-more\",\"hide_see_more_on_checkboxes_list\":0,\"woo_price_format\":0,\"woo_instock\":0},\n\t\t\t'settings':{\"main-color\":\"#1e88e5\",\"posts-per-page\":15,\"reset_button\":{\"status\":1,\"position\":\"bottom\",\"name\":\"Reset\"},\"theme\":{\"display\":\"default\",\"columns\":4,\"viewchanger\":{\"list\":1},\"link_type\":\"0\",\"sidebar\":{\"position\":\"left\"},\"posts_display_from\":{\"post_taxonomies\":{\"cargoshipdestination-categories\":{\"ID\":\"cargoshipdestination-categories\",\"group_type\":\"taxonomies\",\"tax\":{\"terms\":[{\"data\":{\"name\":\"FAR EAST\",\"value\":565}}]}},\"active_terms\":[\"565-cargoshipdestination-categories\"]}}},\"main-color-rgb\":\"30, 136, 229\",\"is_administrator\":0,\"redirect_page\":\"\"}\t\t});\n\n\t\tdocument.getElementsByTagName(\"body\")[0].setAttribute(\"ng-app\", \"lscf-app\");\n\n\t<\/script>\n\n\t\n<div id=\"lscf-filter-wrapper-wxahrtjbwwtdypu_5\" class=\"px-capf-wrapper row wide lscf-theme-default\">\n\n\n\t\t\t<div class=\"col-sm-12 col-md-12 col-lg-12 lscf-container pxfilter-list-only\" data-index=\"0\" ng-controller=\"pxfilterController\">\n\n\t\t\t\n\t\t\t<div class=\"row\" id=\"lscf-posts-wrapper\" ng-if=\"pluginSettings.existsPosts\" ng-class=\"{'lscf-administrator' : pluginSettings.filterSettings.is_administrator == 1 }\">\n\n\t\t\t\t<div ng-if=\"pluginSettings.filterSettings.theme.sidebar.position == 'left' || pluginSettings.filterSettings.theme.sidebar.position == 'top' \" class=\"{{ 'col-xs-12 ' +pluginSettings.className.sidebar+' px-filter-fields' }}\" ng-include=\"pluginSettings.pluginPath + 'app\/views\/filterFields.html'\">\n\t\t\t\t<\/div>\n\n\n\t\t\t\t<div class=\"{{ 'col-xs-12 ' + pluginSettings.className.posts_theme + 'lscf-posts' }}\">\n\n\t\t\t\t\t<div class=\"px-posts-overlay-loading px-hide\" ng-class=\"{'ang_ready' : loadMoreBtn.ready}\" ng-if=\"loadMoreBtn.postsLoading\">\n\n\t\t\t\t\t\t<img src=\"https:\/\/cargoholidays.com\/wp-content\/plugins\/live-search-and-custom-fields\/assets\/images\/loading_light.gif\" alt=\"loading light - Voyage en cargo en Extr\u00eame-Orient Voyage en cargo en Extr\u00eame-Orient Voyage en cargo en Extr\u00eame-Orient cargoholidays voyages en cargo Voyage en cargo en Extr\u00eame-Orient\" title=\"Voyage en cargo d&#039;Extr\u00eame-Orient Voyage en cargo d&#039;Extr\u00eame-Orient Voyage en cargo d&#039;Extr\u00eame-Orient cargoholidays voyages en cargo Voyage en cargo d&#039;Extr\u00eame-Orient\">\n\t\t\t\t\t<\/div>\n\n\t\t\t\t\t<div class=\"lscf-no-results-error px-hide\" ng-class=\"{'ang_ready' : loadMoreBtn.ready}\" ng-if=\"loadMoreBtn.noResults\">\n\t\t\t\t\t\t\t{{pluginSettings.generalSettings.writing.no_results}}\n\t\t\t\t\t<\/div>\n\n\t\t\t\t\t<div ng-switch=\"pluginSettings.filterSettings.theme.display\" ng-class=\" {'lscf-template-orderby-right-margin': 'woocommerce-grid-2' == pluginSettings.filterSettings.theme.display}\">\n\n\t\t\t\t\t\t<div class=\"lscf-order-by\" sort-by><\/div>\n\n\t\t\t\t\t\t<div ng-switch-when=\"default\">\n\n\t\t\t\t\t\t\t<div class=\"row filter-headline\">\n\n\t\t\t\t\t\t\t\t<div class=\"viewModeBlock col-sm-12 col-md-12 col-lg-12\">\n\n\t\t\t\t\t\t\t\t\t<div class=\"viewMode\">\n\t\t\t\t\t\t\t\t\t\t<div id=\"blockView\" class=\"glyphicon glyphicon-th\"><\/div>\n\t\t\t\t\t\t\t\t\t\t<div id=\"listView\" class=\"active glyphicon glyphicon-th-list\"><\/div>\n\t\t\t\t\t\t\t\t\t<\/div>\n\t\t\t\t\t\t\t\t<\/div>\n\t\t\t\t\t\t\t<\/div>\n\n\t\t\t\t\t\t\t<div id=\"lscf-posts-container-defaultTheme\" class=\"view lscf-posts-block lscf-grid-view\" viewmode-default><\/div>\n\n\t\t\t\t\t\t<\/div>\n\n\t\t\t\t\t\t<div ng-switch-when=\"accordion\" class=\"view lscf-posts-accordion lscf-posts-wrapper\">\n\t\t\t\t\t\t\t<div viewmode-accordion><\/div>\n\t\t\t\t\t\t<\/div>\n\n\t\t\t\t\t\t<div ng-switch-when=\"portrait\" class=\"view lscf-posts-portrait lscf-posts-wrapper lscf-grid-view\">\n\t\t\t\t\t\t\t<div viewmode-portrait><\/div>\n\t\t\t\t\t\t<\/div>\n\n\t\t\t\t\t\t<div ng-switch-when=\"basic-grid\" class=\"view lscf-posts-basic-grid lscf-posts-wrapper lscf-grid-view\">\n\t\t\t\t\t\t\t<div viewmode-basic-grid><\/div>\n\t\t\t\t\t\t<\/div>\n\n\t\t\t\t\t\t<div ng-switch-when=\"masonry-grid\" class=\"view lscf-posts-basic-grid lscf-posts-wrapper lscf-grid-view\">\n\t\t\t\t\t\t\t<div viewmode-masonry-grid><\/div>\n\t\t\t\t\t\t<\/div>\n\n\t\t\t\t\t\t<div ng-switch-when=\"woocommerce-grid\" class=\"view lscf-posts-basic-grid lscf-posts-wrapper lscf-grid-view\">\n\t\t\t\t\t\t\t<div viewmode-woocommerce><\/div>\n\t\t\t\t\t\t<\/div>\n\n\t\t\t\t\t\t<div ng-switch-when=\"woocommerce-grid-2\" class=\"lscf-posts-basic-grid lscf-posts-wrapper lscf-grid-view\">\n\t\t\t\t\t\t\t<div viewmode-woocommerce-grid><\/div>\n\t\t\t\t\t\t<\/div>\n\n\t\t\t\t\t\t<div ng-switch-when=\"custom-theme\" class=\"lscf-posts-wrapper lscf-custom-template-wrapper lscf-grid-view\">\n\t\t\t\t\t\t\t<div viewmode-custom><\/div>\n\t\t\t\t\t\t<\/div>\n\n\t\t\t\t\t<\/div>\n\t\t\t\t\t<div class=\"clear\"><\/div>\n\n\t\t\t\t\t<div ng-if=\" 'dynamic' === pluginSettings.generalSettings.pagination_type\" ng-class=\"{'lscf-pagination-ready' : true === dynamicPaginationReady}\" pagination-dynamic>\n\t\t\t\t\t\t<div class=\"lscf-dynamic-pagination-container\">\n\t\t\t\t\t\t\t<span ng-click=\"prevPage()\" class=\"lscf-dynamic-pag-prev\"><\/span>\n\t\t\t\t\t\t\t<span class=\"lscf-dynamic-pag-main\">\n\t\t\t\t\t\t\t\t<input ng-blur=\"onInputBlur()\" ng-model=\"activepage\" type=\"number\">  de {{actionSettings.pagesCount}}.\n\t\t\t\t\t\t\t<\/span>\n\t\t\t\t\t\t\t<span ng-click=\"nextPage()\" class=\"lscf-dynamic-pag-next\"><\/span>\n\t\t\t\t\t\t<\/div>\n\t\t\t\t\t\t<div class=\"clear\"><\/div>\n\t\t\t\t\t<\/div>\n\n\t\t\t\t\t<div ng-if=\" 'load-more' === pluginSettings.generalSettings.pagination_type &amp;&amp; loadMoreBtn.morePostsAvailable\" class=\"capf_loading px-hide\" ng-class=\"{'ang_ready' : loadMoreBtn.ready}\">\n\t\t\t\t\t\t\t<img ng-if=\"loadMoreBtn.loading\" src=\"https:\/\/cargoholidays.com\/wp-content\/plugins\/live-search-and-custom-fields\/assets\/images\/loading_light.gif\" alt=\"loading light - Voyage en cargo en Extr\u00eame-Orient Voyage en cargo en Extr\u00eame-Orient Voyage en cargo en Extr\u00eame-Orient cargoholidays voyages en cargo Voyage en cargo en Extr\u00eame-Orient\" title=\"Voyage en cargo d&#039;Extr\u00eame-Orient Voyage en cargo d&#039;Extr\u00eame-Orient Voyage en cargo d&#039;Extr\u00eame-Orient cargoholidays voyages en cargo Voyage en cargo d&#039;Extr\u00eame-Orient\">\n\t\t\t\t\t\t\t<br>\n\n\t\t\t\t\t\t\t<label class=\"loadMore\" ng-if=\"!loadMoreBtn.loading\" ng-click=\"load_more()\">\n\n\t\t\t\t\t\t\t\tChargez plus\t\t\t\t\t\t\t<\/label>\n\t\t\t\t\t<\/div>\n\t\t\t\t<\/div>\n\n\t\t\t\t<div ng-if=\"pluginSettings.filterSettings.theme.sidebar.position == 'right' \" class=\"{{ 'col-xs-12 ' +pluginSettings.className.sidebar+' px-filter-fields' }}\" ng-include=\"pluginSettings.pluginPath + 'app\/views\/filterFields.html'\">\n\t\t\t\t<\/div>\n\n\t\t\t<\/div>\n\n\t\t<\/div>\n\n\t<\/div>\n <\/div>\n\t\t\t\t<div class=\"row\">\n\t\t\t\t\t<div class=\"col-md-12 col-sm-12\">\n\t\t\t\t\t\t<!-- Title element with bottom line and sub-title with custom paddings -->\n\t\t\t\t\t\t<div class=\"kl-title-block clearfix tbk--left tbk-symbol--line tbk-icon-pos--after-title ptop-1 pbottom-15\">\n\t\t\t\t\t\t\t<!-- Title with custom montserrat font, size and black color --> \n\n\t\t\t\t\t\t\t<!-- Title bottom symbol -->\n\t\t\t\t\t\t\t<div class=\"tbk__symbol\">\n\t\t\t\t\t\t\t\t<span><\/span>\n\t\t\t\t\t\t\t<\/div>\n\t\t\t\t\t\t\t<!--\/ Title bottom symbol -->\n\n\t\t\t\t\t\t\t<!-- Sub-title with custom font size and thin style -->\n\t\t\t\t\t\t\t<h4 class=\"tbk__subtitle fs-30 fw-thin\">Voyage en cargo en Extr\u00eame-Orient<\/h4>\n\t\t\t\t\t\t<\/div> \n\t\t\t\t\t\t<!--\/ Title element with bottom line and sub-title -->\n\t\t\t\t\t<\/div>\n\t\t\t\t\t<!--\/ col-md-12 col-sm-12 -->\n\n\t\t\t\t\t<div class=\"col-md-4 col-sm-4\">\n\t\t\t\t\t\t<!-- Title element with bottom line -->\n\t\t\t\t\t\t<div class=\"kl-title-block clearfix tbk-symbol--line tbk-icon-pos--after-title\">\n\t\t\t\t\t\t\t<!-- Title with custom font size, gray color and extrabold style -->\n\t\t\t\t\t\t\t<h3 class=\"tbk__title fs-36 gray fw-extrabold\">Qu'il s'agisse de t\u00e9moignages d'anciennes civilisations, d'aper\u00e7us de l'avenir, de vastes paysages intacts ou de m\u00e9tropoles, l'Extr\u00eame-Orient regorge de diversit\u00e9.<\/h3>\n\n\t\t\t\t\t\t\t<!-- Title bottom symbol -->\n\t\t\t\t\t\t\t<div class=\"tbk__symbol\">\n\t\t\t\t\t\t\t\t<span><\/span>\n\t\t\t\t\t\t\t<\/div>\n\t\t\t\t\t\t\t<!--\/ Title bottom symbol -->\n\t\t\t\t\t\t<\/div>\n\t\t\t\t\t\t<!--\/ Title element with bottom line -->\n\t\t\t\t\t<\/div>\n\t\t\t\t\t<!--\/ col-md-4 col-sm-4 -->\n\n\t\t\t\t\t<div class=\"col-md-4 col-sm-4\">\n\t\t\t\t\t\t<!-- Text box element -->\n\t\t\t\t\t\t<div class=\"text_box\">\n\t\t\t\t\t\t\t<p> La Tha\u00eflande, Singapour, la Malaisie, Bali, Hong Kong, le Cambodge et plusieurs autres destinations sont les joyaux du cargo d'Extr\u00eame-Orient qui orne la r\u00e9gion de l'Extr\u00eame-Orient. Des temples spectaculaires, de magnifiques jardins, des parcs \u00e0 th\u00e8me, des march\u00e9s fascinants et une foule d'activit\u00e9s amusantes attirent les touristes du monde entier pour qu'ils passent du bon temps dans cette r\u00e9gion exceptionnelle. Et si vous avez l'intention d'explorer plusieurs attractions dans ce magnifique pays de la plan\u00e8te, nous sommes heureux de vous aider avec certaines des activit\u00e9s et sp\u00e9cialit\u00e9s populaires que vous ne devez pas manquer pendant votre voyage en Extr\u00eame-Orient. Lisez la suite pour en savoir plus.<\/p>\n\t\t\t\t\t\t<\/div>\n\t\t\t\t\t\t<!--\/ Text box element -->\t\n\t\t\t\t\t<\/div>\n\t\t\t\t\t<!--\/ col-md-4 col-sm-4 -->\n\n\t\t\t\t\t<div class=\"col-md-4 col-sm-4\">\n\t\t\t\t\t\t<!-- Text box element -->\n\t\t\t\t\t\t<div class=\"text_box\">\n\t\t\t\t\t\t \n\t\t\t\t\t\t\t<p>Avec un tel m\u00e9lange \u00e9clectique de destinations, l'Asie a vraiment quelque chose \u00e0 offrir \u00e0 chacun. Vous pouvez profiter de villes de haute technologie comme Hong Kong, Shanghai et Tokyo, ou vous immerger dans l'effervescence de Bangkok, Delhi ou Saigon. Vous pouvez aller en Tha\u00eflande et vous pr\u00e9lasser sur certaines des plus belles plages du monde, admirer le lever du soleil sur les temples d'Angkor au Cambodge, ou vous \u00e9merveiller devant l'ampleur de la Grande Muraille de Chine. Mais les mots ne peuvent rendre justice aux merveilles de l'Extr\u00eame-Orient - vous devez en faire l'exp\u00e9rience par vous-m\u00eame pour voyager en cargo en Extr\u00eame-Orient !<\/p>\n\t\t\t\t\t\t<\/div>\n\t\t\t\t\t\t<!--\/ Text box element -->\n\t\t\t\t\t<\/div>\n\t\t\t\t\t<!--\/ col-md-4 col-sm-4 -->\n\t\t\t\t<\/div>\n\t\t\t\t<!--\/ row -->\n\n\t\t\t\t\n\t\t\t<\/div>\n\t\t\t<!--\/ container -->\n\t\t<\/section>\n\t\t<!--\/ Content section -->\n\n\n\n \n\n\n\t\t<!-- Border animation button style 1 - full width section -->\n\t\t<section class=\"hg_section bg-white mtop-80 mb-0 p-0\">\n\t\t\t<div class=\"full_width\">\n\t\t\t\t<div class=\"row\">\n\t\t\t\t\t<div class=\"col-md-5 col-sm-5\">\n\t\t\t\t\t\t<!-- Media container style 1 - with custom height -->\n\t\t\t\t\t\t<div class=\"media-container h-545\">\n\t\t\t\t\t\t\t<!-- Background -->\n\t\t\t\t\t\t\t<div class=\"kl-bg-source\">\n\t\t\t\t\t\t\t\t<!-- Image -->\n\t\t\t\t\t\t\t\t<div class=\"kl-bg-source__bgimage\" style=\"background-image:url(https:\/\/cargoholidays.com\/wp-content\/uploads\/2020\/02\/Far-East-cargo-ship-travel-Far-East-cargoship-voyage-travel-by-Far-East-cargo-ship-cargoholidays-voyages-en-cargo-Far-East-freighter-travel.jpg); background-repeat:no-repeat; background-attachment:scroll; background-position-x:center; background-position-y:top; background-size:cover\">\n\t\t\t\t\t\t\t\t<\/div>\n\t\t\t\t\t\t\t\t<!--\/ Image -->\n\n\t\t\t\t\t\t\t\t<!-- Gradient overlay -->\n\t\t\t\t\t\t\t\t<div class=\"kl-bg-source__overlay\" style=\"background:rgba(53,53,53,0.65); background: -moz-linear-gradient(left, rgba(53,53,53,0.65) 0%, rgba(53,53,53,0.3) 100%); background: -webkit-gradient(linear, left top, right top, color-stop(0%,rgba(53,53,53,0.65)), color-stop(100%,rgba(53,53,53,0.3))); background: -webkit-linear-gradient(left, rgba(53,53,53,0.65) 0%,rgba(53,53,53,0.3) 100%); background: -o-linear-gradient(left, rgba(53,53,53,0.65) 0%,rgba(53,53,53,0.3) 100%); background: -ms-linear-gradient(left, rgba(53,53,53,0.65) 0%,rgba(53,53,53,0.3) 100%); background: linear-gradient(to right, rgba(53,53,53,0.65) 0%,rgba(53,53,53,0.3) 100%); \">\n\t\t\t\t\t\t\t\t<\/div>\n\t\t\t\t\t\t\t\t<!--\/ Gradient overlay -->\n\t\t\t\t\t\t\t<\/div>\n\t\t\t\t\t\t\t<!--\/ Background -->\n\n\t\t\t\t\t\t\t<!-- Link button with pop-up -->\n\t\t\t\t\t\t\t<a class=\"media-container__link media-container__link--btn media-container__link--style-borderanim1\" href=\"https:\/\/www.youtube.com\/watch?v=cVt-3vbENOQ\" data-lightbox=\"iframe\">\n\t\t\t\t\t\t\t\t<i class=\"media-container__border-tt\"><\/i>\n\t\t\t\t\t\t\t\t<i class=\"media-container__border-tl\"><\/i>\n\n\t\t\t\t\t\t\t\t<!-- Button text -->\n\t\t\t\t\t\t\t\t<span class=\"media-container__text\">VOYAGE EN CARGO<\/span>\n\t\t\t\t\t\t\t\t<!--\/ Button text -->\n\n\t\t\t\t\t\t\t\t<i class=\"media-container__border-bb\"><\/i>\n\t\t\t\t\t\t\t\t<i class=\"media-container__border-br\"><\/i>\n\t\t\t\t\t\t\t<\/a>\n\t\t\t\t\t\t\t<!-- Link button with pop-up -->\n\t\t\t\t\t\t<\/div>\n\t\t\t\t\t\t<!--\/ Media container style 1 - with custom height -->\n\t\t\t\t\t<\/div>\n\t\t\t\t\t<!--\/ col-md-5 col-sm-5 -->\n\n\t\t\t\t\t<div class=\"col-md-7 col-sm-7\">\n\t\t\t\t\t\t<div class=\"row hg_col_eq_last p-top-6 p-left-6\">\n\t\t\t\t\t\t\t<div class=\"col-md-12 col-sm-12\">\n\t\t\t\t\t\t\t\t<!-- Section title -->\n\t\t\t\t\t\t\t\t<div class=\"kl-title-block clearfix text-left tbk-symbol--line tbk-icon-pos--after-title\">\n\t\t\t\t\t\t\t\t\t<!-- Title -->\n\t\t\t\t\t\t\t\t\t<h3 class=\"tbk__title\">NAVIGUEZ DANS VOS R\u00caVES <\/h3>\n\t\t\t\t\t\t\t\t\t<!--\/ Title -->\n\n\t\t\t\t\t\t\t\t\t<!-- Title bottom symbol -->\n\t\t\t\t\t\t\t\t\t<div class=\"tbk__symbol\">\n\t\t\t\t\t\t\t\t\t\t<span><\/span>\n\t\t\t\t\t\t\t\t\t<\/div>\n\t\t\t\t\t\t\t\t\t<!--\/ Title bottom symbol -->\n\n\t\t\t\t\t\t\t\t\t<!-- Subtitle -->\n\t\t\t\t\t\t\t\t\t<h4 class=\"tbk__subtitle\">LES VOYAGES EN CARGO DU MONDE ENTIER.<\/h4>\n\t\t\t\t\t\t\t\t\t<!--\/ Subtitle -->\n\t\t\t\t\t\t\t\t<\/div>\n\t\t\t\t\t\t\t\t<!-- Section title -->\n\n\t\t\t\t\t\t\t\t<!-- Content text box -->\n\t\t\t\t\t\t\t\t<div class=\"text_box\">\n\t\t\t\t\t\t\t\t\t<p>\n\t\t\t\t\t\t\t\t\t\tLes voyages en cargo sont une bonne occasion pour les personnes qui ont peur de l'avion. Ils donnent un esprit suppl\u00e9mentaire \u00e0 votre ann\u00e9e sabbatique ou aident les personnes dans des situations particuli\u00e8res, comme apr\u00e8s un syndrome d'\u00e9puisement professionnel, \u00e0 obtenir la pause n\u00e9cessaire. Ou pour tous ceux qui souhaitent voyager de mani\u00e8re plus \u00e9cologique...\n\t\t\t\t\t\t\t\t\t<\/p>\n\t\t\t\t\t\t\t\t\t<p>\n\t\t\t\t\t\t\t\t\t\tPasser des jours \u00e0 observer la diversit\u00e9 de l'horizon et des paysages oc\u00e9aniques cr\u00e9e d'une part un sentiment de libert\u00e9 enivrant et m\u00e9ditatif. D'autre part, le fait de se tenir sur le pont permet de laisser le vent chasser tous les soucis de la routine quotidienne.\n\t\t\t\t\t\t\t\t\t<\/p>\n\t\t\t\t\t\t\t\t\t<p>\n\t\t\t\t\t\t\t\t\tVotre bien-\u00eatre sera assur\u00e9 \u00e0 bord. Vous n'aurez pas \u00e0 ressentir un manque de confort puisque la plupart des navires disposent de leur propre piscine et de leur sauna. Les cabines confortablement meubl\u00e9es sont la plupart du temps plus grandes que celles d'un bateau de croisi\u00e8re. \n\t\t\t\t\t\t\t\t\t<\/p>\n\t\t\t\t\t\t\t\t<\/div>\n\t\t\t\t\t\t\t\t<!--\/ Content text box -->\n\t\t\t\t\t\t\t<\/div>\n\t\t\t\t\t\t\t<!--\/ col-md-12 col-sm-12 -->\n\t\t\t\t\t\t<\/div>\n\t\t\t\t\t\t<!--\/ row hg_col_eq_last p-top-6 p-left-6 -->\n\t\t\t\t\t<\/div>\n\t\t\t\t\t<!--\/ col-md-7 col-sm-7 -->\n\t\t\t\t<\/div>\n\t\t\t\t<!--\/ row -->\n\t\t\t<\/div>\n\t\t\t<!--\/ full-width -->\n\t\t<\/section>\n\t\t<!--\/ Border animation button style 1 - full width section -->","protected":false},"excerpt":{"rendered":"<p>Tous les sens sont sollicit\u00e9s dans cette r\u00e9gion dynamique, o\u00f9 les voyageurs curieux sont confront\u00e9s \u00e0 une culture fascinante, \u00e0 une histoire riche et \u00e0 un sens sauvage de l'aventure. Succombez \u00e0 l'attrait de l'Extr\u00eame-Orient et vous d\u00e9couvrirez un monde merveilleusement diff\u00e9rent du v\u00f4tre. [wd_asp id=2] Voyage en cargo en Extr\u00eame-Orient [...]<\/p>","protected":false},"author":1,"featured_media":883,"parent":0,"menu_order":0,"comment_status":"closed","ping_status":"closed","template":"","meta":[],"yst_prominent_words":[11,8,55,283,281,278,277,280,279,276,275,284,285,282,286,238,57,60,65,101],"acf":[],"_links":{"self":[{"href":"https:\/\/cargoholidays.com\/fr\/wp-json\/wp\/v2\/pages\/328"}],"collection":[{"href":"https:\/\/cargoholidays.com\/fr\/wp-json\/wp\/v2\/pages"}],"about":[{"href":"https:\/\/cargoholidays.com\/fr\/wp-json\/wp\/v2\/types\/page"}],"author":[{"embeddable":true,"href":"https:\/\/cargoholidays.com\/fr\/wp-json\/wp\/v2\/users\/1"}],"replies":[{"embeddable":true,"href":"https:\/\/cargoholidays.com\/fr\/wp-json\/wp\/v2\/comments?post=328"}],"version-history":[{"count":0,"href":"https:\/\/cargoholidays.com\/fr\/wp-json\/wp\/v2\/pages\/328\/revisions"}],"wp:featuredmedia":[{"embeddable":true,"href":"https:\/\/cargoholidays.com\/fr\/wp-json\/wp\/v2\/media\/883"}],"wp:attachment":[{"href":"https:\/\/cargoholidays.com\/fr\/wp-json\/wp\/v2\/media?parent=328"}],"wp:term":[{"taxonomy":"yst_prominent_words","embeddable":true,"href":"https:\/\/cargoholidays.com\/fr\/wp-json\/wp\/v2\/yst_prominent_words?post=328"}],"curies":[{"name":"wp","href":"https:\/\/api.w.org\/{rel}","templated":true}]}}