{"id":13,"date":"2019-06-01T13:45:33","date_gmt":"2019-06-01T13:45:33","guid":{"rendered":"https:\/\/cargoholidays.com\/?page_id=13"},"modified":"2019-06-12T20:52:42","modified_gmt":"2019-06-12T20:52:42","slug":"about-us","status":"publish","type":"page","link":"https:\/\/cargoholidays.com\/fr\/a-propos-de-nous","title":{"rendered":"A propos de nous"},"content":{"rendered":"<!-- Page Sub-Header + mask style 6 --><div id=\"page_header\" class=\"page-subheader site-subheader-cst uh_zn_def_header_style maskcontainer--mask6\">\r\n            <div class=\"bgback\"><\/div>\r\n\r\n            <!-- Bakcground -->\r\n            <div class=\"kl-bg-source\">\r\n                <!-- IMAGE A REMETTRE https:\/\/ukauto.fr\/wp-content\/uploads\/2017\/07\/slide4.jpg --> \r\n                <div class=\"kl-bg-source__bgimage\" style=\"background-image:url(https:\/\/cargoholidays.com\/wp-content\/uploads\/2019\/06\/cargo-holidays-cargoholidays-vessel-ship-holidays-cruise-holidays-sea-holiday-35.jpg); background-repeat:no-repeat; background-attachment:scroll; background-position-x:center; background-position-y:center; background-size:cover\">\r\n                <\/div>\r\n                <!--\/ Background image -->\r\n\r\n                <!-- Gradient overlay -->\r\n                <div class=\"kl-bg-source__overlay\" style=\"\">\r\n                <\/div>\r\n                <!--\/ Gradient overlay -->\r\n            <\/div>\r\n            <!--\/ Bakcground -->\r\n\r\n            <!-- Animated Sparkles -->\r\n            <div class=\"th-sparkles\"><\/div>\r\n            <!--\/ Animated Sparkles -->\r\n\r\n            <!-- Sub-Header content wrapper with custom min height -->\r\n            <div class=\"ph-content-wrap h-600\">\r\n                <div class=\"ph-content-v-center\">\r\n                    <div class=\"container\">\r\n                        <div class=\"row\">\r\n                            <div class=\"col-sm-6\">\r\n\r\n                            <\/div>\r\n                            <!--\/ col-sm-6 -->\r\n\r\n                            <div class=\"col-sm-6 col-sm-offset-6\">\r\n                                <!-- Sub-Header Titles -left aligned -->\r\n                                <div class=\"subheader-titles left\">\r\n                                    <!-- Main Title -->\r\n                                    <h2 class=\"subheader-maintitle fs-xxxxl bgi fs-sm-xxl fw-extrabold reset-line-height mb-0 mt-xs-70\">\u00c0 PROPOS DE CARGO HOLIDAYS<\/h2>\r\n                                    <!--\/ Main Title -->\r\n\r\n                                    <!-- Main Sub-Title with template color and margn bottom -->\r\n                                    <h4 class=\"subheader-subtitle fw-semibold tcolor mb-20\">Voyager sur un cargo est une exp\u00e9rience unique<\/h4>\r\n                                    <!--\/ Main Sub-Title wth template color and margin bottom -->\r\n \r\n\r\n                                    <!-- Social -->\r\n                                    <ul class=\"social_icons socialstyles-extra mt-30\">\r\n                                                <li><a href=\"https:\/\/www.facebook.com\/Cargoholidays-1209416512553623\/\" target=\"_self\" class=\"icon-facebook\" title=\"Facebook\"><\/a><\/li>\r\n                        <li><a href=\"https:\/\/twitter.com\/cargoholidays\" target=\"_self\" class=\"icon-twitter\" title=\"Twitter\"><\/a><\/li>        \r\n                        <li><a href=\"https:\/\/www.instagram.com\/cargoholidays\/\" target=\"_self\" class=\"icon-instagram\" title=\"Instagram\"><\/a><\/li>   \r\n                        <li><a href=\"https:\/\/www.pinterest.com\/cargoholidays\/\" target=\"_self\" class=\"icon-pinterest\" title=\"Pinterest\"><\/a><\/li>   \r\n                        <li><a href=\"https:\/\/www.youtube.com\/channel\/UCEKouUO50fCPJlhyEejtA_A?\" target=\"_self\" class=\"icon-youtube\" title=\"youtube\"><\/a><\/li>\r\n                        <li><a href=\"https:\/\/vimeo.com\/cargoholidays\" target=\"_self\" class=\"icon-vimeo\" title=\"Vimeo\"><\/a><\/li>\r\n                                    <\/ul>\r\n                                <\/div>\r\n                                <!--\/ Sub-Header Titles - left aligned-->\r\n                            <\/div>\r\n                            <!--\/ col-sm-6 -->\r\n                        <\/div>\r\n                        <!--\/ row -->\r\n                    <\/div>\r\n                    <!--\/ container -->\r\n                <\/div>\r\n                <!--\/ ph-content-v-center -->\r\n            <\/div>\r\n            <!--\/ Sub-Header content wrapper with custom min height -->\r\n\r\n            <!-- Bottom mask style 7 -->\r\n            <div class=\"kl-bottommask kl-bottommask--mask7\">\r\n                <svg width=\"767px\" height=\"60px\" class=\"kl-bottommask--mask7 screffect opacity3\" viewbox=\"0 0 767 60\" version=\"1.1\" xmlns=\"http:\/\/www.w3.org\/2000\/svg\" xmlns:xlink=\"http:\/\/www.w3.org\/1999\/xlink\" preserveaspectratio=\"none\">\r\n                    <polygon fill=\"#000\" points=\"767 0 767 60 0 60 \"><\/polygon>\r\n                <\/svg>\r\n                <svg width=\"767px\" height=\"50px\" class=\"kl-bottommask--mask7 mask-over\" viewbox=\"0 0 767 50\" version=\"1.1\" xmlns=\"http:\/\/www.w3.org\/2000\/svg\" xmlns:xlink=\"http:\/\/www.w3.org\/1999\/xlink\" preserveaspectratio=\"none\">\r\n                    <polygon fill=\"#f5f5f5\" points=\"767 0 767 50 0 50 \"><\/polygon>\r\n                <\/svg>\r\n            <\/div>\r\n            <!--\/ Bottom mask style 7 -->\r\n\r\n            <!-- Breadcrumb style 2 for bottom mask style 7 -->\r\n            <div class=\"container\">\r\n                <ul class=\"breadcrumbs2 white pull-right kl-font-alt\">\r\n                    <li><a href=\"https:\/\/cargoholidays.com\/fr\/\">HOMEPAGE<\/a><\/li>\r\n                    <li class=\"active\"><span>\u00c0 PROPOS DE CARGOHOLIDAYS<\/span><\/li>\r\n                <\/ul>\r\n                <div class=\"clearfix\"><\/div>\r\n            <\/div>\r\n            <!--\/ Breadcrumb style 2 for bottom mask style 7 -->\r\n        <\/div>\r\n        <!--\/ Page Sub-Header + mask style 6 -->\r\n\r\n\r\n        <!-- Progress bars skill section -->\r\n        <section class=\"hg_section pt-70 pb-10\">\r\n            <div class=\"container\">\r\n                <div class=\"row\">\r\n                    \r\n                    <div class=\"col-sm-6 col-md-6\">\r\n                        <!-- Media container with custom content -->\r\n                        <div class=\"media-container media-container--type-pb h-600\">\r\n                            <!-- Background -->\r\n                            <div class=\"kl-bg-source\">\r\n                                <!-- IMAGE A REMETTRE https:\/\/ukauto.fr\/wp-content\/uploads\/2017\/07\/london7.jpg -->                                         \r\n                                <div class=\"kl-bg-source__bgimage\" style=\"background-image:url(https:\/\/cargoholidays.com\/wp-content\/uploads\/2019\/06\/cargo-holidays-cargoholidays-vessel-ship-holidays-cruise-holidays-sea-holiday-30.jpg);background-repeat:repeat;background-attachment:scroll;background-position:center center;background-size:cover\">\r\n                                <\/div>\r\n\r\n                                <!-- Overlay -->\r\n                                <div class=\"kl-bg-source__overlay\" style=\"background: rgba(10,10,10,0.16); background: -moz-linear-gradient(top,  rgba(10,10,10,0.16) 0%, rgba(20,20,20,0.76) 100%); background: -webkit-gradient(linear, left top, left bottom, color-stop(0%,rgba(10,10,10,0.16)), color-stop(100%,rgba(20,20,20,0.76))); background: -webkit-linear-gradient(top,  rgba(10,10,10,0.16) 0%,rgba(20,20,20,0.76) 100%); background: -o-linear-gradient(top,  rgba(10,10,10,0.16) 0%,rgba(20,20,20,0.76) 100%); background: -ms-linear-gradient(top,  rgba(10,10,10,0.16) 0%,rgba(20,20,20,0.76) 100%); background: linear-gradient(to bottom,  rgba(10,10,10,0.16) 0%,rgba(20,20,20,0.76) 100%); \">\r\n                                <\/div>\r\n                            <\/div>\r\n                            <!--\/ Background -->\r\n\r\n                            <div class=\"media-container-pb media-container-pb--alg-bottom\">\r\n                                <div class=\"row\">\r\n                                    <div class=\"col-lg-offset-2 col-md-offset-2 col-sm-offset-2 col-md-8 col-sm-8\">\r\n                                        <!-- Title -->\r\n                                        <div class=\"kl-title-block clearfix text-center tbk-icon-pos--after-title\">\r\n                                            <h2 class=\"white fw-bold\">Naviguez dans une atmosph\u00e8re d\u00e9tendue.<\/h2>\r\n                                        <\/div>\r\n                                    <\/div>\r\n                                    <!--\/ col-lg-offset-2 col-md-offset-2 col-sm-offset-2 col-md-8 col-sm- -->\r\n\r\n                                    <div class=\"col-md-12 col-sm-12\">\r\n                                        <!-- Content -->\r\n                                        <div class=\"prt-hover-slidein\">\r\n                                            <!-- Sub-title -->\r\n                                            <div class=\"kl-title-block clearfix text-center tbk-icon-pos--after-title\">\r\n                                                <h4 class=\"tbk__subtitle\">Nous sommes passionn\u00e9s par la fourniture d'un service personnalis\u00e9<\/h4>\r\n                                            <\/div>\r\n                                            <!--\/ Sub-title -->\r\n                                        <\/div>\r\n                                        <!--\/ Content -->\r\n                                    <\/div>\r\n                                    <!--\/ col-md-12 col-sm-12 -->\r\n                                <\/div>\r\n                                <!--\/ row -->\r\n                            <\/div>\r\n                            <!--\/ media container content -->\r\n                        <\/div>\r\n                        <!--\/ Media container with custom content -->\r\n                    <\/div>\r\n                    <!-- col-sm-6 col-md-6 -->\r\n\r\n                    <div class=\"col-sm-6\">\r\n                        <h4 class=\"fw-semibold\">Une exp\u00e9rience exceptionnelle<\/h4>\r\n                        <p>\"L'important n'est pas la destination mais le voyage lui-m\u00eame\". Voyager sur un cargo est une exp\u00e9rience o\u00f9 le voyage en lui-m\u00eame est une destination et une v\u00e9ritable source d'\u00e9panouissement. <\/p>\r\n\r\n                            <h4 class=\"fw-semibold\">Partager des exp\u00e9riences uniques<\/h4>\r\n                        <p>Une croisi\u00e8re en porte-conteneurs est aussi l'occasion de faire des rencontres uniques. \u00c0 bord, vous rencontrerez non seulement les autres passagers mais aussi tout l'\u00e9quipage, souvent compos\u00e9 de nombreuses nationalit\u00e9s. Au cours d'un repas, d'une partie de cartes, ou tout simplement lors de discussions spontan\u00e9es, vous entendrez de nombreuses anecdotes et r\u00e9cits de marins et partagerez des moments de convivialit\u00e9 inoubliables.<\/p>\r\n\r\n                                <h4 class=\"fw-semibold\">Nous exportons tout type de marque de v\u00e9hicule depuis l'Angleterre<\/h4>\r\n                        <p>\"CARGOHOLIDAYS\", c'est une \u00e9quipe d'experts appuy\u00e9e par un r\u00e9seau d'agences de voyages de premier plan, pour vous accompagner dans votre projet et vous offrir une exp\u00e9rience unique en mer.<\/p>\r\n\r\n\r\n                    <\/div>\r\n                <!--\/ col-sm-6 -->\r\n                <\/div>\r\n                <!--\/ row -->\r\n            <\/div>\r\n            <!--\/ container -->\r\n        <\/section>\r\n        <!--\/ Progress bars skill section -->  \r\n\r\n   <!-- Hover boxes section -->\r\n        <section class=\"hg_section ptop-20 pbottom-20\">\r\n            <div class=\"container\">\r\n                <div class=\"row\">\r\n                 \r\n\r\n                    <div class=\"col-md-4 col-sm-4\">\r\n                        <!-- Hover box element -->\r\n                        <div>\r\n                            <!-- Link box with background color -->\r\n                            <a href=\"#register_panel\" style=\"background-color: #4672B0;\" class=\"hover-box hover-box-2  popup-with-form\">\r\n                                <!-- Hover icon -->\r\n                                <span class=\"hb-circle\"><\/span>\r\n                                <!--\/ Hover icon -->\r\n\r\n                                <!-- Image\/Icon -->\r\n                                <img src=\"https:\/\/cargoholidays.com\/wp-content\/uploads\/2019\/06\/quote1.png\" class=\"hb-img rb-right\" alt=\"CARGOHOLIDAYS CARGO VOYAGE NAVIRE VOYAGE MER VACANCES\" title=\"CARGOHOLIDAYS CARGO VOYAGE NAVIRE VOYAGE MER VACANCES\">\r\n                                <!--\/ Image\/Icon -->\r\n\r\n                                <!-- Title -->\r\n                                <h3>Demande de renseignements<\/h3>\r\n                                <!--\/ Title -->\r\n\r\n                                <!-- Description -->\r\n                                <p> \r\n                             Demande de renseignements<br>\r\nNous vous r\u00e9pondrons dans les 24 heures !\r\n                                <\/p>\r\n                                <!--\/ Description -->\r\n                            <\/a>\r\n                            <!--\/ Link box with background color -->\r\n                        <\/div>\r\n                        <!--\/ Hover box element -->\r\n                    <\/div>\r\n                    <!--\/ col-md-4 col-sm-4 -->\r\n\r\n                    <div class=\"col-md-4 col-sm-4\">\r\n                        <!-- Hover box element -->\r\n                        <div>\r\n                            <!-- Link box with background color-->\r\n                            <a href=\"#\" id=\"MyLiveChatScriptButton\" onclick=\"MyLiveChat_OpenDialog()\" style=\"background-color: #4672B0;\" class=\"hover-box hover-box-2\">\r\n                                <!-- Hover icon -->\r\n                                <span class=\"hb-circle\"><\/span>\r\n                                <!-- Hover icon -->\r\n\r\n                                <!-- Image\/Icon -->\r\n                                <img src=\"https:\/\/cargoholidays.com\/wp-content\/uploads\/2019\/06\/quote1.png\" class=\"hb-img rb-right\" alt=\"CARGOHOLIDAYS CARGO VOYAGE NAVIRE VOYAGE MER VACANCES\" title=\"CARGOHOLIDAYS CARGO VOYAGE NAVIRE VOYAGE MER VACANCES\">\r\n                                <!--\/ Image\/Icon -->\r\n\r\n                                <!-- Title -->\r\n                                <h3>Chat en direct<\/h3>\r\n                                <!--\/ Title -->\r\n\r\n                                <!-- Subtitle -->\r\n                                <h4>Parlez \u00e0 notre \u00e9quipe de vacances !<\/h4>\r\n                                <!-- Subtitle -->\r\n\r\n                                <!-- Description -->\r\n                                <p>\r\n                                    Nos conseillers sont tout \u00e0 fait dispos\u00e9s \u00e0 vous r\u00e9pondre.<br>\r\n                                     \r\n                                <\/p>\r\n                                <!--\/ Description -->\r\n                            <\/a>\r\n                            <!--\/ Link box with background color -->\r\n                        <\/div>\r\n                        <!--\/ Hover box element -->\r\n                    <\/div>\r\n                    <!--\/ col-md-4 col-sm-4 -->\r\n\r\n                    <div class=\"col-md-4 col-sm-4\">\r\n                        <!-- Hover box element -->\r\n                        <div>\r\n                            <!-- Link box with background image -->\r\n                            <a href=\"\" style=\"background-image:url(https:\/\/cargoholidays.com\/wp-content\/uploads\/2019\/06\/hb-catalogue1.png); background-color: #4672B0; background-size:cover\" class=\"hover-box hover-box-3\">\r\n                                <!-- Image\/Icon -->\r\n                                <img src=\"images\/hb-catalogue1.png\" class=\"hb-img\" alt=\"CARGOHOLIDAYS CARGO VOYAGE NAVIRE VOYAGE MER VACANCES\" title=\"CARGOHOLIDAYS CARGO VOYAGE NAVIRE VOYAGE MER VACANCES\">\r\n                                <!--\/ Image\/Icon -->\r\n\r\n                                <!-- Title -->\r\n                                <h3>T\u00e9l\u00e9chargez notre brochure<\/h3>\r\n                                <!--\/ Title -->\r\n\r\n                                <!-- Description -->\r\n                                <p>\r\n                                 D\u00e9couvrez les prix et les offres de 2019 dans notre brochure\r\n                                <\/p>\r\n                                <!--\/ Description -->\r\n                            <\/a>\r\n                            <!--\/ Link box with background image -->\r\n                        <\/div>\r\n                        <!--\/ Hover box element -->\r\n                    <\/div>\r\n                    <!--\/ col-md-4 col-sm-4 -->\r\n                <\/div>\r\n                <!--\/ row -->\r\n            <\/div>\r\n            <!--\/ container -->\r\n        <\/section>\r\n        <!--\/ Hover boxes section --> \r\n <div class=\"container\">\r\n<div class=\"row\">\r\n    <div class=\"col-md-12\">\r\n <div class=\"main-wrap\">\r\n        <div id=\"maincontentarea_0_belowwrapboxes_0_divTag\" class=\"main-wrap\">\r\n    \r\n    <section class=\"contact-us\">\r\n        <div class=\"contact-us-info\">\r\n            <h2 class=\"contact-us-title\">\r\n                Des questions ?\r\n            <\/h2>\r\n            <p class=\"manchet\">\r\n                Nos experts sont pr\u00eats \u00e0 vous aider. Prenez contact avec nous et nous trouverons la solution adapt\u00e9e \u00e0 vos besoins.\r\n            <\/p>\r\n            <a class=\"btn btn-blue btn-text-orange\" href=\"https:\/\/cargoholidays.com\/fr\/contactez-nous\/\">Nous contacter<\/a>\r\n        <\/div>\r\n        <figure class=\"contact-us-figure\">\r\n            <img loading=\"lazy\" src=\"https:\/\/cargoholidays.com\/wp-content\/uploads\/2019\/06\/cargo-holiday-image-21.png\" alt=\"image de vacances cargo 21 - \u00c0 propos de nous\" width=\"640\" height=\"480\" title=\"A propos de nous\">\r\n            \r\n        <\/figure>\r\n    <\/section>\r\n        \r\n<\/div>\r\n\r\n<\/div><\/div>\r\n    <\/div><\/div>","protected":false},"excerpt":{"rendered":"<p>A PROPOS DE CARGO HOLIDAYS Voyager sur un cargo est une exp\u00e9rience unique HOMEPAGE A PROPOS DE CARGOHOLIDAYS Naviguez dans une atmosph\u00e8re d\u00e9tendue. Nous sommes passionn\u00e9s par la fourniture d'un service personnalis\u00e9 Une exp\u00e9rience exceptionnelle \"L'important n'est pas la destination mais le voyage lui-m\u00eame\". Voyager sur un cargo est une exp\u00e9rience o\u00f9 le voyage en lui-m\u00eame [...]<\/p>","protected":false},"author":1,"featured_media":883,"parent":0,"menu_order":0,"comment_status":"closed","ping_status":"closed","template":"","meta":[],"yst_prominent_words":[150,11,8,13,168,165,129,121,12,171,128,166,167,57,127,14,7,6,72,9],"acf":[],"_links":{"self":[{"href":"https:\/\/cargoholidays.com\/fr\/wp-json\/wp\/v2\/pages\/13"}],"collection":[{"href":"https:\/\/cargoholidays.com\/fr\/wp-json\/wp\/v2\/pages"}],"about":[{"href":"https:\/\/cargoholidays.com\/fr\/wp-json\/wp\/v2\/types\/page"}],"author":[{"embeddable":true,"href":"https:\/\/cargoholidays.com\/fr\/wp-json\/wp\/v2\/users\/1"}],"replies":[{"embeddable":true,"href":"https:\/\/cargoholidays.com\/fr\/wp-json\/wp\/v2\/comments?post=13"}],"version-history":[{"count":0,"href":"https:\/\/cargoholidays.com\/fr\/wp-json\/wp\/v2\/pages\/13\/revisions"}],"wp:featuredmedia":[{"embeddable":true,"href":"https:\/\/cargoholidays.com\/fr\/wp-json\/wp\/v2\/media\/883"}],"wp:attachment":[{"href":"https:\/\/cargoholidays.com\/fr\/wp-json\/wp\/v2\/media?parent=13"}],"wp:term":[{"taxonomy":"yst_prominent_words","embeddable":true,"href":"https:\/\/cargoholidays.com\/fr\/wp-json\/wp\/v2\/yst_prominent_words?post=13"}],"curies":[{"name":"wp","href":"https:\/\/api.w.org\/{rel}","templated":true}]}}