{"id":1245,"date":"2022-07-26T09:00:07","date_gmt":"2022-07-26T09:00:07","guid":{"rendered":"https:\/\/cargoholidays.com\/?page_id=1245"},"modified":"2022-07-26T13:24:50","modified_gmt":"2022-07-26T13:24:50","slug":"singapore-cargo-ship-travel","status":"publish","type":"page","link":"https:\/\/cargoholidays.com\/es\/singapore-cargo-ship-travel","title":{"rendered":"Viajes en buque de carga a Singapur"},"content":{"rendered":"<!-- Slideshow static content element + Bottom mask style 2  --><div class=\"kl-slideshow static-content__slideshow uh_light_gray maskcontainer--shadow_ud\">\n            <div class=\"bgback\">\n            <\/div>\n\n            <!-- Static content wrapper with custom minimum height (500px) = .min-500 -->\n            <div class=\"kl-slideshow-inner static-content__wrapper min-500\">\n                <!-- Static content source -->\n                <div class=\"static-content__source\">\n                    <!-- Background -->\n                    <div class=\"kl-bg-source\">\n                        <!-- Background image -->\n                        <div class=\"kl-bg-source__bgimage\" style=\"background-image:url(https:\/\/cargoholidays.com\/wp-content\/uploads\/2021\/02\/CARGOHOLIDAYS-CARGO-SHIP-TRAVEL-CARGO-CRUISE-CARGO-TRAVEL-FREIGHT-HOLIDAYS-CARGO-SHIP-CARGOHOLIDAYS31-scaled.jpg); background-repeat:no-repeat; background-attachment:scroll; background-position-x:center; background-position-y:center; background-size:cover;\">\n                        <\/div>\n                        <!-- Background image -->\n\n                        <!-- Gradient overlay -->\n                        <div class=\"kl-bg-source__overlay\" style=\"background:rgba(30,115,190,0.3); background: -moz-linear-gradient(left, rgba(30,115,190,0.3) 0%, rgba(53,53,53,0.3) 100%); background: -webkit-gradient(linear, left top, right top, color-stop(0%,rgba(30,115,190,0.3)), color-stop(100%,rgba(53,53,53,0.3))); background: -webkit-linear-gradient(left, rgba(30,115,190,0.3) 0%,rgba(53,53,53,0.3) 100%); background: -o-linear-gradient(left, rgba(30,115,190,0.3) 0%,rgba(53,53,53,0.3) 100%); background: -ms-linear-gradient(left, rgba(30,115,190,0.3) 0%,rgba(53,53,53,0.3) 100%); background: linear-gradient(to right, rgba(30,115,190,0.3) 0%,rgba(53,53,53,0.3) 100%);\">\n                        <\/div>\n                        <!--\/ Gradient overlay -->\n                    <\/div>\n                    <!--\/ Background -->\n\n                    <!-- Animated Sparkles -->\n                    <div class=\"th-sparkles\"><\/div>\n                    <!--\/ Animated Sparkles -->\n                <\/div>\n                <!--\/ .static-content__source -->\n\n                <!-- Static content container -->\n                <div class=\"static-content__inner container\">\n                    <!-- Container with safe padding default top 150px --> \n                    <div class=\"kl-slideshow-safepadding sc__container\">\n                        <!-- Static content wrapper -->\n                        <div class=\"static-content default-style\">\n                            <!-- Title -->   \n                            <h3 class=\"static-content__subtitle text-left\">\n                                <span class=\"fw-thin\">Viajes en buque de carga a Singapur<span data-rel=\"tooltip\" data-placement=\"top\" title=\"\" data-animation=\"true\" data-original-title=\"CARGOHOLIDAYS\"><\/span><\/span>\n                                <br> \n                                \n                            <\/h3>\n                            <!--\/ Title -->\n\n                            <!-- Info pop-up fade animation left aligned with top arrow -->\n                            <div class=\"static-content__infopop animated fadeBoxIn sc-infopop--left\" data-arrow=\"top\">\n                                <!-- Buy button -->\n                                <a class=\"sc-infopop__btn\" href=\"\/es\/void(%24zopim.livechat.window.openPopout())\/\" target=\"_self\" rel=\"noopener noreferrer\">CHAT EN VIVO<\/a>\n                                <!--\/ Buy button -->\n\n                                <!-- Info Text -->\n                                <h5 class=\"sc-infopop__text\"><strong>CONTACTO<\/strong> EE.UU.<\/h5>\n                                <!--\/ Info Text -->\n\n                                <div class=\"clear\">\n                                <\/div>\n                            <\/div>\n       \n                        <\/div>\n                        <!--\/ .static-content -->\n                    <\/div>\n                    <!--\/ Container with safe padding default top 150px -->\n                <\/div>\n                <!--\/ .kl-slideshow-inner__inner -->\n            <\/div>\n            <!--\/ Static content wrapper with custom minimum height (500px) = .min-500 -->\n\n            <!-- Bottom mask style 2  -->\n            <div class=\"kl-bottommask kl-bottommask--shadow_ud\">\n            <\/div>\n            <!--\/ Bottom mask style 2  -->\n        <\/div>\n        <!--\/ Slideshow static content element + Bottom mask style 2  -->\n\n        <!-- CALL-OUT BANNER \/ STYLE 2 section -->\n        <section class=\"hg_section bg-white\">\n            <div class=\"container\">\n                <div class=\"row\">\n                    <div class=\"col-md-12 col-sm-12\"> \n\n                        <!-- Call-out banner element - style 2 -->\n                        <div class=\"callout-banner clearfix\">\n                            <div class=\"row\">\n                                <div class=\"col-sm-12\">\n                                    <!-- Title -->  \n                                      <h3 class=\"m_title\"><span class=\"fw-thin\">Agencia de viajes Cargoholidays<span class=\"fw-semibold\"><\/span><\/span><\/h3> \n                                <\/div>\n                                <!--\/ col-sm-10 -->\n \n                            <\/div>\n                            <!--\/ row -->\n                        <\/div>\n                        <!--\/ Call-out banner element - style 2 -->\n                    <\/div>\n                    <!--\/ col-md-12 col-sm-12 -->\n                <\/div>\n                <!--\/ row -->\n            <\/div>\n            <!--\/ container -->\n        <\/section>\n        <!--\/ CALL-OUT BANNER \/ STYLE 2 section -->\n     <!-- Progress bars skill section -->\n        <section class=\"hg_section pt-70 pb-10\">\n            <div class=\"container\">\n                <div class=\"row\">\n                    \n                    <div class=\"col-sm-6 col-md-6\">\n                        <!-- Media container with custom content -->\n                        <div class=\"media-container media-container--type-pb h-600\">\n                            <!-- Background -->\n                            <div class=\"kl-bg-source\">\n                                <!-- IMAGE A REMETTRE https:\/\/UKMOTO.fr\/wp-content\/uploads\/2017\/07\/london7.jpg -->                                         \n                                <div class=\"kl-bg-source__bgimage\" style=\"background-image:url(https:\/\/cargoholidays.com\/wp-content\/uploads\/2021\/02\/CARGOHOLIDAYS-CARGO-SHIP-TRAVEL-CARGO-CRUISE-CARGO-TRAVEL-FREIGHT-HOLIDAYS-CARGO-SHIP-CARGOHOLIDAYS32-scaled.jpg);background-repeat:repeat;background-attachment:scroll;background-position:center center;background-size:cover\">\n                                <\/div>\n\n                                <!-- Overlay -->\n                                <div class=\"kl-bg-source__overlay\" style=\"background: rgba(10,10,10,0.16); background: -moz-linear-gradient(top,  rgba(10,10,10,0.16) 0%, rgba(20,20,20,0.76) 100%); background: -webkit-gradient(linear, left top, left bottom, color-stop(0%,rgba(10,10,10,0.16)), color-stop(100%,rgba(20,20,20,0.76))); background: -webkit-linear-gradient(top,  rgba(10,10,10,0.16) 0%,rgba(20,20,20,0.76) 100%); background: -o-linear-gradient(top,  rgba(10,10,10,0.16) 0%,rgba(20,20,20,0.76) 100%); background: -ms-linear-gradient(top,  rgba(10,10,10,0.16) 0%,rgba(20,20,20,0.76) 100%); background: linear-gradient(to bottom,  rgba(10,10,10,0.16) 0%,rgba(20,20,20,0.76) 100%); \">\n                                <\/div>\n                            <\/div>\n                            <!--\/ Background -->\n\n                            <div class=\"media-container-pb media-container-pb--alg-bottom\">\n                                <div class=\"row\">\n                                    <div class=\"col-lg-offset-2 col-md-offset-2 col-sm-offset-2 col-md-8 col-sm-8\">\n                                        <!-- Title -->\n                                        <div class=\"kl-title-block clearfix text-center tbk-icon-pos--after-title\">\n                                            <h2 class=\"white fw-bold\">Viajes en buque de carga a Singapur<\/h2>\n                                        <\/div>\n                                    <\/div>\n                                    <!--\/ col-lg-offset-2 col-md-offset-2 col-sm-offset-2 col-md-8 col-sm- -->\n\n                                    <div class=\"col-md-12 col-sm-12\">\n                                        <!-- Content -->\n                                        <div class=\"prt-hover-slidein\">\n                                            <!-- Sub-title -->\n                                            <div class=\"kl-title-block clearfix text-center tbk-icon-pos--after-title\">\n                                                <h4 class=\"tbk__subtitle\">CARGOHOLIDAYS EL MEJOR CRUCERO DE CARGA PARA VIAJAR EN CARGUEROS POR Singapur<\/h4>\n                                            <\/div>\n                                            <!--\/ Sub-title -->\n                                        <\/div>\n                                        <!--\/ Content -->\n                                    <\/div>\n                                    <!--\/ col-md-12 col-sm-12 -->\n                                <\/div>\n                                <!--\/ row -->\n                            <\/div>\n                            <!--\/ media container content -->\n                        <\/div>\n                        <!--\/ Media container with custom content -->\n\n                    <\/div>\n                    <!-- col-sm-6 col-md-6 -->\n\n                   <div class=\"col-sm-6 col-md-6\">\n\n\n\n<h2> Viajes en buque de carga a Singapur<\/h2>\n \n\n<p>\nUna cosa est\u00e1 clara: dado que asumir\u00e1 el papel de pasajero y no el de cliente, no encontrar\u00e1 las comodidades habituales en un buque de carga. No habr\u00e1 ni animadores ni programas de ocio ni servicios de bienestar. La tripulaci\u00f3n est\u00e1 al servicio del barco y de la carga, no de los pasajeros. Las excursiones en tierra son posibles, pero s\u00f3lo se permiten cuando se acuerdan con la direcci\u00f3n del barco y siempre que la ruta y el horario lo permitan. Entonces, si no regresas de tu viaje a tiempo, el barco puede volver a hacerse a la mar sin ti. Por otro lado, el barco no est\u00e1 obligado a respetar los tiempos de escala en el puerto indicados en el momento de la reserva, ya que \u00e9stos dependen no s\u00f3lo de las condiciones meteorol\u00f3gicas imperantes, sino tambi\u00e9n de las operaciones de carga y descarga y del n\u00famero de gr\u00faas y mano de obra disponibles. Por lo tanto, las escalas pueden durar desde unas horas hasta unos d\u00edas: la flexibilidad es esencial.<\/p>\n\n<img src=\"https:\/\/cargoholidays.com\/wp-content\/uploads\/2021\/09\/AdobeStock_397092285.jpeg\" alt=\"AdobeStock 397092285 - Viaje en carguero por Singapur\" title=\"Viajes en buque de carga a Singapur\">\n<br>\n<p>\nViajar en un carguero es diferente de utilizar los transbordadores de ropax, que suelen vivir de la carga, pero siguen la normativa de los buques de pasaje para poder embarcar tambi\u00e9n a los camioneros y tener otros pasajeros como ingreso suplementario. Son mucho m\u00e1s parecidos a los transbordadores de crucero, aunque a veces bastante espartanos.\n\nEs un mito com\u00fan que los viajes en carguero son m\u00e1s baratos que otras formas de transporte, pero salvo en un n\u00famero selecto de cargueros regionales, \u00e9ste no es esencialmente nunca el caso. Los gastos generales de transportar suministros y reservar habitaciones son bastante significativos en los viajes en carguero en Singapur, en comparaci\u00f3n con un vuelo de larga distancia. La comparaci\u00f3n es dif\u00edcil, por supuesto: \u00bfpaga usted por el transporte o por la comida, el alojamiento y la experiencia de viajar en un carguero singapurense?\n<\/p>\n\n<p>\nCruzar el charco en un carguero da un nuevo significado a los viajes lentos. Es un hecho poco conocido que se puede llegar a casi cualquier parte del mundo como pasajero de un buque de carga, sin tener que ser a) un objeto inanimado o b) estar estibado en un contenedor de transporte. Adem\u00e1s, es una de las formas m\u00e1s sostenibles de viajar. Dado que usted s\u00f3lo representa un peque\u00f1o porcentaje de la \"mercanc\u00eda\" a bordo, su presencia no tendr\u00e1 ning\u00fan impacto perceptible en la eficiencia del buque, por lo que podr\u00e1 navegar con una conciencia baja en carbono.\n<iframe loading=\"lazy\" width=\"560\" height=\"315\" src=\"https:\/\/www.youtube.com\/embed\/chI2_6OyP0U\" title=\"Reproductor de v\u00eddeo de YouTube\" frameborder=\"0\" allow=\"accelerometer; autoplay; clipboard-write; encrypted-media; gyroscope; picture-in-picture\" allowfullscreen><\/iframe>\n\n<\/p>\n\n\n\n\n <p>\n\u00bfC\u00f3mo es viajar en un carguero de Singapur?\nEl nivel de lujo depende del transportista. Algunos cuentan con reproductores de DVD e instalaciones de entretenimiento de \u00faltima generaci\u00f3n, otros con VHS y una mesa de ping pong, pero si lo que busca es vivir una experiencia, no puede pedir m\u00e1s. La comida var\u00eda de un barco a otro (a menudo depende de la nacionalidad de la tripulaci\u00f3n), y probablemente comer\u00e1 en el comedor de oficiales junto con la tripulaci\u00f3n m\u00e1s veterana a bordo.\n<\/p>\n<img src=\"https:\/\/cargoholidays.com\/wp-content\/uploads\/2021\/09\/AdobeStock_344566703.jpeg\" alt=\"AdobeStock 344566703 - Viaje en carguero por Singapur\" title=\"Viajes en buque de carga a Singapur\">\n<br>\n<p>\nViajar en un carguero puede ser a veces una monta\u00f1a rusa de emociones, ya que no se parece a nada que haya hecho antes. La experiencia de cada uno ser\u00e1 diferente, pero no cabe duda de que se trata de la aventura de su vida. Puede ser solitario si se viaja solo y, a veces, mortalmente aburrido, pero con una reserva de buenos libros y la voluntad de comprometerse con la tripulaci\u00f3n, el tiempo se esfumar\u00e1 pronto.\n<\/p>\n\n<p>Si se siente tentado a llegar a su pr\u00f3ximo destino de viaje en un buque portacontenedores, prep\u00e1rese para llevar mucho tiempo, y ser\u00e1 recompensado con recuerdos incomparables. Cambie las estrechas filas de asientos, las interminables colas, los apretados horarios de las visitas tur\u00edsticas y las impresiones fugaces por un nuevo tipo de paz y tranquilidad, una novedosa sensaci\u00f3n de distancia y el impagable lujo de conocer el oc\u00e9ano en sus m\u00e1s bellas manifestaciones.<\/p>\n  \n<p>\n\nReserva de viajes en carguero en Singapur\nHay varias agencias que pueden ayudarle a buscar y reservar viajes en buques de carga por todo el mundo. Yo utilic\u00e9 Strand Voyages para planificar mi viaje en el Alicante Carrier en 2009. Desde entonces han cerrado, y ahora dirigen a los viajeros a una de las agencias que se indican a continuaci\u00f3n. Hay que tener en cuenta que el n\u00famero de barcos y pasajeros es limitado, por lo que todos los agentes tienen acceso a los mismos. Teniendo esto en cuenta, probablemente sea mejor elegir un agente y quedarse con \u00e9l.\n\nPor lo general, aunque existe cierta flexibilidad, los buques prefieren reservar atraques para los que recorren largas distancias, por lo que emprender s\u00f3lo parte de un viaje podr\u00eda no ser posible para Singapore Cargo Ship Travel. <a href=\"https:\/\/cargoholidays.com\/es\/download\/998\/\"><h3>Descargue nuestro folleto<\/h3><\/a>\n\n<iframe loading=\"lazy\" width=\"560\" height=\"315\" src=\"https:\/\/www.youtube.com\/embed\/YIgyxwVhVU4\" title=\"Reproductor de v\u00eddeo de YouTube\" frameborder=\"0\" allow=\"accelerometer; autoplay; clipboard-write; encrypted-media; gyroscope; picture-in-picture\" allowfullscreen><\/iframe>\n\n<\/p>\n<h2>LISTA DE LAS MAYORES EMPRESAS DE CARGA PARA RESERVAR CARGA<\/h2>\n<p><a href=\"https:\/\/www.maersk.com\">maersk<\/a>, <a href=\"https:\/\/www.msc.com\">msc<\/a>, <a href=\"https:\/\/www.hapag-lloyd.com\/en\/home.html\">hapag-lloyd<\/a>, <a href=\"https:\/\/www.one-line.com\/en\">una l\u00ednea<\/a>, <a href=\"https:\/\/www.evergreen-marine.com\">evergreen-marine<\/a>, <a href=\"https:\/\/www.yangming.com\">yangming<\/a>, <a href=\"https:\/\/www.pilship.com\">pilotaje<\/a>, <a href=\"http:\/\/www.hmm21.com\/cms\/company\/engn\/index.jsp\">hmm21<\/a>, <a href=\"https:\/\/www.zim.com\">zim<\/a>, <a href=\"https:\/\/www.wanhai.com\/views\/Main.xhtml\">wanhai<\/a>, <a href=\"http:\/\/www.ykzcwl.com\">ykzcwl<\/a>, <a href=\"http:\/\/www.irislgroup.com\">irislgroup<\/a>, <a href=\"http:\/\/www.kmtc.co.kr\">kmtc<\/a>, <a href=\"https:\/\/www.sitc.com\">sitc<\/a>, <a href=\"https:\/\/www.tslines.com\/en\">tslines<\/a>, <a href=\"https:\/\/smlines.com\/en\/\">smlines<\/a>, <a href=\"http:\/\/www.arkas.com.tr\/intro.html\">arkas<\/a>, <a href=\"http:\/\/www.sinokor.co.kr\/en\/index.html\">sinokor<\/a>, <a href=\"https:\/\/www.rclgroup.com\">rclgroup<\/a>, <a href=\"https:\/\/www.spil.co.id\">spil<\/a>, <a href=\"https:\/\/www.unifeeder.com\">unifeeder<\/a>, <a href=\"https:\/\/www.matson.com\">matson<\/a>, <a href=\"https:\/\/www.hapag-lloyd.com\/en\/home.html\">hapag-lloyd<\/a>, <a href=\"https:\/\/www.swireshipping.com\">swireshipping<\/a>, <a href=\"https:\/\/www.grimaldi.napoli.it\/en\/index.html\">grimaldi napoli<\/a>, <a href=\"https:\/\/www.cma-cgm.com\">cma-cgm<\/a><\/p> \n\n\n                    <\/div>\n                    <!--\/ col-sm-6 -->\n\n                <\/div>\n                <!--\/ row -->\n            <\/div>\n            <!--\/ container -->\n        <\/section>\n        <!--\/ Progress bars skill section --> \n\n          \n  <!-- Hover boxes section -->\n        <section class=\"hg_section ptop-20 pbottom-20\">\n            <div class=\"container\">\n                <div class=\"row\">\n                 \n\n                    <div class=\"col-md-4 col-sm-4\">\n                        <!-- Hover box element -->\n                        <div>\n                            <!-- Link box with background color -->\n                            <a href=\"#register_panel\" style=\"background-color: #4672B0;\" class=\"hover-box hover-box-2  popup-with-form\">\n                                <!-- Hover icon -->\n                                <span class=\"hb-circle\"><\/span>\n                                <!--\/ Hover icon -->\n\n                                <!-- Image\/Icon -->\n                                <img src=\"https:\/\/cargoholidays.com\/wp-content\/uploads\/2019\/06\/quote1.png\" class=\"hb-img rb-right\" alt=\"CARGOHOLIDAYS CARGO TRAVEL VESSEL TRIP SEA HOLIDAYS\" title=\"CARGOHOLIDAYS CARGO TRAVEL VESSEL TRIP SEA HOLIDAYS\">\n                                <!--\/ Image\/Icon -->\n\n                                <!-- Title -->\n                                <h3>Solicitar informaci\u00f3n<\/h3>\n                                <!--\/ Title -->\n\n                                <!-- Description -->\n                                <p>\n                                  Solicitar informaci\u00f3n<br>\n                               Nos pondremos en contacto con usted en 24 horas.\n                                <\/p>\n                                <!--\/ Description -->\n                            <\/a>\n                            <!--\/ Link box with background color -->\n                        <\/div>\n                        <!--\/ Hover box element -->\n                    <\/div>\n                    <!--\/ col-md-4 col-sm-4 -->\n\n                    <div class=\"col-md-4 col-sm-4\">\n                        <!-- Hover box element -->\n                        <div>\n                            <!-- Link box with background color-->\n                            <a href=\"#\" id=\"MyLiveChatScriptButton\" onclick=\"MyLiveChat_OpenDialog()\" style=\"background-color: #4672B0;\" class=\"hover-box hover-box-2\">\n                                <!-- Hover icon -->\n                                <span class=\"hb-circle\"><\/span>\n                                <!-- Hover icon -->\n\n                                <!-- Image\/Icon -->\n                                <img src=\"https:\/\/cargoholidays.com\/wp-content\/uploads\/2019\/06\/quote1.png\" class=\"hb-img rb-right\" alt=\"CARGOHOLIDAYS CARGO TRAVEL VESSEL TRIP SEA HOLIDAYS\" title=\"CARGOHOLIDAYS CARGO TRAVEL VESSEL TRIP SEA HOLIDAYS\">\n                                <!--\/ Image\/Icon -->\n\n                                <!-- Title -->\n                                <h3>Chat en vivo<\/h3>\n                                <!--\/ Title -->\n\n                                <!-- Subtitle -->\n                                <h4>Hable con nuestro equipo de vacaciones. <\/h4>\n                                <!-- Subtitle -->\n\n                                <!-- Description -->\n                                <p>\n                                   Nuestros asesores est\u00e1n m\u00e1s que dispuestos a responderle<br>\n                                     \n                                <\/p>\n                                <!--\/ Description -->\n                            <\/a>\n                            <!--\/ Link box with background color -->\n                        <\/div>\n                        <!--\/ Hover box element -->\n                    <\/div>\n                    <!--\/ col-md-4 col-sm-4 -->\n\n                    <div class=\"col-md-4 col-sm-4\">\n                        <!-- Hover box element -->\n                        <div>\n                            <!-- Link box with background image -->\n                            <a href=\"\" style=\"background-image:url(https:\/\/cargoholidays.com\/wp-content\/uploads\/2019\/06\/hb-catalogue1.png); background-color: #4672B0; background-size:cover\" class=\"hover-box hover-box-3\">\n                                <!-- Image\/Icon -->\n                                <img src=\"https:\/\/cargoholidays.com\/wp-content\/uploads\/2019\/06\/hb-catalogue1.png\" class=\"hb-img\" alt=\"CARGOHOLIDAYS CARGO TRAVEL VESSEL TRIP SEA HOLIDAYS\" title=\"CARGOHOLIDAYS CARGO TRAVEL VESSEL TRIP SEA HOLIDAYS\">\n                                <!--\/ Image\/Icon -->\n\n                                <!-- Title -->\n                                <h3>Descargue nuestro folleto<\/h3>\n                                <!--\/ Title -->\n\n                                <!-- Description -->\n                                <p>\n                                   Encuentre los precios y las ofertas de 2019 en nuestro folleto\n                                <\/p>\n                                <!--\/ Description -->\n                            <\/a>\n                            <!--\/ Link box with background image -->\n                        <\/div>\n                        <!--\/ Hover box element -->\n                    <\/div>\n                    <!--\/ col-md-4 col-sm-4 -->\n                <\/div>\n                <!--\/ row -->\n              <br>  <div class=\"row\"> [smartslider3 slider=3] \n <\/div>\n            <\/div>\n            <!--\/ container -->\n        <\/section>\n        <!--\/ Hover boxes section -->\n \n        <!--   \n        <section class=\"hg_section--relative ptop-160 pbottom-160\"> \n            <div class=\"kl-bg-source\"> \n                <div class=\"kl-bg-source__bgimage\" style=\"background-image:url(https:\/\/UKMOTO.fr\/wp-content\/uploads\/2017\/11\/bureau-1-2.jpg); background-repeat:no-repeat; background-attachment:scroll; background-position-x:center; background-position-y:center; background-size:cover\">\n                <\/div>\n               \n                <div class=\"kl-bg-source__overlay\" style=\"background-color:rgba(1,11,17,0.8)\">\n                <\/div>\n            \n            <\/div> \n\n            <div class=\"container\">\n                <div class=\"row\">\n                    <div class=\"col-md-12 col-sm-12\"> \n                        <div class=\"kl-title-block clearfix tbk--text-light text-center tbk--color-theme tbk-symbol--line tbk-icon-pos--after-title\">\n                          \n                            <h3 class=\"tbk__title \">RECHERCHER<\/h3> \n                            <div class=\"tbk__symbol \">\n                                <span><\/span>\n                            <\/div> \n                        <\/div> \n                    <\/div> \n\n                    <div class=\"col-md-12 col-sm-12\"> \n                        <div class=\"elm-searchbox elm-searchbox--transparent2 elm-searchbox--eff-normal\"> \n                            <div class=\"elm-searchbox__inner\">\n                                <form class=\"elm-searchbox__form\" action=\"https:\/\/UKMOTO.fr\" method=\"get\" target=\"_blank\">\n                                    <input name=\"s\" maxlength=\"30\" class=\"elm-searchbox__input\" type=\"text\" size=\"20\" value=\"\" placeholder=\"Entrer ce que vous desirez rechercher ..\">\n                                    <button type=\"submit\" id=\"searchbox_submit\" class=\"elm-searchbox__submit\">RECHERCHER<\/button>\n                                    <div class=\"clearfix\">\n                                    <\/div>\n                                <\/form>\n                            <\/div> \n                        <\/div> \n                    <\/div> \n                <\/div> \n            <\/div> \n        <\/section> \n         -->","protected":false},"excerpt":{"rendered":"<p>Viajes en carguero Singapur CHAT EN VIVO CONT\u00c1CTENOS Agencia de viajes en carguero cargoholidays Viajes en carguero Singapur CARGOHOLIDAYS EL MEJOR CRUCERO DE CARGA PARA VIAJES EN CARGUERO Singapur Viajes en carguero Singapur Una cosa est\u00e1 clara: dado que asumir\u00e1 el papel de pasajero y no el de cliente, no encontrar\u00e1 [...]<\/p>","protected":false},"author":1,"featured_media":883,"parent":0,"menu_order":0,"comment_status":"closed","ping_status":"closed","template":"","meta":[],"yst_prominent_words":[],"acf":[],"_links":{"self":[{"href":"https:\/\/cargoholidays.com\/es\/wp-json\/wp\/v2\/pages\/1245"}],"collection":[{"href":"https:\/\/cargoholidays.com\/es\/wp-json\/wp\/v2\/pages"}],"about":[{"href":"https:\/\/cargoholidays.com\/es\/wp-json\/wp\/v2\/types\/page"}],"author":[{"embeddable":true,"href":"https:\/\/cargoholidays.com\/es\/wp-json\/wp\/v2\/users\/1"}],"replies":[{"embeddable":true,"href":"https:\/\/cargoholidays.com\/es\/wp-json\/wp\/v2\/comments?post=1245"}],"version-history":[{"count":0,"href":"https:\/\/cargoholidays.com\/es\/wp-json\/wp\/v2\/pages\/1245\/revisions"}],"wp:featuredmedia":[{"embeddable":true,"href":"https:\/\/cargoholidays.com\/es\/wp-json\/wp\/v2\/media\/883"}],"wp:attachment":[{"href":"https:\/\/cargoholidays.com\/es\/wp-json\/wp\/v2\/media?parent=1245"}],"wp:term":[{"taxonomy":"yst_prominent_words","embeddable":true,"href":"https:\/\/cargoholidays.com\/es\/wp-json\/wp\/v2\/yst_prominent_words?post=1245"}],"curies":[{"name":"wp","href":"https:\/\/api.w.org\/{rel}","templated":true}]}}