{"id":1128,"date":"2022-07-26T08:20:46","date_gmt":"2022-07-26T08:20:46","guid":{"rendered":"https:\/\/cargoholidays.com\/?page_id=1128"},"modified":"2022-07-26T14:20:30","modified_gmt":"2022-07-26T14:20:30","slug":"couples-cargo-cruise","status":"publish","type":"page","link":"https:\/\/cargoholidays.com\/es\/couples-cargo-cruise","title":{"rendered":"Couples Cargo Cruise"},"content":{"rendered":"<!-- Slideshow static content element + Bottom mask style 2  --><div class=\"kl-slideshow static-content__slideshow uh_light_gray maskcontainer--shadow_ud\">\n            <div class=\"bgback\">\n            <\/div>\n\n            <!-- Static content wrapper with custom minimum height (500px) = .min-500 -->\n            <div class=\"kl-slideshow-inner static-content__wrapper min-500\">\n                <!-- Static content source -->\n                <div class=\"static-content__source\">\n                    <!-- Background -->\n                    <div class=\"kl-bg-source\">\n                        <!-- Background image -->\n                        <div class=\"kl-bg-source__bgimage\" style=\"background-image:url(https:\/\/cargoholidays.com\/wp-content\/uploads\/2021\/02\/CARGOHOLIDAYS-CARGO-SHIP-TRAVEL-CARGO-CRUISE-CARGO-TRAVEL-FREIGHT-HOLIDAYS-CARGO-SHIP-CARGOHOLIDAYS31-scaled.jpg); background-repeat:no-repeat; background-attachment:scroll; background-position-x:center; background-position-y:center; background-size:cover;\">\n                        <\/div>\n                        <!-- Background image -->\n\n                        <!-- Gradient overlay -->\n                        <div class=\"kl-bg-source__overlay\" style=\"background:rgba(30,115,190,0.3); background: -moz-linear-gradient(left, rgba(30,115,190,0.3) 0%, rgba(53,53,53,0.3) 100%); background: -webkit-gradient(linear, left top, right top, color-stop(0%,rgba(30,115,190,0.3)), color-stop(100%,rgba(53,53,53,0.3))); background: -webkit-linear-gradient(left, rgba(30,115,190,0.3) 0%,rgba(53,53,53,0.3) 100%); background: -o-linear-gradient(left, rgba(30,115,190,0.3) 0%,rgba(53,53,53,0.3) 100%); background: -ms-linear-gradient(left, rgba(30,115,190,0.3) 0%,rgba(53,53,53,0.3) 100%); background: linear-gradient(to right, rgba(30,115,190,0.3) 0%,rgba(53,53,53,0.3) 100%);\">\n                        <\/div>\n                        <!--\/ Gradient overlay -->\n                    <\/div>\n                    <!--\/ Background -->\n\n                    <!-- Animated Sparkles -->\n                    <div class=\"th-sparkles\"><\/div>\n                    <!--\/ Animated Sparkles -->\n                <\/div>\n                <!--\/ .static-content__source -->\n\n                <!-- Static content container -->\n                <div class=\"static-content__inner container\">\n                    <!-- Container with safe padding default top 150px --> \n                    <div class=\"kl-slideshow-safepadding sc__container\">\n                        <!-- Static content wrapper -->\n                        <div class=\"static-content default-style\">\n                            <!-- Title -->   \n                            <h3 class=\"static-content__subtitle text-left\">\n                                <span class=\"fw-thin\">Couples Cargo Cruise<span data-rel=\"tooltip\" data-placement=\"top\" title=\"\" data-animation=\"true\" data-original-title=\"CARGOHOLIDAYS\"><\/span><\/span>\n                                <br> \n                                \n                            <\/h3>\n                            <!--\/ Title -->\n\n                            <!-- Info pop-up fade animation left aligned with top arrow -->\n                            <div class=\"static-content__infopop animated fadeBoxIn sc-infopop--left\" data-arrow=\"top\">\n                                <!-- Buy button -->\n                                <a class=\"sc-infopop__btn\" href=\"\/es\/void(%24zopim.livechat.window.openPopout())\/\" target=\"_self\" rel=\"noopener noreferrer\">CHAT EN VIVO<\/a>\n                                <!--\/ Buy button -->\n\n                                <!-- Info Text -->\n                                <h5 class=\"sc-infopop__text\"><strong>CONTACTO<\/strong> EE.UU.<\/h5>\n                                <!--\/ Info Text -->\n\n                                <div class=\"clear\">\n                                <\/div>\n                            <\/div>\n       \n                        <\/div>\n                        <!--\/ .static-content -->\n                    <\/div>\n                    <!--\/ Container with safe padding default top 150px -->\n                <\/div>\n                <!--\/ .kl-slideshow-inner__inner -->\n            <\/div>\n            <!--\/ Static content wrapper with custom minimum height (500px) = .min-500 -->\n\n            <!-- Bottom mask style 2  -->\n            <div class=\"kl-bottommask kl-bottommask--shadow_ud\">\n            <\/div>\n            <!--\/ Bottom mask style 2  -->\n        <\/div>\n        <!--\/ Slideshow static content element + Bottom mask style 2  -->\n\n        <!-- CALL-OUT BANNER \/ STYLE 2 section -->\n        <section class=\"hg_section bg-white\">\n            <div class=\"container\">\n                <div class=\"row\">\n                    <div class=\"col-md-12 col-sm-12\"> \n\n                        <!-- Call-out banner element - style 2 -->\n                        <div class=\"callout-banner clearfix\">\n                            <div class=\"row\">\n                                <div class=\"col-sm-12\">\n                                    <!-- Title -->  \n                                      <h3 class=\"m_title\"><span class=\"fw-thin\">Agencia de viajes Cargoholidays<span class=\"fw-semibold\"><\/span><\/span><\/h3> \n                                <\/div>\n                                <!--\/ col-sm-10 -->\n \n                            <\/div>\n                            <!--\/ row -->\n                        <\/div>\n                        <!--\/ Call-out banner element - style 2 -->\n                    <\/div>\n                    <!--\/ col-md-12 col-sm-12 -->\n                <\/div>\n                <!--\/ row -->\n            <\/div>\n            <!--\/ container -->\n        <\/section>\n        <!--\/ CALL-OUT BANNER \/ STYLE 2 section -->\n     <!-- Progress bars skill section -->\n        <section class=\"hg_section pt-70 pb-10\">\n            <div class=\"container\">\n                <div class=\"row\">\n                    \n                    <div class=\"col-sm-6 col-md-6\">\n                        <!-- Media container with custom content -->\n                        <div class=\"media-container media-container--type-pb h-600\">\n                            <!-- Background -->\n                            <div class=\"kl-bg-source\">\n                                <!-- IMAGE A REMETTRE https:\/\/UKMOTO.fr\/wp-content\/uploads\/2017\/07\/london7.jpg -->                                         \n                                <div class=\"kl-bg-source__bgimage\" style=\"background-image:url(https:\/\/cargoholidays.com\/wp-content\/uploads\/2021\/02\/CARGOHOLIDAYS-CARGO-SHIP-TRAVEL-CARGO-CRUISE-CARGO-TRAVEL-FREIGHT-HOLIDAYS-CARGO-SHIP-CARGOHOLIDAYS32-scaled.jpg);background-repeat:repeat;background-attachment:scroll;background-position:center center;background-size:cover\">\n                                <\/div>\n\n                                <!-- Overlay -->\n                                <div class=\"kl-bg-source__overlay\" style=\"background: rgba(10,10,10,0.16); background: -moz-linear-gradient(top,  rgba(10,10,10,0.16) 0%, rgba(20,20,20,0.76) 100%); background: -webkit-gradient(linear, left top, left bottom, color-stop(0%,rgba(10,10,10,0.16)), color-stop(100%,rgba(20,20,20,0.76))); background: -webkit-linear-gradient(top,  rgba(10,10,10,0.16) 0%,rgba(20,20,20,0.76) 100%); background: -o-linear-gradient(top,  rgba(10,10,10,0.16) 0%,rgba(20,20,20,0.76) 100%); background: -ms-linear-gradient(top,  rgba(10,10,10,0.16) 0%,rgba(20,20,20,0.76) 100%); background: linear-gradient(to bottom,  rgba(10,10,10,0.16) 0%,rgba(20,20,20,0.76) 100%); \">\n                                <\/div>\n                            <\/div>\n                            <!--\/ Background -->\n\n                            <div class=\"media-container-pb media-container-pb--alg-bottom\">\n                                <div class=\"row\">\n                                    <div class=\"col-lg-offset-2 col-md-offset-2 col-sm-offset-2 col-md-8 col-sm-8\">\n                                        <!-- Title -->\n                                        <div class=\"kl-title-block clearfix text-center tbk-icon-pos--after-title\">\n                                            <h2 class=\"white fw-bold\">Couples Cargo Cruise<\/h2>\n                                        <\/div>\n                                    <\/div>\n                                    <!--\/ col-lg-offset-2 col-md-offset-2 col-sm-offset-2 col-md-8 col-sm- -->\n\n                                    <div class=\"col-md-12 col-sm-12\">\n                                        <!-- Content -->\n                                        <div class=\"prt-hover-slidein\">\n                                            <!-- Sub-title -->\n                                            <div class=\"kl-title-block clearfix text-center tbk-icon-pos--after-title\">\n                                                <h4 class=\"tbk__subtitle\">CARGOHOLIDAYS THE BEST FREIGHT CRUISE ARROUND FOR Couples Cargo Cruise<\/h4>\n                                            <\/div>\n                                            <!--\/ Sub-title -->\n                                        <\/div>\n                                        <!--\/ Content -->\n                                    <\/div>\n                                    <!--\/ col-md-12 col-sm-12 -->\n                                <\/div>\n                                <!--\/ row -->\n                            <\/div>\n                            <!--\/ media container content -->\n                        <\/div>\n                        <!--\/ Media container with custom content -->\n\n                    <\/div>\n                    <!-- col-sm-6 col-md-6 -->\n\n                   <div class=\"col-sm-6 col-md-6\">\n\n\n\n<h2> Couples Cargo Cruise<\/h2>\n \n\n<p>\nIt is a unique experience for Couples Cargo Cruise, far more relaxed than you would imagine. Contrary to popular belief, you won&rsquo;t have to stay in shared accommodation, nor are you allowed to work for your passage.\n\nHundreds of cargo ships, carrying everything from fire engines to apples, sail across the oceans and many are more than happy to take passengers along for the journey. Here are 6 things to keep in mind if you want to travel by cargo ship for Couples Cargo Cruise.<\/p>\n\n<img src=\"https:\/\/cargoholidays.com\/wp-content\/uploads\/2022\/07\/scescr_mbpro_018.jpg\" alt=\"scescr mbpro 018 - Couples Cargo Cruise\" title=\"Couples Cargo Cruise\">\n<br>\n<p>\nLa mayor\u00eda de los cargueros s\u00f3lo disponen de unos pocos camarotes para invitados, por lo que debe reservar su viaje con hasta 6 meses de antelaci\u00f3n para asegurarse de que consigue una plaza en un barco que zarpe a una hora conveniente para usted. Acu\u00e9rdese de ponerse en contacto con un agente portuario antes de partir para comprobar la fecha de llegada y para que inmigraci\u00f3n selle su pasaporte.\n<\/p>\n\n<p>\nLa reserva del pasaje a bordo de un carguero suele incluir las comidas, el alojamiento y las tasas portuarias, as\u00ed como hasta 200 kg de equipaje, aunque las cantidades exactas pueden variar. Es posible que tenga que llevar sus propios libros o DVD para entretenerse y puede dejarlos a bordo para los siguientes pasajeros.\n<iframe loading=\"lazy\" width=\"560\" height=\"315\" src=\"https:\/\/www.youtube.com\/embed\/WWdwTxhCSCI\" title=\"Reproductor de v\u00eddeo de YouTube\" frameborder=\"0\" allow=\"accelerometer; autoplay; clipboard-write; encrypted-media; gyroscope; picture-in-picture\" allowfullscreen><\/iframe>\n\n<\/p>\n\n\n\n\n <p>\nWhat&rsquo;s it like to go for Couples Cargo Cruise ?\nThe level of luxury is dependent on the carrier. Some have DVD players and state-of-the-art entertainment facilities, others have VHS and a ping pong table, but if it&rsquo;s an experience you&rsquo;re after then you couldn&rsquo;t ask for more. Food varies from ship to ship (often depending on the nationality of the crew), and you will probably eat in the officer&rsquo;s mess along with the more senior crew onboard.\n<\/p>\n<img src=\"https:\/\/cargoholidays.com\/wp-content\/uploads\/2021\/09\/AdobeStock_348112755.jpeg\" alt=\"AdobeStock 348112755 - Couples Cargo Cruise\" title=\"Couples Cargo Cruise\">\n<br>\n<p>\nSe puede viajar a casi cualquier lugar del mundo en barco de carga. El inmenso tama\u00f1o de la industria naviera mundial hace que la mayor\u00eda de los grandes puertos acojan numerosos barcos cada d\u00eda. Las navieras tambi\u00e9n le permitir\u00e1n reservar para un determinado segmento de su viaje, o viajes de ida y vuelta. S\u00f3lo hay que ser flexible con los horarios. Las fechas de salida y los puertos de escala suelen estar sujetos a cambios en funci\u00f3n de la carga.\n<\/p>\n\n<p>If you&rsquo;re tempted to reach your next travel destination for Couples Cargo Cruise by container ship, be prepared to bring a lot of time &ndash; and you will be rewarded with memories beyond comparison. Trade in narrow rows of seats, endless queues, tight sightseeing schedules and fleeting impressions for a newfound type of peace and quiet, a novel sensation of distance and the priceless luxury of getting to know the ocean in its most beautiful manifestations.<\/p>\n  \n  La vida en los buques de carga puede ser sorprendentemente c\u00f3moda. No hay por qu\u00e9 sentirse inc\u00f3modo en un carguero. La mayor\u00eda de ellos tienen sus propias piscinas, gimnasios y saunas. Los camarotes, c\u00f3modamente amueblados, suelen ser m\u00e1s grandes que los de los cruceros.\n\n\n<p>\nEn los viejos tiempos, antes de la llegada del avi\u00f3n, la \u00fanica forma de viajar por los mares era por el mar. Se tardaba mucho tiempo en estos cruceros y normalmente las condiciones eran poco confortables. Hoy cualquiera puede volar al otro lado del mundo en horas. Otras personas optan por viajar a trav\u00e9s de los mares en cruceros que son b\u00e1sicamente enormes hoteles flotantes de lujo. Pero los buques de carga ofrecen un descanso de todo y un modo de viajar poco ortodoxo.\n\nViajar en carguero es mucho m\u00e1s que ir de A a B. Es una experiencia \u00fanica en s\u00ed misma. Si uno tiene un proyecto y quiere estar libre de distracciones (como escribir un libro o una tesis), pues no hay muchas distracciones en alta mar.\n\nLos cargueros suelen recorrer las zonas menos tur\u00edsticas del mundo a las que no llegan los cruceros\nNo s\u00f3lo se trata de un viaje real, sino que es una de las formas m\u00e1s ecol\u00f3gicas de viajar, ya que se trata de una parte muy peque\u00f1a de la carga total de los portacontenedores.\nLos buques de carga viajan durante todo el a\u00f1o, a diferencia de los cruceros, que dependen de la demanda de pasajeros, lo que significa que los cruceros a menudo s\u00f3lo navegan en temporada alta (normalmente en verano).\nCuando se es pasajero de un carguero, se suele cenar con el capit\u00e1n del barco y sus oficiales.\nEl nivel de alojamiento de los pasajeros suele ser muy bueno, ya que la mayor\u00eda de los camarotes de los cargueros tienen su propio aseo y ducha (\u00a1no hay que dormir en un contenedor!)\nLos cargueros suelen tener capacidad para 12 o menos pasajeros (para m\u00e1s de esa cantidad se necesita un m\u00e9dico), por lo que el carguero no va a estar abarrotado de otros pasajeros\n\n\n<a href=\"https:\/\/cargoholidays.com\/es\/download\/998\/\"><h3>Descargue nuestro folleto<\/h3><\/a>\n\n<iframe loading=\"lazy\" width=\"560\" height=\"315\" src=\"https:\/\/www.youtube.com\/embed\/kZT6bXDJCHg\" title=\"Reproductor de v\u00eddeo de YouTube\" frameborder=\"0\" allow=\"accelerometer; autoplay; clipboard-write; encrypted-media; gyroscope; picture-in-picture\" allowfullscreen><\/iframe>\n\n<\/p>\n<h2>LISTA DE LAS MAYORES EMPRESAS DE CARGA PARA RESERVAR CARGA<\/h2>\n<p><a href=\"https:\/\/www.maersk.com\">maersk<\/a>, <a href=\"https:\/\/www.msc.com\">msc<\/a>, <a href=\"https:\/\/www.hapag-lloyd.com\/en\/home.html\">hapag-lloyd<\/a>, <a href=\"https:\/\/www.one-line.com\/en\">una l\u00ednea<\/a>, <a href=\"https:\/\/www.evergreen-marine.com\">evergreen-marine<\/a>, <a href=\"https:\/\/www.yangming.com\">yangming<\/a>, <a href=\"https:\/\/www.pilship.com\">pilotaje<\/a>, <a href=\"http:\/\/www.hmm21.com\/cms\/company\/engn\/index.jsp\">hmm21<\/a>, <a href=\"https:\/\/www.zim.com\">zim<\/a>, <a href=\"https:\/\/www.wanhai.com\/views\/Main.xhtml\">wanhai<\/a>, <a href=\"http:\/\/www.ykzcwl.com\">ykzcwl<\/a>, <a href=\"http:\/\/www.irislgroup.com\">irislgroup<\/a>, <a href=\"http:\/\/www.kmtc.co.kr\">kmtc<\/a>, <a href=\"https:\/\/www.sitc.com\">sitc<\/a>, <a href=\"https:\/\/www.tslines.com\/en\">tslines<\/a>, <a href=\"https:\/\/smlines.com\/en\/\">smlines<\/a>, <a href=\"http:\/\/www.arkas.com.tr\/intro.html\">arkas<\/a>, <a href=\"http:\/\/www.sinokor.co.kr\/en\/index.html\">sinokor<\/a>, <a href=\"https:\/\/www.rclgroup.com\">rclgroup<\/a>, <a href=\"https:\/\/www.spil.co.id\">spil<\/a>, <a href=\"https:\/\/www.unifeeder.com\">unifeeder<\/a>, <a href=\"https:\/\/www.matson.com\">matson<\/a>, <a href=\"https:\/\/www.hapag-lloyd.com\/en\/home.html\">hapag-lloyd<\/a>, <a href=\"https:\/\/www.swireshipping.com\">swireshipping<\/a>, <a href=\"https:\/\/www.grimaldi.napoli.it\/en\/index.html\">grimaldi napoli<\/a>, <a href=\"https:\/\/www.cma-cgm.com\">cma-cgm<\/a><\/p> \n\n\n\n\n                    <\/div>\n                    <!--\/ col-sm-6 -->\n\n                <\/div>\n                <!--\/ row -->\n            <\/div>\n            <!--\/ container -->\n        <\/section>\n        <!--\/ Progress bars skill section --> \n\n          \n  <!-- Hover boxes section -->\n        <section class=\"hg_section ptop-20 pbottom-20\">\n            <div class=\"container\">\n                <div class=\"row\">\n                 \n\n                    <div class=\"col-md-4 col-sm-4\">\n                        <!-- Hover box element -->\n                        <div>\n                            <!-- Link box with background color -->\n                            <a href=\"#register_panel\" style=\"background-color: #4672B0;\" class=\"hover-box hover-box-2  popup-with-form\">\n                                <!-- Hover icon -->\n                                <span class=\"hb-circle\"><\/span>\n                                <!--\/ Hover icon -->\n\n                                <!-- Image\/Icon -->\n                                <img src=\"https:\/\/cargoholidays.com\/wp-content\/uploads\/2019\/06\/quote1.png\" class=\"hb-img rb-right\" alt=\"CARGOHOLIDAYS CARGO TRAVEL VESSEL TRIP SEA HOLIDAYS\" title=\"CARGOHOLIDAYS CARGO TRAVEL VESSEL TRIP SEA HOLIDAYS\">\n                                <!--\/ Image\/Icon -->\n\n                                <!-- Title -->\n                                <h3>Solicitar informaci\u00f3n<\/h3>\n                                <!--\/ Title -->\n\n                                <!-- Description -->\n                                <p>\n                                  Solicitar informaci\u00f3n<br>\n                               Nos pondremos en contacto con usted en 24 horas.\n                                <\/p>\n                                <!--\/ Description -->\n                            <\/a>\n                            <!--\/ Link box with background color -->\n                        <\/div>\n                        <!--\/ Hover box element -->\n                    <\/div>\n                    <!--\/ col-md-4 col-sm-4 -->\n\n                    <div class=\"col-md-4 col-sm-4\">\n                        <!-- Hover box element -->\n                        <div>\n                            <!-- Link box with background color-->\n                            <a href=\"#\" id=\"MyLiveChatScriptButton\" onclick=\"MyLiveChat_OpenDialog()\" style=\"background-color: #4672B0;\" class=\"hover-box hover-box-2\">\n                                <!-- Hover icon -->\n                                <span class=\"hb-circle\"><\/span>\n                                <!-- Hover icon -->\n\n                                <!-- Image\/Icon -->\n                                <img src=\"https:\/\/cargoholidays.com\/wp-content\/uploads\/2019\/06\/quote1.png\" class=\"hb-img rb-right\" alt=\"CARGOHOLIDAYS CARGO TRAVEL VESSEL TRIP SEA HOLIDAYS\" title=\"CARGOHOLIDAYS CARGO TRAVEL VESSEL TRIP SEA HOLIDAYS\">\n                                <!--\/ Image\/Icon -->\n\n                                <!-- Title -->\n                                <h3>Chat en vivo<\/h3>\n                                <!--\/ Title -->\n\n                                <!-- Subtitle -->\n                                <h4>Hable con nuestro equipo de vacaciones. <\/h4>\n                                <!-- Subtitle -->\n\n                                <!-- Description -->\n                                <p>\n                                   Nuestros asesores est\u00e1n m\u00e1s que dispuestos a responderle<br>\n                                     \n                                <\/p>\n                                <!--\/ Description -->\n                            <\/a>\n                            <!--\/ Link box with background color -->\n                        <\/div>\n                        <!--\/ Hover box element -->\n                    <\/div>\n                    <!--\/ col-md-4 col-sm-4 -->\n\n                    <div class=\"col-md-4 col-sm-4\">\n                        <!-- Hover box element -->\n                        <div>\n                            <!-- Link box with background image -->\n                            <a href=\"\" style=\"background-image:url(https:\/\/cargoholidays.com\/wp-content\/uploads\/2019\/06\/hb-catalogue1.png); background-color: #4672B0; background-size:cover\" class=\"hover-box hover-box-3\">\n                                <!-- Image\/Icon -->\n                                <img src=\"https:\/\/cargoholidays.com\/wp-content\/uploads\/2019\/06\/hb-catalogue1.png\" class=\"hb-img\" alt=\"CARGOHOLIDAYS CARGO TRAVEL VESSEL TRIP SEA HOLIDAYS\" title=\"CARGOHOLIDAYS CARGO TRAVEL VESSEL TRIP SEA HOLIDAYS\">\n                                <!--\/ Image\/Icon -->\n\n                                <!-- Title -->\n                                <h3>Descargue nuestro folleto<\/h3>\n                                <!--\/ Title -->\n\n                                <!-- Description -->\n                                <p>\n                                   Encuentre los precios y las ofertas de 2019 en nuestro folleto\n                                <\/p>\n                                <!--\/ Description -->\n                            <\/a>\n                            <!--\/ Link box with background image -->\n                        <\/div>\n                        <!--\/ Hover box element -->\n                    <\/div>\n                    <!--\/ col-md-4 col-sm-4 -->\n                <\/div>\n                <!--\/ row -->\n              <br>  <div class=\"row\"> [smartslider3 slider=3] \n <\/div>\n            <\/div>\n            <!--\/ container -->\n        <\/section>\n        <!--\/ Hover boxes section -->\n \n        <!--   \n        <section class=\"hg_section--relative ptop-160 pbottom-160\"> \n            <div class=\"kl-bg-source\"> \n                <div class=\"kl-bg-source__bgimage\" style=\"background-image:url(https:\/\/UKMOTO.fr\/wp-content\/uploads\/2017\/11\/bureau-1-2.jpg); background-repeat:no-repeat; background-attachment:scroll; background-position-x:center; background-position-y:center; background-size:cover\">\n                <\/div>\n               \n                <div class=\"kl-bg-source__overlay\" style=\"background-color:rgba(1,11,17,0.8)\">\n                <\/div>\n            \n            <\/div> \n\n            <div class=\"container\">\n                <div class=\"row\">\n                    <div class=\"col-md-12 col-sm-12\"> \n                        <div class=\"kl-title-block clearfix tbk--text-light text-center tbk--color-theme tbk-symbol--line tbk-icon-pos--after-title\">\n                          \n                            <h3 class=\"tbk__title \">RECHERCHER<\/h3> \n                            <div class=\"tbk__symbol \">\n                                <span><\/span>\n                            <\/div> \n                        <\/div> \n                    <\/div> \n\n                    <div class=\"col-md-12 col-sm-12\"> \n                        <div class=\"elm-searchbox elm-searchbox--transparent2 elm-searchbox--eff-normal\"> \n                            <div class=\"elm-searchbox__inner\">\n                                <form class=\"elm-searchbox__form\" action=\"https:\/\/UKMOTO.fr\" method=\"get\" target=\"_blank\">\n                                    <input name=\"s\" maxlength=\"30\" class=\"elm-searchbox__input\" type=\"text\" size=\"20\" value=\"\" placeholder=\"Entrer ce que vous desirez rechercher ..\">\n                                    <button type=\"submit\" id=\"searchbox_submit\" class=\"elm-searchbox__submit\">RECHERCHER<\/button>\n                                    <div class=\"clearfix\">\n                                    <\/div>\n                                <\/form>\n                            <\/div> \n                        <\/div> \n                    <\/div> \n                <\/div> \n            <\/div> \n        <\/section> \n         -->","protected":false},"excerpt":{"rendered":"<p>Couples Cargo Cruise LIVE CHAT CONTACT US Freighter travel agency cargoholidays Couples Cargo Cruise CARGOHOLIDAYS THE BEST FREIGHT CRUISE ARROUND FOR Couples Cargo Cruise Couples Cargo Cruise It is a unique experience for Couples Cargo Cruise, far more relaxed than you would imagine. Contrary to popular belief, you won&rsquo;t have to stay in shared accommodation, [&hellip;]<\/p>","protected":false},"author":1,"featured_media":883,"parent":0,"menu_order":0,"comment_status":"closed","ping_status":"closed","template":"","meta":[],"yst_prominent_words":[],"acf":[],"_links":{"self":[{"href":"https:\/\/cargoholidays.com\/es\/wp-json\/wp\/v2\/pages\/1128"}],"collection":[{"href":"https:\/\/cargoholidays.com\/es\/wp-json\/wp\/v2\/pages"}],"about":[{"href":"https:\/\/cargoholidays.com\/es\/wp-json\/wp\/v2\/types\/page"}],"author":[{"embeddable":true,"href":"https:\/\/cargoholidays.com\/es\/wp-json\/wp\/v2\/users\/1"}],"replies":[{"embeddable":true,"href":"https:\/\/cargoholidays.com\/es\/wp-json\/wp\/v2\/comments?post=1128"}],"version-history":[{"count":0,"href":"https:\/\/cargoholidays.com\/es\/wp-json\/wp\/v2\/pages\/1128\/revisions"}],"wp:featuredmedia":[{"embeddable":true,"href":"https:\/\/cargoholidays.com\/es\/wp-json\/wp\/v2\/media\/883"}],"wp:attachment":[{"href":"https:\/\/cargoholidays.com\/es\/wp-json\/wp\/v2\/media?parent=1128"}],"wp:term":[{"taxonomy":"yst_prominent_words","embeddable":true,"href":"https:\/\/cargoholidays.com\/es\/wp-json\/wp\/v2\/yst_prominent_words?post=1128"}],"curies":[{"name":"wp","href":"https:\/\/api.w.org\/{rel}","templated":true}]}}