{"id":518,"date":"2021-02-09T02:25:35","date_gmt":"2021-02-09T02:25:35","guid":{"rendered":"https:\/\/cargoholidays.com\/?page_id=518"},"modified":"2021-02-11T23:59:18","modified_gmt":"2021-02-11T23:59:18","slug":"passenger-cabins-on-freighters-for-slowtravel","status":"publish","type":"page","link":"https:\/\/cargoholidays.com\/de\/passagierkabinen-auf-frachtschiffen-fur-langsam-reisen","title":{"rendered":"Passagierkabinen auf Frachtschiffen f\u00fcr den Langsamverkehr"},"content":{"rendered":"<!-- Slideshow static content element + Bottom mask style 2  --><div class=\"kl-slideshow static-content__slideshow uh_light_gray maskcontainer--shadow_ud\">\n            <div class=\"bgback\">\n            <\/div>\n\n            <!-- Static content wrapper with custom minimum height (500px) = .min-500 -->\n            <div class=\"kl-slideshow-inner static-content__wrapper min-500\">\n                <!-- Static content source -->\n                <div class=\"static-content__source\">\n                    <!-- Background -->\n                    <div class=\"kl-bg-source\">\n                        <!-- Background image -->\n                        <div class=\"kl-bg-source__bgimage\" style=\"background-image:url(https:\/\/cargoholidays.com\/wp-content\/uploads\/2021\/02\/CARGOHOLIDAYS-CARGO-SHIP-TRAVEL-CARGO-CRUISE-CARGO-TRAVEL-FREIGHT-HOLIDAYS-CARGO-SHIP-CARGOHOLIDAYS33.jpg); background-repeat:no-repeat; background-attachment:scroll; background-position-x:center; background-position-y:center; background-size:cover;\">\n                        <\/div>\n                        <!-- Background image -->\n\n                        <!-- Gradient overlay -->\n                        <div class=\"kl-bg-source__overlay\" style=\"background:rgba(30,115,190,0.3); background: -moz-linear-gradient(left, rgba(30,115,190,0.3) 0%, rgba(53,53,53,0.3) 100%); background: -webkit-gradient(linear, left top, right top, color-stop(0%,rgba(30,115,190,0.3)), color-stop(100%,rgba(53,53,53,0.3))); background: -webkit-linear-gradient(left, rgba(30,115,190,0.3) 0%,rgba(53,53,53,0.3) 100%); background: -o-linear-gradient(left, rgba(30,115,190,0.3) 0%,rgba(53,53,53,0.3) 100%); background: -ms-linear-gradient(left, rgba(30,115,190,0.3) 0%,rgba(53,53,53,0.3) 100%); background: linear-gradient(to right, rgba(30,115,190,0.3) 0%,rgba(53,53,53,0.3) 100%);\">\n                        <\/div>\n                        <!--\/ Gradient overlay -->\n                    <\/div>\n                    <!--\/ Background -->\n\n                    <!-- Animated Sparkles -->\n                    <div class=\"th-sparkles\"><\/div>\n                    <!--\/ Animated Sparkles -->\n                <\/div>\n                <!--\/ .static-content__source -->\n\n                <!-- Static content container -->\n                <div class=\"static-content__inner container\">\n                    <!-- Container with safe padding default top 150px --> \n                    <div class=\"kl-slideshow-safepadding sc__container\">\n                        <!-- Static content wrapper -->\n                        <div class=\"static-content default-style\">\n                            <!-- Title -->   \n                            <h3 class=\"static-content__subtitle text-left\">\n                                <span class=\"fw-thin\">Passagierkabinen auf Frachtschiffen f\u00fcr den Langsamverkehr<span data-rel=\"tooltip\" data-placement=\"top\" title=\"\" data-animation=\"true\" data-original-title=\"CARGOHOLIDAYS\"><\/span><\/span>\n                                <br> \n                                \n                            <\/h3>\n                            <!--\/ Title -->\n\n                            <!-- Info pop-up fade animation left aligned with top arrow -->\n                            <div class=\"static-content__infopop animated fadeBoxIn sc-infopop--left\" data-arrow=\"top\">\n                                <!-- Buy button -->\n                                <a class=\"sc-infopop__btn\" href=\"\/de\/void(%24zopim.livechat.window.openPopout())\/\" target=\"_self\" rel=\"noopener noreferrer\">LIVE CHAT<\/a>\n                                <!--\/ Buy button -->\n\n                                <!-- Info Text -->\n                                <h5 class=\"sc-infopop__text\"><strong>KONTAKT<\/strong> US<\/h5>\n                                <!--\/ Info Text -->\n\n                                <div class=\"clear\">\n                                <\/div>\n                            <\/div>\n       \n                        <\/div>\n                        <!--\/ .static-content -->\n                    <\/div>\n                    <!--\/ Container with safe padding default top 150px -->\n                <\/div>\n                <!--\/ .kl-slideshow-inner__inner -->\n            <\/div>\n            <!--\/ Static content wrapper with custom minimum height (500px) = .min-500 -->\n\n            <!-- Bottom mask style 2  -->\n            <div class=\"kl-bottommask kl-bottommask--shadow_ud\">\n            <\/div>\n            <!--\/ Bottom mask style 2  -->\n        <\/div>\n        <!--\/ Slideshow static content element + Bottom mask style 2  -->\n\n        <!-- CALL-OUT BANNER \/ STYLE 2 section -->\n        <section class=\"hg_section bg-white\">\n            <div class=\"container\">\n                <div class=\"row\">\n                    <div class=\"col-md-12 col-sm-12\"> \n\n                        <!-- Call-out banner element - style 2 -->\n                        <div class=\"callout-banner clearfix\">\n                            <div class=\"row\">\n                                <div class=\"col-sm-12\">\n                                    <!-- Title -->  \n                                      <h3 class=\"m_title\"><span class=\"fw-thin\">Passagierkabinen auf Frachtschiffen f\u00fcr den Langsamverkehr<span class=\"fw-semibold\"><\/span><\/span><\/h3> \n                                <\/div>\n                                <!--\/ col-sm-10 -->\n \n                            <\/div>\n                            <!--\/ row -->\n                        <\/div>\n                        <!--\/ Call-out banner element - style 2 -->\n                    <\/div>\n                    <!--\/ col-md-12 col-sm-12 -->\n                <\/div>\n                <!--\/ row -->\n            <\/div>\n            <!--\/ container -->\n        <\/section>\n        <!--\/ CALL-OUT BANNER \/ STYLE 2 section -->\n     <!-- Progress bars skill section -->\n        <section class=\"hg_section pt-70 pb-10\">\n            <div class=\"container\">\n                <div class=\"row\">\n                    \n                    <div class=\"col-sm-6 col-md-6\">\n                        <!-- Media container with custom content -->\n                        <div class=\"media-container media-container--type-pb h-600\">\n                            <!-- Background -->\n                            <div class=\"kl-bg-source\">\n                                <!-- IMAGE A REMETTRE https:\/\/UKMOTO.fr\/wp-content\/uploads\/2017\/07\/london7.jpg -->                                         \n                                <div class=\"kl-bg-source__bgimage\" style=\"background-image:url(https:\/\/cargoholidays.com\/wp-content\/uploads\/2021\/02\/CARGOHOLIDAYS-CARGO-SHIP-TRAVEL-CARGO-CRUISE-CARGO-TRAVEL-FREIGHT-HOLIDAYS-CARGO-SHIP-CARGOHOLIDAYS34.jpg);background-repeat:repeat;background-attachment:scroll;background-position:center center;background-size:cover\">\n                                <\/div>\n\n                                <!-- Overlay -->\n                                <div class=\"kl-bg-source__overlay\" style=\"background: rgba(10,10,10,0.16); background: -moz-linear-gradient(top,  rgba(10,10,10,0.16) 0%, rgba(20,20,20,0.76) 100%); background: -webkit-gradient(linear, left top, left bottom, color-stop(0%,rgba(10,10,10,0.16)), color-stop(100%,rgba(20,20,20,0.76))); background: -webkit-linear-gradient(top,  rgba(10,10,10,0.16) 0%,rgba(20,20,20,0.76) 100%); background: -o-linear-gradient(top,  rgba(10,10,10,0.16) 0%,rgba(20,20,20,0.76) 100%); background: -ms-linear-gradient(top,  rgba(10,10,10,0.16) 0%,rgba(20,20,20,0.76) 100%); background: linear-gradient(to bottom,  rgba(10,10,10,0.16) 0%,rgba(20,20,20,0.76) 100%); \">\n                                <\/div>\n                            <\/div>\n                            <!--\/ Background -->\n\n                            <div class=\"media-container-pb media-container-pb--alg-bottom\">\n                                <div class=\"row\">\n                                    <div class=\"col-lg-offset-2 col-md-offset-2 col-sm-offset-2 col-md-8 col-sm-8\">\n                                        <!-- Title -->\n                                        <div class=\"kl-title-block clearfix text-center tbk-icon-pos--after-title\">\n                                            <h2 class=\"white fw-bold\">Passagierkabinen auf Frachtschiffen f\u00fcr den Langsamverkehr<\/h2>\n                                        <\/div>\n                                    <\/div>\n                                    <!--\/ col-lg-offset-2 col-md-offset-2 col-sm-offset-2 col-md-8 col-sm- -->\n\n                                    <div class=\"col-md-12 col-sm-12\">\n                                        <!-- Content -->\n                                        <div class=\"prt-hover-slidein\">\n                                            <!-- Sub-title -->\n                                            <div class=\"kl-title-block clearfix text-center tbk-icon-pos--after-title\">\n                                                <h4 class=\"tbk__subtitle\">CARGOHOLIDAYS DIE BESTE FRACHTKREUZFAHRT DER WELT<\/h4>\n                                            <\/div>\n                                            <!--\/ Sub-title -->\n                                        <\/div>\n                                        <!--\/ Content -->\n                                    <\/div>\n                                    <!--\/ col-md-12 col-sm-12 -->\n                                <\/div>\n                                <!--\/ row -->\n                            <\/div>\n                            <!--\/ media container content -->\n                        <\/div>\n                        <!--\/ Media container with custom content -->\n\n                    <\/div>\n                    <!-- col-sm-6 col-md-6 -->\n\n                   <div class=\"col-sm-6 col-md-6\">\n\n\n\n<h2>Passagierkabinen auf Frachtschiffen f\u00fcr den Langsamverkehr<\/h2>\n \n\n<p>\nPassagierkabinen auf Frachtschiffen f\u00fcr den Langsamverkehr. Bei den Passagieren auf Frachtschiffen handelt es sich haupts\u00e4chlich um Rentner und Fr\u00fchrentner, die sich die Zeit leisten k\u00f6nnen (eine Seereise dauert etwa einen Tag, um die gleiche Strecke zur\u00fcckzulegen wie eine Stunde Flugreise). Es gibt auch viele zur\u00fcckkehrende Studenten, umziehende F\u00fchrungskr\u00e4fte und ihre Familien sowie Menschen, die das Fliegen einfach leid sind. Frachtschiffe nehmen in der Regel nicht mehr als 12 Passagiere in Passagierkabinen auf Frachtschiffen mit, da Schiffe, die mehr als 12 Passagiere auf internationalen Fahrten bef\u00f6rdern, aufgrund internationaler Sicherheitsvorschriften wie Passagierschiffe gebaut und ausgestattet werden m\u00fcssen.\n\nDie k\u00fcrzesten Passagen sind nat\u00fcrlich die Transatlantikpassagen, die zwischen acht und zw\u00f6lf Tagen pro Strecke dauern, w\u00e4hrend eine Weltreise in 80 bis 120 Tagen zur\u00fcckgelegt werden kann. Eine Reise von Marseille nach Kapstadt kann bis zu 25 Tage dauern. F\u00fcr noch k\u00fcrzere Passagen werden in Europa Reisen angeboten, bei denen die Nordsee \u00fcberquert oder die Ostsee in 5 bis 10 Tagen mit Passagierkabinen umfahren wird. Die Frachtschiffe laufen unterwegs manchmal H\u00e4fen an, um Fracht zu laden oder zu l\u00f6schen, was zwischen 12 und 36 Stunden dauern kann (Frachtkabinen). Sie m\u00fcssen alle Visa f\u00fcr diese Zwischenstopps in Ihrem Reisepass haben, um reisen zu d\u00fcrfen. Dies bedeutet jedoch, dass Sie einige Zeit an Land verbringen k\u00f6nnen. \n<\/p>\n\n\n\n\n <p>\nIn der Regel haben Sie in den Passagierkabinen von Frachtschiffen f\u00fcr den Langsamverkehr eine kleine Kabine und Zugang zu den Einrichtungen der Besatzung, wie Aufenthaltsraum, Messe und Gemeinschaftsr\u00e4ume. Das Abendessen wird in der Regel gemeinsam mit der Schiffsbesatzung eingenommen. Auf einigen deutschen Schiffen gibt es sogar Kabinen, die sowohl einen Aufenthalts- als auch einen Schlafraum und ein eigenes Bad umfassen. Alle Frachtschiffkabinen sind Au\u00dfenkabinen, au\u00dfer bei Grimaldi Lines, die auch Innenkabinen haben. Bei den meisten Reiseveranstaltern erhalten die Passagiere Kabinen, die sowohl Dusche als auch Toilette auf Passagierkabinen auf Frachtschiffen haben.\n\nAlleinreisende sind besonders im Vorteil, da der Einzelzimmerzuschlag in der Regel auf 10% bis 25% begrenzt ist (im Vergleich zu 50 bis 100% auf Frachtschiffen) und einige Schiffe Einzelkabinen zu den gleichen Preisen wie Doppelkabinen anbieten.\n\nWein, Bier und Spirituosen sind zu zollfreien Preisen erh\u00e4ltlich (auf Kreuzfahrtschiffen werden inzwischen Landpreise erhoben), und auf franz\u00f6sischen und italienischen Schiffen ist Tischwein zum Mittag- und Abendessen inbegriffen.\n\nIn vielen Reisef\u00fchrern ist zwar von F\u00e4hren \u00fcber das Kaspische Meer die Rede, doch handelt es sich dabei um Frachtschiffe, auf denen Sie Ihr eigenes Essen mitbringen m\u00fcssen, und auf Passagierkabinen sollten Sie auch Wasser in Flaschen mitnehmen. Planen Sie auf solchen Schiffen mehr ein, als Sie f\u00fcr die angegebene Zeit ben\u00f6tigen, da die Schiffe bis zu einer Woche auf das Einlaufen in die H\u00e4fen warten k\u00f6nnen.\n\n\nAu\u00dfer der Kantine gibt es keine gr\u00f6\u00dferen Aktivit\u00e4ten, Restaurants oder andere Ablenkungen an Bord. Fernsehen oder Radio gibt es nicht, aber Videos und manchmal auch B\u00fccher sind an Bord zu finden. Einige Schiffe haben einen (Meerwasser-)Pool und eine Sauna, einen Fitnessraum und Tischtennis an Bord. Die Hauptaktivit\u00e4ten bestehen darin, das Meer, das Wetter, die V\u00f6gel, die Delfine und die Landschaft zu genie\u00dfen, w\u00e4hrend man sich in der N\u00e4he des Hafens oder in Landn\u00e4he aufh\u00e4lt, oder sogar Kan\u00e4le zu durchqueren, wenn man sich f\u00fcr diese Art von Reise entschieden hat. \n <\/p>\n\n\n\n\n\n                    <\/div>\n                    <!--\/ col-sm-6 -->\n\n                <\/div>\n                <!--\/ row -->\n            <\/div>\n            <!--\/ container -->\n        <\/section>\n        <!--\/ Progress bars skill section --> \n\n          \n  <!-- Hover boxes section -->\n        <section class=\"hg_section ptop-20 pbottom-20\">\n            <div class=\"container\">\n                <div class=\"row\">\n                 \n\n                    <div class=\"col-md-4 col-sm-4\">\n                        <!-- Hover box element -->\n                        <div>\n                            <!-- Link box with background color -->\n                            <a href=\"#register_panel\" style=\"background-color: #4672B0;\" class=\"hover-box hover-box-2  popup-with-form\">\n                                <!-- Hover icon -->\n                                <span class=\"hb-circle\"><\/span>\n                                <!--\/ Hover icon -->\n\n                                <!-- Image\/Icon -->\n                                <img src=\"https:\/\/cargoholidays.com\/wp-content\/uploads\/2019\/06\/quote1.png\" class=\"hb-img rb-right\" alt=\"CARGOHOLIDAYS FRACHTREISE SCHIFFSREISE SEEFERIEN\" title=\"CARGOHOLIDAYS FRACHTREISE SCHIFFSREISE SEEFERIEN\">\n                                <!--\/ Image\/Icon -->\n\n                                <!-- Title -->\n                                <h3>Jetzt anfragen<\/h3>\n                                <!--\/ Title -->\n\n                                <!-- Description -->\n                                <p>\n                                  Jetzt anfragen<br>\n                               Wir werden uns innerhalb von 24 Stunden bei Ihnen melden!\n                                <\/p>\n                                <!--\/ Description -->\n                            <\/a>\n                            <!--\/ Link box with background color -->\n                        <\/div>\n                        <!--\/ Hover box element -->\n                    <\/div>\n                    <!--\/ col-md-4 col-sm-4 -->\n\n                    <div class=\"col-md-4 col-sm-4\">\n                        <!-- Hover box element -->\n                        <div>\n                            <!-- Link box with background color-->\n                            <a href=\"#\" id=\"MyLiveChatScriptButton\" onclick=\"MyLiveChat_OpenDialog()\" style=\"background-color: #4672B0;\" class=\"hover-box hover-box-2\">\n                                <!-- Hover icon -->\n                                <span class=\"hb-circle\"><\/span>\n                                <!-- Hover icon -->\n\n                                <!-- Image\/Icon -->\n                                <img src=\"https:\/\/cargoholidays.com\/wp-content\/uploads\/2019\/06\/quote1.png\" class=\"hb-img rb-right\" alt=\"CARGOHOLIDAYS FRACHTREISE SCHIFFSREISE SEEFERIEN\" title=\"CARGOHOLIDAYS FRACHTREISE SCHIFFSREISE SEEFERIEN\">\n                                <!--\/ Image\/Icon -->\n\n                                <!-- Title -->\n                                <h3>Live-Chat<\/h3>\n                                <!--\/ Title -->\n\n                                <!-- Subtitle -->\n                                <h4>Sprechen Sie mit unserem Urlaubsteam! <\/h4>\n                                <!-- Subtitle -->\n\n                                <!-- Description -->\n                                <p>\n                                   Unsere Berater sind herzlich eingeladen, Ihnen zu antworten<br>\n                                     \n                                <\/p>\n                                <!--\/ Description -->\n                            <\/a>\n                            <!--\/ Link box with background color -->\n                        <\/div>\n                        <!--\/ Hover box element -->\n                    <\/div>\n                    <!--\/ col-md-4 col-sm-4 -->\n\n                    <div class=\"col-md-4 col-sm-4\">\n                        <!-- Hover box element -->\n                        <div>\n                            <!-- Link box with background image -->\n                            <a href=\"\" style=\"background-image:url(https:\/\/cargoholidays.com\/wp-content\/uploads\/2019\/06\/hb-catalogue1.png); background-color: #4672B0; background-size:cover\" class=\"hover-box hover-box-3\">\n                                <!-- Image\/Icon -->\n                                <img src=\"https:\/\/cargoholidays.com\/wp-content\/uploads\/2019\/06\/hb-catalogue1.png\" class=\"hb-img\" alt=\"CARGOHOLIDAYS FRACHTREISE SCHIFFSREISE SEEFERIEN\" title=\"CARGOHOLIDAYS FRACHTREISE SCHIFFSREISE SEEFERIEN\">\n                                <!--\/ Image\/Icon -->\n\n                                <!-- Title -->\n                                <h3>Download unserer Brosch\u00fcre<\/h3>\n                                <!--\/ Title -->\n\n                                <!-- Description -->\n                                <p>\n                                   Preise und Angebote f\u00fcr 2019 finden Sie in unserer Brosch\u00fcre\n                                <\/p>\n                                <!--\/ Description -->\n                            <\/a>\n                            <!--\/ Link box with background image -->\n                        <\/div>\n                        <!--\/ Hover box element -->\n                    <\/div>\n                    <!--\/ col-md-4 col-sm-4 -->\n                <\/div>\n                <!--\/ row -->\n              <br>  <div class=\"row\"> [smartslider3 slider=3] \n <\/div>\n            <\/div>\n            <!--\/ container -->\n        <\/section>\n        <!--\/ Hover boxes section -->\n \n        <!--   \n        <section class=\"hg_section--relative ptop-160 pbottom-160\"> \n            <div class=\"kl-bg-source\"> \n                <div class=\"kl-bg-source__bgimage\" style=\"background-image:url(https:\/\/UKMOTO.fr\/wp-content\/uploads\/2017\/11\/bureau-1-2.jpg); background-repeat:no-repeat; background-attachment:scroll; background-position-x:center; background-position-y:center; background-size:cover\">\n                <\/div>\n               \n                <div class=\"kl-bg-source__overlay\" style=\"background-color:rgba(1,11,17,0.8)\">\n                <\/div>\n            \n            <\/div> \n\n            <div class=\"container\">\n                <div class=\"row\">\n                    <div class=\"col-md-12 col-sm-12\"> \n                        <div class=\"kl-title-block clearfix tbk--text-light text-center tbk--color-theme tbk-symbol--line tbk-icon-pos--after-title\">\n                          \n                            <h3 class=\"tbk__title \">RECHERCHER<\/h3> \n                            <div class=\"tbk__symbol \">\n                                <span><\/span>\n                            <\/div> \n                        <\/div> \n                    <\/div> \n\n                    <div class=\"col-md-12 col-sm-12\"> \n                        <div class=\"elm-searchbox elm-searchbox--transparent2 elm-searchbox--eff-normal\"> \n                            <div class=\"elm-searchbox__inner\">\n                                <form class=\"elm-searchbox__form\" action=\"https:\/\/UKMOTO.fr\" method=\"get\" target=\"_blank\">\n                                    <input name=\"s\" maxlength=\"30\" class=\"elm-searchbox__input\" type=\"text\" size=\"20\" value=\"\" placeholder=\"Entrer ce que vous desirez rechercher ..\">\n                                    <button type=\"submit\" id=\"searchbox_submit\" class=\"elm-searchbox__submit\">RECHERCHER<\/button>\n                                    <div class=\"clearfix\">\n                                    <\/div>\n                                <\/form>\n                            <\/div> \n                        <\/div> \n                    <\/div> \n                <\/div> \n            <\/div> \n        <\/section> \n         -->","protected":false},"excerpt":{"rendered":"<p>Passagierkabinen auf Frachtern f\u00fcr Slowtravel LIVE CHAT CONTACT US Passagierkabinen auf Frachtern f\u00fcr Slowtravel Passagierkabinen auf Frachtern f\u00fcr Slowtravel CARGOHOLIDAYS DIE BESTE FREIZEITREISE RUND um Passagierkabinen auf Frachtern f\u00fcr Slowtravel Passagierkabinen auf Frachtern f\u00fcr Slowtravel. Passagiere auf Frachtern sind haupts\u00e4chlich Rentner und Fr\u00fchrentner, die sich die Zeit nehmen k\u00f6nnen, [...]<\/p>","protected":false},"author":1,"featured_media":467,"parent":0,"menu_order":0,"comment_status":"closed","ping_status":"closed","template":"","meta":[],"yst_prominent_words":[456,452,451,67,424,446,454,121,449,448,120,453,450,447,423,66,73,58,455,65],"acf":[],"_links":{"self":[{"href":"https:\/\/cargoholidays.com\/de\/wp-json\/wp\/v2\/pages\/518"}],"collection":[{"href":"https:\/\/cargoholidays.com\/de\/wp-json\/wp\/v2\/pages"}],"about":[{"href":"https:\/\/cargoholidays.com\/de\/wp-json\/wp\/v2\/types\/page"}],"author":[{"embeddable":true,"href":"https:\/\/cargoholidays.com\/de\/wp-json\/wp\/v2\/users\/1"}],"replies":[{"embeddable":true,"href":"https:\/\/cargoholidays.com\/de\/wp-json\/wp\/v2\/comments?post=518"}],"version-history":[{"count":0,"href":"https:\/\/cargoholidays.com\/de\/wp-json\/wp\/v2\/pages\/518\/revisions"}],"wp:featuredmedia":[{"embeddable":true,"href":"https:\/\/cargoholidays.com\/de\/wp-json\/wp\/v2\/media\/467"}],"wp:attachment":[{"href":"https:\/\/cargoholidays.com\/de\/wp-json\/wp\/v2\/media?parent=518"}],"wp:term":[{"taxonomy":"yst_prominent_words","embeddable":true,"href":"https:\/\/cargoholidays.com\/de\/wp-json\/wp\/v2\/yst_prominent_words?post=518"}],"curies":[{"name":"wp","href":"https:\/\/api.w.org\/{rel}","templated":true}]}}