{"id":491,"date":"2021-02-09T02:20:37","date_gmt":"2021-02-09T02:20:37","guid":{"rendered":"https:\/\/cargoholidays.com\/?page_id=491"},"modified":"2021-02-12T00:14:11","modified_gmt":"2021-02-12T00:14:11","slug":"cargo-ship-travel-australia-from-europe","status":"publish","type":"page","link":"https:\/\/cargoholidays.com\/de\/frachtschiff-reise-australien-von-europa","title":{"rendered":"Frachtschiffreise Australien von Europa aus"},"content":{"rendered":"<!-- Slideshow static content element + Bottom mask style 2  --><div class=\"kl-slideshow static-content__slideshow uh_light_gray maskcontainer--shadow_ud\">\n            <div class=\"bgback\">\n            <\/div>\n\n            <!-- Static content wrapper with custom minimum height (500px) = .min-500 -->\n            <div class=\"kl-slideshow-inner static-content__wrapper min-500\">\n                <!-- Static content source -->\n                <div class=\"static-content__source\">\n                    <!-- Background -->\n                    <div class=\"kl-bg-source\">\n                        <!-- Background image -->\n                        <div class=\"kl-bg-source__bgimage\" style=\"background-image:url(https:\/\/cargoholidays.com\/wp-content\/uploads\/2021\/02\/CARGOHOLIDAYS-CARGO-SHIP-TRAVEL-CARGO-CRUISE-CARGO-TRAVEL-FREIGHT-HOLIDAYS-CARGO-SHIP-CARGOHOLIDAYS7.jpg); background-repeat:no-repeat; background-attachment:scroll; background-position-x:center; background-position-y:center; background-size:cover;\">\n                        <\/div>\n                        <!-- Background image -->\n\n                        <!-- Gradient overlay -->\n                        <div class=\"kl-bg-source__overlay\" style=\"background:rgba(30,115,190,0.3); background: -moz-linear-gradient(left, rgba(30,115,190,0.3) 0%, rgba(53,53,53,0.3) 100%); background: -webkit-gradient(linear, left top, right top, color-stop(0%,rgba(30,115,190,0.3)), color-stop(100%,rgba(53,53,53,0.3))); background: -webkit-linear-gradient(left, rgba(30,115,190,0.3) 0%,rgba(53,53,53,0.3) 100%); background: -o-linear-gradient(left, rgba(30,115,190,0.3) 0%,rgba(53,53,53,0.3) 100%); background: -ms-linear-gradient(left, rgba(30,115,190,0.3) 0%,rgba(53,53,53,0.3) 100%); background: linear-gradient(to right, rgba(30,115,190,0.3) 0%,rgba(53,53,53,0.3) 100%);\">\n                        <\/div>\n                        <!--\/ Gradient overlay -->\n                    <\/div>\n                    <!--\/ Background -->\n\n                    <!-- Animated Sparkles -->\n                    <div class=\"th-sparkles\"><\/div>\n                    <!--\/ Animated Sparkles -->\n                <\/div>\n                <!--\/ .static-content__source -->\n\n                <!-- Static content container -->\n                <div class=\"static-content__inner container\">\n                    <!-- Container with safe padding default top 150px --> \n                    <div class=\"kl-slideshow-safepadding sc__container\">\n                        <!-- Static content wrapper -->\n                        <div class=\"static-content default-style\">\n                            <!-- Title -->   \n                            <h3 class=\"static-content__subtitle text-left\">\n                                <span class=\"fw-thin\">Frachtschiffreise Australien von Europa aus<span data-rel=\"tooltip\" data-placement=\"top\" title=\"\" data-animation=\"true\" data-original-title=\"CARGOHOLIDAYS\"><\/span><\/span>\n                                <br> \n                                \n                            <\/h3>\n                            <!--\/ Title -->\n\n                            <!-- Info pop-up fade animation left aligned with top arrow -->\n                            <div class=\"static-content__infopop animated fadeBoxIn sc-infopop--left\" data-arrow=\"top\">\n                                <!-- Buy button -->\n                                <a class=\"sc-infopop__btn\" href=\"\/de\/void(%24zopim.livechat.window.openPopout())\/\" target=\"_self\" rel=\"noopener noreferrer\">LIVE CHAT<\/a>\n                                <!--\/ Buy button -->\n\n                                <!-- Info Text -->\n                                <h5 class=\"sc-infopop__text\"><strong>KONTAKT<\/strong> US<\/h5>\n                                <!--\/ Info Text -->\n\n                                <div class=\"clear\">\n                                <\/div>\n                            <\/div>\n       \n                        <\/div>\n                        <!--\/ .static-content -->\n                    <\/div>\n                    <!--\/ Container with safe padding default top 150px -->\n                <\/div>\n                <!--\/ .kl-slideshow-inner__inner -->\n            <\/div>\n            <!--\/ Static content wrapper with custom minimum height (500px) = .min-500 -->\n\n            <!-- Bottom mask style 2  -->\n            <div class=\"kl-bottommask kl-bottommask--shadow_ud\">\n            <\/div>\n            <!--\/ Bottom mask style 2  -->\n        <\/div>\n        <!--\/ Slideshow static content element + Bottom mask style 2  -->\n\n        <!-- CALL-OUT BANNER \/ STYLE 2 section -->\n        <section class=\"hg_section bg-white\">\n            <div class=\"container\">\n                <div class=\"row\">\n                    <div class=\"col-md-12 col-sm-12\"> \n\n                        <!-- Call-out banner element - style 2 -->\n                        <div class=\"callout-banner clearfix\">\n                            <div class=\"row\">\n                                <div class=\"col-sm-12\">\n                                    <!-- Title -->  \n                                      <h3 class=\"m_title\"><span class=\"fw-thin\">Frachtschiffreise Australien von Europa aus<span class=\"fw-semibold\"><\/span><\/span><\/h3> \n                                <\/div>\n                                <!--\/ col-sm-10 -->\n \n                            <\/div>\n                            <!--\/ row -->\n                        <\/div>\n                        <!--\/ Call-out banner element - style 2 -->\n                    <\/div>\n                    <!--\/ col-md-12 col-sm-12 -->\n                <\/div>\n                <!--\/ row -->\n            <\/div>\n            <!--\/ container -->\n        <\/section>\n        <!--\/ CALL-OUT BANNER \/ STYLE 2 section -->\n     <!-- Progress bars skill section -->\n        <section class=\"hg_section pt-70 pb-10\">\n            <div class=\"container\">\n                <div class=\"row\">\n                    \n                    <div class=\"col-sm-6 col-md-6\">\n                        <!-- Media container with custom content -->\n                        <div class=\"media-container media-container--type-pb h-600\">\n                            <!-- Background -->\n                            <div class=\"kl-bg-source\">\n                                <!-- IMAGE A REMETTRE https:\/\/UKMOTO.fr\/wp-content\/uploads\/2017\/07\/london7.jpg -->                                         \n                                <div class=\"kl-bg-source__bgimage\" style=\"background-image:url(https:\/\/cargoholidays.com\/wp-content\/uploads\/2021\/02\/CARGOHOLIDAYS-CARGO-SHIP-TRAVEL-CARGO-CRUISE-CARGO-TRAVEL-FREIGHT-HOLIDAYS-CARGO-SHIP-CARGOHOLIDAYS8-scaled.jpg);background-repeat:repeat;background-attachment:scroll;background-position:center center;background-size:cover\">\n                                <\/div>\n\n                                <!-- Overlay -->\n                                <div class=\"kl-bg-source__overlay\" style=\"background: rgba(10,10,10,0.16); background: -moz-linear-gradient(top,  rgba(10,10,10,0.16) 0%, rgba(20,20,20,0.76) 100%); background: -webkit-gradient(linear, left top, left bottom, color-stop(0%,rgba(10,10,10,0.16)), color-stop(100%,rgba(20,20,20,0.76))); background: -webkit-linear-gradient(top,  rgba(10,10,10,0.16) 0%,rgba(20,20,20,0.76) 100%); background: -o-linear-gradient(top,  rgba(10,10,10,0.16) 0%,rgba(20,20,20,0.76) 100%); background: -ms-linear-gradient(top,  rgba(10,10,10,0.16) 0%,rgba(20,20,20,0.76) 100%); background: linear-gradient(to bottom,  rgba(10,10,10,0.16) 0%,rgba(20,20,20,0.76) 100%); \">\n                                <\/div>\n                            <\/div>\n                            <!--\/ Background -->\n\n                            <div class=\"media-container-pb media-container-pb--alg-bottom\">\n                                <div class=\"row\">\n                                    <div class=\"col-lg-offset-2 col-md-offset-2 col-sm-offset-2 col-md-8 col-sm-8\">\n                                        <!-- Title -->\n                                        <div class=\"kl-title-block clearfix text-center tbk-icon-pos--after-title\">\n                                            <h2 class=\"white fw-bold\">Frachtschiffreise Australien von Europa aus<\/h2>\n                                        <\/div>\n                                    <\/div>\n                                    <!--\/ col-lg-offset-2 col-md-offset-2 col-sm-offset-2 col-md-8 col-sm- -->\n\n                                    <div class=\"col-md-12 col-sm-12\">\n                                        <!-- Content -->\n                                        <div class=\"prt-hover-slidein\">\n                                            <!-- Sub-title -->\n                                            <div class=\"kl-title-block clearfix text-center tbk-icon-pos--after-title\">\n                                                <h4 class=\"tbk__subtitle\">CARGOHOLIDAYS DIE BESTE FRACHTKREUZFAHRT DER WELT<\/h4>\n                                            <\/div>\n                                            <!--\/ Sub-title -->\n                                        <\/div>\n                                        <!--\/ Content -->\n                                    <\/div>\n                                    <!--\/ col-md-12 col-sm-12 -->\n                                <\/div>\n                                <!--\/ row -->\n                            <\/div>\n                            <!--\/ media container content -->\n                        <\/div>\n                        <!--\/ Media container with custom content -->\n\n                    <\/div>\n                    <!-- col-sm-6 col-md-6 -->\n\n                   <div class=\"col-sm-6 col-md-6\">\n\n\n\n<h2>Frachtschiffreise Australien von Europa aus<\/h2>\n \n\n<p>\nFrachtschiffreisen Australien ab Europa. Sie k\u00f6nnen Containerschiffsreisen so ziemlich von \u00fcberall nach \u00fcberall buchen. Egal, ob Sie von Australien oder Neuseeland, Europa, Asien, Nordamerika, Afrika, S\u00fcdamerika oder kleinen Gebieten innerhalb der Kontinente wie rund um das Mittelmeer oder die Karibik zu Frachtschiffreisen nach Australien starten.\n\nZus\u00e4tzlich zu den Schiffsreisen Australien bieten die Reedereien, genau wie die Fluggesellschaften, einfache Fahrten oder Hin- und R\u00fcckfahrten sowie Abschnitte einer langen Strecke an. Die Linie, mit der ich gereist bin, verbindet zum Beispiel Europa mit Asien, was etwa zwei Monate dauert. In Anbetracht meiner zeitlichen und finanziellen Beschr\u00e4nkungen habe ich mich jedoch entschieden, nur f\u00fcr einen Zeitraum von 4 Wochen zu buchen.\n\nVerschiedene Unternehmen decken unterschiedliche Teile des Globus ab. Die Erfahrung hat gezeigt, dass fast keine der Gesellschaften komplette Reiserouten auflistet, sondern stattdessen ein ma\u00dfgeschneidertes Konzept verfolgt. Das macht Sinn, wenn man bedenkt, wie schnell sich alles \u00e4ndert. Die Anlaufh\u00e4fen, die Aufenthaltsdauer in den einzelnen H\u00e4fen oder die gesamte Route f\u00fcr Frachtschiffreisen nach Australien! \n<\/p>\n\n\n\n\n <p>\nDie beliebtesten Routen buchen weit im Voraus Frachtschiffreisen Australien von Europa. Man k\u00f6nnte meinen, dass niemand auf einem Containerschiff reist, aber wenn man bedenkt, dass auf jedem Schiff nur 2 bis 6 Kabinen verf\u00fcgbar sind, kann es sein, dass man die gew\u00fcnschte Route nicht bekommt, wenn man nicht schnell ist. Die meisten Reiseb\u00fcros empfehlen, mindestens 6 Monate im Voraus zu buchen, um b\u00f6se \u00dcberraschungen auf Frachtschiffreisen nach Australien zu vermeiden.\n\nEs ist auch sehr wichtig, dass Sie eine Vorstellung davon haben, wo, wann und wie viel Sie bereit sind auszugeben, bevor Sie sich an jemanden wenden. Eine sehr grobe Sch\u00e4tzung f\u00fcr die Kosten einer Frachtschiffreise liegt bei 100 - 120 Euro pro Tag.\n\nDas habe ich schon fr\u00fch herausgefunden, als ich ein paar allgemeine Anfragen verschickte und Schablonenantworten zur\u00fcckbekam, die ich nur als warnend bezeichnen kann. Was will ich damit sagen?\n\nNun, es scheint, dass viele Leute den Eindruck haben, dass man auf Containerschiffen im Austausch f\u00fcr Transport und Verpflegung auf Frachtschiffreisen arbeiten kann, oder dass sie eine billigere Alternative zum Fliegen sind. Diese beiden Annahmen sind falsch.\n\nArbeiten ist aus versicherungstechnischen Gr\u00fcnden strengstens untersagt, und Fliegen ist fast immer billiger. Daher sind die meisten Vorlagen-E-Mails insofern warnend, als sie aktiv versuchen, Menschen, die unter diese Kategorien fallen, abzuschrecken.\n <\/p>\n\n\n\n\n\n                    <\/div>\n                    <!--\/ col-sm-6 -->\n\n                <\/div>\n                <!--\/ row -->\n            <\/div>\n            <!--\/ container -->\n        <\/section>\n        <!--\/ Progress bars skill section --> \n\n          \n  <!-- Hover boxes section -->\n        <section class=\"hg_section ptop-20 pbottom-20\">\n            <div class=\"container\">\n                <div class=\"row\">\n                 \n\n                    <div class=\"col-md-4 col-sm-4\">\n                        <!-- Hover box element -->\n                        <div>\n                            <!-- Link box with background color -->\n                            <a href=\"#register_panel\" style=\"background-color: #4672B0;\" class=\"hover-box hover-box-2  popup-with-form\">\n                                <!-- Hover icon -->\n                                <span class=\"hb-circle\"><\/span>\n                                <!--\/ Hover icon -->\n\n                                <!-- Image\/Icon -->\n                                <img src=\"https:\/\/cargoholidays.com\/wp-content\/uploads\/2019\/06\/quote1.png\" class=\"hb-img rb-right\" alt=\"CARGOHOLIDAYS FRACHTREISE SCHIFFSREISE SEEFERIEN\" title=\"CARGOHOLIDAYS FRACHTREISE SCHIFFSREISE SEEFERIEN\">\n                                <!--\/ Image\/Icon -->\n\n                                <!-- Title -->\n                                <h3>Jetzt anfragen<\/h3>\n                                <!--\/ Title -->\n\n                                <!-- Description -->\n                                <p>\n                                  Jetzt anfragen<br>\n                               Wir werden uns innerhalb von 24 Stunden bei Ihnen melden!\n                                <\/p>\n                                <!--\/ Description -->\n                            <\/a>\n                            <!--\/ Link box with background color -->\n                        <\/div>\n                        <!--\/ Hover box element -->\n                    <\/div>\n                    <!--\/ col-md-4 col-sm-4 -->\n\n                    <div class=\"col-md-4 col-sm-4\">\n                        <!-- Hover box element -->\n                        <div>\n                            <!-- Link box with background color-->\n                            <a href=\"#\" id=\"MyLiveChatScriptButton\" onclick=\"MyLiveChat_OpenDialog()\" style=\"background-color: #4672B0;\" class=\"hover-box hover-box-2\">\n                                <!-- Hover icon -->\n                                <span class=\"hb-circle\"><\/span>\n                                <!-- Hover icon -->\n\n                                <!-- Image\/Icon -->\n                                <img src=\"https:\/\/cargoholidays.com\/wp-content\/uploads\/2019\/06\/quote1.png\" class=\"hb-img rb-right\" alt=\"CARGOHOLIDAYS FRACHTREISE SCHIFFSREISE SEEFERIEN\" title=\"CARGOHOLIDAYS FRACHTREISE SCHIFFSREISE SEEFERIEN\">\n                                <!--\/ Image\/Icon -->\n\n                                <!-- Title -->\n                                <h3>Live-Chat<\/h3>\n                                <!--\/ Title -->\n\n                                <!-- Subtitle -->\n                                <h4>Sprechen Sie mit unserem Urlaubsteam! <\/h4>\n                                <!-- Subtitle -->\n\n                                <!-- Description -->\n                                <p>\n                                   Unsere Berater sind herzlich eingeladen, Ihnen zu antworten<br>\n                                     \n                                <\/p>\n                                <!--\/ Description -->\n                            <\/a>\n                            <!--\/ Link box with background color -->\n                        <\/div>\n                        <!--\/ Hover box element -->\n                    <\/div>\n                    <!--\/ col-md-4 col-sm-4 -->\n\n                    <div class=\"col-md-4 col-sm-4\">\n                        <!-- Hover box element -->\n                        <div>\n                            <!-- Link box with background image -->\n                            <a href=\"\" style=\"background-image:url(https:\/\/cargoholidays.com\/wp-content\/uploads\/2019\/06\/hb-catalogue1.png); background-color: #4672B0; background-size:cover\" class=\"hover-box hover-box-3\">\n                                <!-- Image\/Icon -->\n                                <img src=\"https:\/\/cargoholidays.com\/wp-content\/uploads\/2019\/06\/hb-catalogue1.png\" class=\"hb-img\" alt=\"CARGOHOLIDAYS FRACHTREISE SCHIFFSREISE SEEFERIEN\" title=\"CARGOHOLIDAYS FRACHTREISE SCHIFFSREISE SEEFERIEN\">\n                                <!--\/ Image\/Icon -->\n\n                                <!-- Title -->\n                                <h3>Download unserer Brosch\u00fcre<\/h3>\n                                <!--\/ Title -->\n\n                                <!-- Description -->\n                                <p>\n                                   Preise und Angebote f\u00fcr 2019 finden Sie in unserer Brosch\u00fcre\n                                <\/p>\n                                <!--\/ Description -->\n                            <\/a>\n                            <!--\/ Link box with background image -->\n                        <\/div>\n                        <!--\/ Hover box element -->\n                    <\/div>\n                    <!--\/ col-md-4 col-sm-4 -->\n                <\/div>\n                <!--\/ row -->\n              <br>  <div class=\"row\"> [smartslider3 slider=3] \n?&gt;<\/div>\n            <\/div>\n            <!--\/ container -->\n        <\/section>\n        <!--\/ Hover boxes section -->\n \n        <!--   \n        <section class=\"hg_section--relative ptop-160 pbottom-160\"> \n            <div class=\"kl-bg-source\"> \n                <div class=\"kl-bg-source__bgimage\" style=\"background-image:url(https:\/\/UKMOTO.fr\/wp-content\/uploads\/2017\/11\/bureau-1-2.jpg); background-repeat:no-repeat; background-attachment:scroll; background-position-x:center; background-position-y:center; background-size:cover\">\n                <\/div>\n               \n                <div class=\"kl-bg-source__overlay\" style=\"background-color:rgba(1,11,17,0.8)\">\n                <\/div>\n            \n            <\/div> \n\n            <div class=\"container\">\n                <div class=\"row\">\n                    <div class=\"col-md-12 col-sm-12\"> \n                        <div class=\"kl-title-block clearfix tbk--text-light text-center tbk--color-theme tbk-symbol--line tbk-icon-pos--after-title\">\n                          \n                            <h3 class=\"tbk__title \">RECHERCHER<\/h3> \n                            <div class=\"tbk__symbol \">\n                                <span><\/span>\n                            <\/div> \n                        <\/div> \n                    <\/div> \n\n                    <div class=\"col-md-12 col-sm-12\"> \n                        <div class=\"elm-searchbox elm-searchbox--transparent2 elm-searchbox--eff-normal\"> \n                            <div class=\"elm-searchbox__inner\">\n                                <form class=\"elm-searchbox__form\" action=\"https:\/\/UKMOTO.fr\" method=\"get\" target=\"_blank\">\n                                    <input name=\"s\" maxlength=\"30\" class=\"elm-searchbox__input\" type=\"text\" size=\"20\" value=\"\" placeholder=\"Entrer ce que vous desirez rechercher ..\">\n                                    <button type=\"submit\" id=\"searchbox_submit\" class=\"elm-searchbox__submit\">RECHERCHER<\/button>\n                                    <div class=\"clearfix\">\n                                    <\/div>\n                                <\/form>\n                            <\/div> \n                        <\/div> \n                    <\/div> \n                <\/div> \n            <\/div> \n        <\/section> \n         -->","protected":false},"excerpt":{"rendered":"<p>Frachtschiffreisen Australien ab Europa LIVE CHAT CONTACT US Frachtschiffreisen Australien ab Europa Frachtschiffreisen Australien ab Europa CARGOHOLIDAYS THE BEST FREIGHT CRUISE ARROUND Frachtschiffreisen Australien ab Europa Frachtschiffreisen Australien ab Europa. Sie k\u00f6nnen Containerschiffsreisen so ziemlich von \u00fcberall nach \u00fcberall buchen. Ob Sie nun [...]<\/p>","protected":false},"author":1,"featured_media":441,"parent":0,"menu_order":0,"comment_status":"closed","ping_status":"closed","template":"","meta":[],"yst_prominent_words":[385,384,544,11,8,55,379,545,104,386,121,267,120,546,60,381,380,65,383,382],"acf":[],"_links":{"self":[{"href":"https:\/\/cargoholidays.com\/de\/wp-json\/wp\/v2\/pages\/491"}],"collection":[{"href":"https:\/\/cargoholidays.com\/de\/wp-json\/wp\/v2\/pages"}],"about":[{"href":"https:\/\/cargoholidays.com\/de\/wp-json\/wp\/v2\/types\/page"}],"author":[{"embeddable":true,"href":"https:\/\/cargoholidays.com\/de\/wp-json\/wp\/v2\/users\/1"}],"replies":[{"embeddable":true,"href":"https:\/\/cargoholidays.com\/de\/wp-json\/wp\/v2\/comments?post=491"}],"version-history":[{"count":0,"href":"https:\/\/cargoholidays.com\/de\/wp-json\/wp\/v2\/pages\/491\/revisions"}],"wp:featuredmedia":[{"embeddable":true,"href":"https:\/\/cargoholidays.com\/de\/wp-json\/wp\/v2\/media\/441"}],"wp:attachment":[{"href":"https:\/\/cargoholidays.com\/de\/wp-json\/wp\/v2\/media?parent=491"}],"wp:term":[{"taxonomy":"yst_prominent_words","embeddable":true,"href":"https:\/\/cargoholidays.com\/de\/wp-json\/wp\/v2\/yst_prominent_words?post=491"}],"curies":[{"name":"wp","href":"https:\/\/api.w.org\/{rel}","templated":true}]}}