{"id":322,"date":"2020-02-07T04:12:56","date_gmt":"2020-02-07T04:12:56","guid":{"rendered":"https:\/\/cargoholidays.com\/?page_id=322"},"modified":"2021-02-12T14:28:23","modified_gmt":"2021-02-12T14:28:23","slug":"north-america-cargo-ship-travel-north-america-cargoship-voyage-travel-by-north-america-cargo-ship-cargoholidays-voyages-en-cargo-north-america-freighter-travel","status":"publish","type":"page","link":"https:\/\/cargoholidays.com\/de\/nord-amerika-frachtschiff-reisen-nord-amerika-frachtschiff-reisen-reisen-mit-nord-amerika-frachtschiff-frachtschiff-reisen-urlaub-reisen-mit-nord-amerika-frachtschiff-reisen","title":{"rendered":"Nordamerika Frachtschiffreisen Nordamerika Frachtschiffreise Reisen mit Nordamerika Frachtschiff cargoholidays voyages en cargo Nordamerika Frachterreisen"},"content":{"rendered":"<p>=<!-- Slideshow - Simple boxes + bottom mask style 1 and scrollme effect -->\n\t\t<\/p><div class=\"kl-slideshow static-content__slideshow uh_zn_def_header_style maskcontainer--shadow scrollme\">\n\t\t\t<div class=\"bgback\">\n\t\t\t<\/div>\n\n\t\t\t<!-- Static content wrapper with default height (not fullscreen) -->\n\t\t\t<div class=\"kl-slideshow-inner static-content__wrapper static-content--height\">\n\t\t\t\t<!-- Static content background source with animateme effect -->\n\t\t\t\t<div class=\"static-content__source animateme\" data-when=\"span\" data-from=\"0\" data-to=\"0.75\" data-easing=\"linear\" data-translatey=\"300\">\n\t\t\t\t\t<!-- Background -->\n\t\t\t\t\t<div class=\"kl-bg-source\">\n\t\t\t\t\t\t<!-- Background image -->\n\t\t\t\t\t\t<div class=\"kl-bg-source__bgimage\" style=\"background-image:url(https:\/\/cargoholidays.com\/wp-content\/uploads\/2020\/02\/North-America-cargo-ship-travel-North-America-cargoship-voyage-travel-by-North-America-cargo-ship-cargoholidays-voyages-en-cargo-North-America-freighter-travel21.jpg); background-repeat:no-repeat; background-attachment:scroll; background-position-x:center; background-position-y:center; background-size:cover\">\n\t\t\t\t\t\t<\/div>\n\t\t\t\t\t\t<!--\/ Background image -->\n\n\t\t\t\t\t\t<!-- Color overlay -->\n\t\t\t\t\t\t<div class=\"kl-bg-source__overlay\" style=\"background-color:rgba(53,53,53,0.6)\">\n\t\t\t\t\t\t<\/div>\n\t\t\t\t\t<\/div>\n\t\t\t\t\t<!--\/ Background -->\n\n\t\t\t\t\t<!-- Animated Sparkles -->\n\t\t\t\t\t<div class=\"th-sparkles\"><\/div>\n\t\t\t\t\t<!--\/ Animated Sparkles -->\n\t\t\t\t<\/div>\n\t\t\t\t<!--\/ .static-content__source .animateme --> \n\n\t\t\t\t<div class=\"static-content__inner container\">\n\t\t\t\t\t<!-- Container with animateme effect and safe padding default top 150px -->\n\t\t\t\t\t<div class=\"kl-slideshow-safepadding sc__container animateme\" data-when=\"span\" data-from=\"0\" data-to=\"0.75\" data-translatey=\"200\" data-opacity=\"0.1\" data-easing=\"linear\">\n\t\t\t\t\t\t<!-- Boxes style -->\n\t\t\t\t\t\t<div class=\"static-content boxes-style\">\n\t\t\t\t\t\t\t<!-- Sub-title --> \n\t\t\t\t\t\t\t<h3 class=\"static-content__subtitle text-center\">Reisen Sie in den Norden nach Alaska oder bleiben Sie an den K\u00fcsten Kanadas und der guten alten USA <span class=\"fw-semibold\"> Was auch immer Sie tun, halten Sie die Ferien in Nordamerika nicht f\u00fcr etwas anderes als fantastisch.<\/span><span data-rel=\"tooltip\" data-placement=\"top\" title=\"\" data-animation=\"true\" data-original-title=\"Highly premium actually\"> Der Nahe Osten beherbergt atemberaubende islamische Architektur, W\u00fcstenlandschaften, beeindruckende Basare und moderne, ikonische Skylines. Es ist wirklich wie die H\u00f6hle von Aladdin.<\/span><\/h3>  \n\t\t\t\t\t\t\t<!-- Sub-title --> \n\t\t\t\t\t\t<\/div>\n\t\t\t\t\t\t<!--\/ .boxes-style -->\n\t\t\t\t\t<\/div>\n\t\t\t\t\t<!--\/ Container with animateme effect and safe padding default top 150px -->\n\t\t\t\t<\/div>\n\t\t\t\t<!--\/ .static-content__inner -->\n\t\t\t<\/div>\n\t\t\t<!--\/ .static-content__wrapper -->\n\n\t\t\t<!-- Bottom mask style 1 -->\n\t\t\t<div class=\"kl-bottommask kl-bottommask--shadow\">\n\t\t\t<\/div>\n\t\t\t<!--\/ Bottom mask style 1 -->\n\t\t<\/div>\n\t\t<!--\/ Slideshow - Simple boxes + bottom mask style 1 and scrollme effect -->\n<!-- Search box section -->\n\t\t<section class=\"hg_section--relative ptop-0 pbottom-20\">\n\t\t\t<!-- Section background -->\n\t\t\t<div class=\"kl-bg-source\">\n\t\t\t\t<!-- Background image -->\n\t\t\t\t<div class=\"kl-bg-source__bgimage\" style=\"background-image:url(https:\/\/mlkyachts.com\/wp-content\/uploads\/2020\/02\/Yacht-destinations-Caribbean-yacht-holidays-Caribbean-yacht-charter21.jpg);background-repeat:no-repeat;background-attachment:scroll;background-position-x:center;background-position-y:center;background-size:cover\">\n\t\t\t\t<\/div>\n\t\t\t\t<!-- Background image -->\n\n\t\t\t\t<!-- Color overlay -->\n\t\t\t\t<div class=\"kl-bg-source__overlay\" style=\"background-color:rgba(50,58,55,0.8)\">\n\t\t\t\t<\/div>\n\t\t\t\t<!--\/ Color overlay -->\n\t\t\t<\/div>\n\t\t\t<!--\/ Section background -->\n\n\n\t\t\t<div class=\"container\">\n\t\t\t\t<div class=\"row\">\n\t\t\t\t\t<div class=\"col-md-12 col-sm-12\">\n\t\t\t\t\t\t<!-- Section title -->\n\t\t\t\t\t\t<div class=\"kl-title-block clearfix tbk--text-light text-center tbk--color-theme tbk-symbol--line tbk-icon-pos--after-title\"> \n\t\t\t\t\t\t\t<!-- Title -->\n\n\t\t\t\t\t\t\t<!-- Title bottom symbol -->\n\t\t\t\t\t\t\t<div class=\"tbk__symbol\">\n\t\t\t\t\t\t\t\t<span><\/span>\n\t\t\t\t\t\t\t<\/div>\n\t\t\t\t\t\t\t<!--\/ Title bottom symbol -->\n\t\t\t\t\t\t<\/div>\n\t\t\t\t\t\t<!--\/ Section title -->\n\t\t\t\t\t<\/div>\n\t\t\t\t\t<!--\/ col-md-12 col-sm-12 -->\n\n\t\t\t\t\t<div class=\"col-md-12 col-sm-12\">\n\t\t\t\t\t\t<!-- Search box transparent style element -->\n\t\t\t\t\t\t<div class=\"elm-searchbox elm-searchbox--transparent2 elm-searchbox--eff-typing\">\n\t\t\t\t\t\t\t<!-- Search box wrapper -->\n\t\t\t\t\t\t\t<div class=\"elm-searchbox__inner\">\n\t\t\t\t\t\t\t[wd_asp id=2]\n\t\t\t\t\t\t\t<\/div>\n\t\t\t\t\t\t\t<!--\/ Search box wrapper -->\n\t\t\t\t\t\t<\/div>\n\t\t\t\t\t\t<!--\/ Search box transparent style element -->\n\t\t\t\t\t<\/div>\n\t\t\t\t\t<!--\/ col-md-12 col-sm-12 -->\n\t\t\t\t<\/div>\n\t\t\t\t<!--\/ row -->\n\t\t\t<\/div>\n\t\t\t<!--\/ container -->\n\t\t<\/section>\n\t\t<!--\/ Search box section -->\n\t\t<!-- Content section -->\n\t\t<section class=\"hg_section\">\n\t\t\t<div class=\"container\">\n\t\t\t\t<div class=\"row\">\n\n\t\t\t\t\t\n\t\t\t\t<div class=\"row\"> \t<script type=\"text\/javascript\">\n\n\t\tif ( 'undefined' === typeof lscfShortcodeData ) {\n\t\t\tvar lscfShortcodeData = [];\n\t\t}\n\n\t\t\/\/ split wp-content string to avoid the url to be rewriten by some CDN providers\n\t\tlscfShortcodeData.push({\n\t\t\t'ID':'woavyzqxymucqnk_7',\n\t\t\t'wpml': '0',\n\t\t\t'lang': '',\n\t\t\t'postType':'cargoshipdestination',\n\t\t\t'post_per_page':'15',\n\t\t\t'plugin_url':'https:\/\/cargoholidays.com\/wp-content\/plugins\/live-search-and-custom-fields\/',\n\t\t\t'site_url':'https:\/\/cargoholidays.com',\n\t\t\t'ajax_url':'https:\/\/cargoholidays.com\/wp-admin\/admin-ajax.php',\n\t\t\t'rest_api_uri': 'https:\/\/cargoholidays.com\/de\/wp-json\/',\n\t\t\t'options':{\"writing\":{\"load_more\":\"Load more\",\"view\":\"View\",\"any\":\"Any\",\"select\":\"Select\",\"filter\":\"Filter\",\"add_to_cart\":\"Add to Cart\",\"see_more\":\"See More\",\"see_less\":\"See Less\",\"no_results\":\"No Results\",\"sort_by\":\"Sort By\",\"sort_asc\":\"ASC\",\"sort_desc\":\"DESC\",\"date\":\"Date\",\"title\":\"Title\",\"close\":\"Close Filter\",\"search\":\"Search\",\"price\":\"Price\",\"grid\":\"Grid\",\"reset_filters\":\"Reset Filters\"},\"reset_button\":0,\"grid_view\":0,\"see_more\":\"See More\",\"filter_type\":\"custom-posts\",\"run_shortcodes\":0,\"disable_empty_option_on_filtering\":0,\"infinite_scrolling\":0,\"checkboxes_conditional_logic\":\"or\",\"lscf_custom_fields_order_as\":\"number\",\"order_by\":{\"items\":\"\"},\"default_order_by\":\"post_date\",\"url_history\":0,\"instant_search\":1,\"general_search_by\":{\"items\":[{\"id\":\"post_title\",\"name\":\"Title\"},{\"id\":\"post_content\",\"name\":\"Post Content\"}]},\"general_search_conditional_logic\":\"and\",\"general_search_algorithm\":\"algorithm-1\",\"range_filtering_type\":\"lscf_number\",\"pagination_type\":\"load-more\",\"hide_see_more_on_checkboxes_list\":0,\"woo_price_format\":0,\"woo_instock\":0},\n\t\t\t'settings':{\"main-color\":\"#1e88e5\",\"posts-per-page\":15,\"reset_button\":{\"status\":1,\"position\":\"bottom\",\"name\":\"Reset\"},\"theme\":{\"display\":\"default\",\"columns\":4,\"viewchanger\":{\"list\":1},\"link_type\":\"0\",\"sidebar\":{\"position\":\"left\"},\"posts_display_from\":{\"post_taxonomies\":{\"cargoshipdestination-categories\":{\"ID\":\"cargoshipdestination-categories\",\"group_type\":\"taxonomies\",\"tax\":{\"terms\":[{\"data\":{\"name\":\"NORTH AMERICA\",\"value\":567}}]}},\"active_terms\":[\"567-cargoshipdestination-categories\"]}}},\"main-color-rgb\":\"30, 136, 229\",\"is_administrator\":0,\"redirect_page\":\"\"}\t\t});\n\n\t\tdocument.getElementsByTagName(\"body\")[0].setAttribute(\"ng-app\", \"lscf-app\");\n\n\t<\/script>\n\n\t\n<div id=\"lscf-filter-wrapper-woavyzqxymucqnk_7\" class=\"px-capf-wrapper row wide lscf-theme-default\">\n\n\n\t\t\t<div class=\"col-sm-12 col-md-12 col-lg-12 lscf-container pxfilter-list-only\" data-index=\"0\" ng-controller=\"pxfilterController\">\n\n\t\t\t\n\t\t\t<div class=\"row\" id=\"lscf-posts-wrapper\" ng-if=\"pluginSettings.existsPosts\" ng-class=\"{'lscf-administrator' : pluginSettings.filterSettings.is_administrator == 1 }\">\n\n\t\t\t\t<div ng-if=\"pluginSettings.filterSettings.theme.sidebar.position == 'left' || pluginSettings.filterSettings.theme.sidebar.position == 'top' \" class=\"{{ 'col-xs-12 ' +pluginSettings.className.sidebar+' px-filter-fields' }}\" ng-include=\"pluginSettings.pluginPath + 'app\/views\/filterFields.html'\">\n\t\t\t\t<\/div>\n\n\n\t\t\t\t<div class=\"{{ 'col-xs-12 ' + pluginSettings.className.posts_theme + 'lscf-posts' }}\">\n\n\t\t\t\t\t<div class=\"px-posts-overlay-loading px-hide\" ng-class=\"{'ang_ready' : loadMoreBtn.ready}\" ng-if=\"loadMoreBtn.postsLoading\">\n\n\t\t\t\t\t\t<img src=\"https:\/\/cargoholidays.com\/wp-content\/plugins\/live-search-and-custom-fields\/assets\/images\/loading_light.gif\" alt=\"loading light - Nordamerika Frachtschiffreise Nordamerika Frachtschiffreise Reise mit Nordamerika Frachtschiff cargoholidays voyages en cargo Nordamerika Frachtschiffreise\" title=\"Nordamerika Frachtschiffreisen Nordamerika Frachtschiffreise Reisen mit Nordamerika Frachtschiff cargoholidays voyages en cargo Nordamerika Frachterreisen\">\n\t\t\t\t\t<\/div>\n\n\t\t\t\t\t<div class=\"lscf-no-results-error px-hide\" ng-class=\"{'ang_ready' : loadMoreBtn.ready}\" ng-if=\"loadMoreBtn.noResults\">\n\t\t\t\t\t\t\t{{pluginSettings.generalSettings.writing.no_results}}\n\t\t\t\t\t<\/div>\n\n\t\t\t\t\t<div ng-switch=\"pluginSettings.filterSettings.theme.display\" ng-class=\" {'lscf-template-orderby-right-margin': 'woocommerce-grid-2' == pluginSettings.filterSettings.theme.display}\">\n\n\t\t\t\t\t\t<div class=\"lscf-order-by\" sort-by><\/div>\n\n\t\t\t\t\t\t<div ng-switch-when=\"default\">\n\n\t\t\t\t\t\t\t<div class=\"row filter-headline\">\n\n\t\t\t\t\t\t\t\t<div class=\"viewModeBlock col-sm-12 col-md-12 col-lg-12\">\n\n\t\t\t\t\t\t\t\t\t<div class=\"viewMode\">\n\t\t\t\t\t\t\t\t\t\t<div id=\"blockView\" class=\"glyphicon glyphicon-th\"><\/div>\n\t\t\t\t\t\t\t\t\t\t<div id=\"listView\" class=\"active glyphicon glyphicon-th-list\"><\/div>\n\t\t\t\t\t\t\t\t\t<\/div>\n\t\t\t\t\t\t\t\t<\/div>\n\t\t\t\t\t\t\t<\/div>\n\n\t\t\t\t\t\t\t<div id=\"lscf-posts-container-defaultTheme\" class=\"view lscf-posts-block lscf-grid-view\" viewmode-default><\/div>\n\n\t\t\t\t\t\t<\/div>\n\n\t\t\t\t\t\t<div ng-switch-when=\"accordion\" class=\"view lscf-posts-accordion lscf-posts-wrapper\">\n\t\t\t\t\t\t\t<div viewmode-accordion><\/div>\n\t\t\t\t\t\t<\/div>\n\n\t\t\t\t\t\t<div ng-switch-when=\"portrait\" class=\"view lscf-posts-portrait lscf-posts-wrapper lscf-grid-view\">\n\t\t\t\t\t\t\t<div viewmode-portrait><\/div>\n\t\t\t\t\t\t<\/div>\n\n\t\t\t\t\t\t<div ng-switch-when=\"basic-grid\" class=\"view lscf-posts-basic-grid lscf-posts-wrapper lscf-grid-view\">\n\t\t\t\t\t\t\t<div viewmode-basic-grid><\/div>\n\t\t\t\t\t\t<\/div>\n\n\t\t\t\t\t\t<div ng-switch-when=\"masonry-grid\" class=\"view lscf-posts-basic-grid lscf-posts-wrapper lscf-grid-view\">\n\t\t\t\t\t\t\t<div viewmode-masonry-grid><\/div>\n\t\t\t\t\t\t<\/div>\n\n\t\t\t\t\t\t<div ng-switch-when=\"woocommerce-grid\" class=\"view lscf-posts-basic-grid lscf-posts-wrapper lscf-grid-view\">\n\t\t\t\t\t\t\t<div viewmode-woocommerce><\/div>\n\t\t\t\t\t\t<\/div>\n\n\t\t\t\t\t\t<div ng-switch-when=\"woocommerce-grid-2\" class=\"lscf-posts-basic-grid lscf-posts-wrapper lscf-grid-view\">\n\t\t\t\t\t\t\t<div viewmode-woocommerce-grid><\/div>\n\t\t\t\t\t\t<\/div>\n\n\t\t\t\t\t\t<div ng-switch-when=\"custom-theme\" class=\"lscf-posts-wrapper lscf-custom-template-wrapper lscf-grid-view\">\n\t\t\t\t\t\t\t<div viewmode-custom><\/div>\n\t\t\t\t\t\t<\/div>\n\n\t\t\t\t\t<\/div>\n\t\t\t\t\t<div class=\"clear\"><\/div>\n\n\t\t\t\t\t<div ng-if=\" 'dynamic' === pluginSettings.generalSettings.pagination_type\" ng-class=\"{'lscf-pagination-ready' : true === dynamicPaginationReady}\" pagination-dynamic>\n\t\t\t\t\t\t<div class=\"lscf-dynamic-pagination-container\">\n\t\t\t\t\t\t\t<span ng-click=\"prevPage()\" class=\"lscf-dynamic-pag-prev\"><\/span>\n\t\t\t\t\t\t\t<span class=\"lscf-dynamic-pag-main\">\n\t\t\t\t\t\t\t\t<input ng-blur=\"onInputBlur()\" ng-model=\"activepage\" type=\"number\">  von {{actionSettings.pagesCount}}\n\t\t\t\t\t\t\t<\/span>\n\t\t\t\t\t\t\t<span ng-click=\"nextPage()\" class=\"lscf-dynamic-pag-next\"><\/span>\n\t\t\t\t\t\t<\/div>\n\t\t\t\t\t\t<div class=\"clear\"><\/div>\n\t\t\t\t\t<\/div>\n\n\t\t\t\t\t<div ng-if=\" 'load-more' === pluginSettings.generalSettings.pagination_type &amp;&amp; loadMoreBtn.morePostsAvailable\" class=\"capf_loading px-hide\" ng-class=\"{'ang_ready' : loadMoreBtn.ready}\">\n\t\t\t\t\t\t\t<img ng-if=\"loadMoreBtn.loading\" src=\"https:\/\/cargoholidays.com\/wp-content\/plugins\/live-search-and-custom-fields\/assets\/images\/loading_light.gif\" alt=\"loading light - Nordamerika Frachtschiffreise Nordamerika Frachtschiffreise Reise mit Nordamerika Frachtschiff cargoholidays voyages en cargo Nordamerika Frachtschiffreise\" title=\"Nordamerika Frachtschiffreisen Nordamerika Frachtschiffreise Reisen mit Nordamerika Frachtschiff cargoholidays voyages en cargo Nordamerika Frachterreisen\">\n\t\t\t\t\t\t\t<br>\n\n\t\t\t\t\t\t\t<label class=\"loadMore\" ng-if=\"!loadMoreBtn.loading\" ng-click=\"load_more()\">\n\n\t\t\t\t\t\t\t\tMehr laden\t\t\t\t\t\t\t<\/label>\n\t\t\t\t\t<\/div>\n\t\t\t\t<\/div>\n\n\t\t\t\t<div ng-if=\"pluginSettings.filterSettings.theme.sidebar.position == 'right' \" class=\"{{ 'col-xs-12 ' +pluginSettings.className.sidebar+' px-filter-fields' }}\" ng-include=\"pluginSettings.pluginPath + 'app\/views\/filterFields.html'\">\n\t\t\t\t<\/div>\n\n\t\t\t<\/div>\n\n\t\t<\/div>\n\n\t<\/div>\n <\/div>\n\t\t\t\t\t<div class=\"col-md-12 col-sm-12\">\n\t\t\t\t\t\t<!-- Title element with bottom line and sub-title with custom paddings -->\n\t\t\t\t\t\t<div class=\"kl-title-block clearfix tbk--left tbk-symbol--line tbk-icon-pos--after-title ptop-1 pbottom-15\">\n\t\t\t\t\t\t\t<!-- Title with custom montserrat font, size and black color --> \n\n\t\t\t\t\t\t\t<!-- Title bottom symbol -->\n\t\t\t\t\t\t\t<div class=\"tbk__symbol\">\n\t\t\t\t\t\t\t\t<span><\/span>\n\t\t\t\t\t\t\t<\/div>\n\t\t\t\t\t\t\t<!--\/ Title bottom symbol -->\n\n\t\t\t\t\t\t\t<!-- Sub-title with custom font size and thin style -->\n\t\t\t\t\t\t\t<h4 class=\"tbk__subtitle fs-30 fw-thin\">Nordamerika Frachtschiffreisen<\/h4>\n\t\t\t\t\t\t<\/div> \n\t\t\t\t\t\t<!--\/ Title element with bottom line and sub-title -->\n\t\t\t\t\t<\/div>\n\t\t\t\t\t<!--\/ col-md-12 col-sm-12 -->\n\n\t\t\t\t\t<div class=\"col-md-4 col-sm-4\">\n\t\t\t\t\t\t<!-- Title element with bottom line -->\n\t\t\t\t\t\t<div class=\"kl-title-block clearfix tbk-symbol--line tbk-icon-pos--after-title\">\n\t\t\t\t\t\t\t<!-- Title with custom font size, gray color and extrabold style -->\n\t\t\t\t\t\t\t<h3 class=\"tbk__title fs-36 gray fw-extrabold\">Von der \u00dcberquerung der Golden Gate Bridge in San Fran bis hin zur Aufnahme des Hollywood-Schildes - die Attraktionen sind zahlreich und bekannt.<\/h3>\n\n\t\t\t\t\t\t\t<!-- Title bottom symbol -->\n\t\t\t\t\t\t\t<div class=\"tbk__symbol\">\n\t\t\t\t\t\t\t\t<span><\/span>\n\t\t\t\t\t\t\t<\/div>\n\t\t\t\t\t\t\t<!--\/ Title bottom symbol -->\n\t\t\t\t\t\t<\/div>\n\t\t\t\t\t\t<!--\/ Title element with bottom line -->\n\t\t\t\t\t<\/div>\n\t\t\t\t\t<!--\/ col-md-4 col-sm-4 -->\n\n\t\t\t\t\t<div class=\"col-md-4 col-sm-4\">\n\t\t\t\t\t\t<!-- Text box element -->\n\t\t\t\t\t\t<div class=\"text_box\">\n\t\t\t\t\t\t\t<p>Der nordamerikanische Kontinent mit seinen pulsierenden St\u00e4dten, sanft geschwungenen K\u00fcsten, unglaublichen Landschaften und einigen der gro\u00dfartigsten Fahrstrecken der Welt bietet eine wahrhaft gro\u00dfe Auswahl an Urlaubsm\u00f6glichkeiten mit einem Frachtschiff in Nordamerika. <\/p> \n\t\t\t\t\t\t\t<p>Jede Reise von Travel Department umfasst Fl\u00fcge, Unterkunft, Transfers, Ausfl\u00fcge und preisgekr\u00f6nte Reisef\u00fchrer, damit Sie von der Ankunft in Nordamerika an gut betreut sind.<\/p>\n\t\t\t\t\t\t<\/div>\n\t\t\t\t\t\t<!--\/ Text box element -->\t\n\t\t\t\t\t<\/div>\n\t\t\t\t\t<!--\/ col-md-4 col-sm-4 -->\n\n\t\t\t\t\t<div class=\"col-md-4 col-sm-4\">\n\t\t\t\t\t\t<!-- Text box element -->\n\t\t\t\t\t\t<div class=\"text_box\">\n\t\t\t\t\t\t \n\t\t\t\t\t\t\t<p>Entdecken Sie die unber\u00fchrte Wildnis Kanadas oder der USA auf unseren Nordamerika Kleingruppenreisen. Kanada, das fl\u00e4chenm\u00e4\u00dfig zweitgr\u00f6\u00dfte Land der Welt, wird von den Rocky Mountains im Westen und der Arktis im nordamerikanischen Frachtschiff dominiert. Freuen Sie sich auf ein wildes und aktives Abenteuer vor der Kulisse von Panoramablicken auf die Berge, riesigen Gletschern und st\u00fcrzenden Wasserf\u00e4llen. Halten Sie Ausschau nach wilden Elchen, Elchen und Wapiti im Jasper National Park und folgen Sie den abgelegenen Wanderwegen von Kanadas \u00e4ltestem Nationalpark Nordamerika Frachtschiffreisen<\/p>\n\t\t\t\t\t\t<\/div>\n\t\t\t\t\t\t<!--\/ Text box element -->\n\t\t\t\t\t<\/div>\n\t\t\t\t\t<!--\/ col-md-4 col-sm-4 -->\n\t\t\t\t<\/div>\n\t\t\t\t<!--\/ row -->\n\t\t\t\t\n\t\t\t<\/div>\n\t\t\t<!--\/ container -->\n\t\t<\/section>\n\t\t<!--\/ Content section -->\n\n\n\n \n\n\n\t\t<!-- Border animation button style 1 - full width section -->\n\t\t<section class=\"hg_section bg-white mtop-80 mb-0 p-0\">\n\t\t\t<div class=\"full_width\">\n\t\t\t\t<div class=\"row\">\n\t\t\t\t\t<div class=\"col-md-5 col-sm-5\">\n\t\t\t\t\t\t<!-- Media container style 1 - with custom height -->\n\t\t\t\t\t\t<div class=\"media-container h-545\">\n\t\t\t\t\t\t\t<!-- Background -->\n\t\t\t\t\t\t\t<div class=\"kl-bg-source\">\n\t\t\t\t\t\t\t\t<!-- Image -->\n\t\t\t\t\t\t\t\t<div class=\"kl-bg-source__bgimage\" style=\"background-image:url(https:\/\/cargoholidays.com\/wp-content\/uploads\/2020\/02\/North-America-cargo-ship-travel-North-America-cargoship-voyage-travel-by-North-America-cargo-ship-cargoholidays-voyages-en-cargo-North-America-freighter-travel345.jpg); background-repeat:no-repeat; background-attachment:scroll; background-position-x:center; background-position-y:top; background-size:cover\">\n\t\t\t\t\t\t\t\t<\/div>\n\t\t\t\t\t\t\t\t<!--\/ Image -->\n\n\t\t\t\t\t\t\t\t<!-- Gradient overlay -->\n\t\t\t\t\t\t\t\t<div class=\"kl-bg-source__overlay\" style=\"background:rgba(53,53,53,0.65); background: -moz-linear-gradient(left, rgba(53,53,53,0.65) 0%, rgba(53,53,53,0.3) 100%); background: -webkit-gradient(linear, left top, right top, color-stop(0%,rgba(53,53,53,0.65)), color-stop(100%,rgba(53,53,53,0.3))); background: -webkit-linear-gradient(left, rgba(53,53,53,0.65) 0%,rgba(53,53,53,0.3) 100%); background: -o-linear-gradient(left, rgba(53,53,53,0.65) 0%,rgba(53,53,53,0.3) 100%); background: -ms-linear-gradient(left, rgba(53,53,53,0.65) 0%,rgba(53,53,53,0.3) 100%); background: linear-gradient(to right, rgba(53,53,53,0.65) 0%,rgba(53,53,53,0.3) 100%); \">\n\t\t\t\t\t\t\t\t<\/div>\n\t\t\t\t\t\t\t\t<!--\/ Gradient overlay -->\n\t\t\t\t\t\t\t<\/div>\n\t\t\t\t\t\t\t<!--\/ Background -->\n\n\t\t\t\t\t\t\t<!-- Link button with pop-up -->\n\t\t\t\t\t\t\t<a class=\"media-container__link media-container__link--btn media-container__link--style-borderanim1\" href=\"https:\/\/www.youtube.com\/watch?v=cVt-3vbENOQ\" data-lightbox=\"iframe\">\n\t\t\t\t\t\t\t\t<i class=\"media-container__border-tt\"><\/i>\n\t\t\t\t\t\t\t\t<i class=\"media-container__border-tl\"><\/i>\n\n\t\t\t\t\t\t\t\t<!-- Button text -->\n\t\t\t\t\t\t\t\t<span class=\"media-container__text\">FRACHTSCHIFFREISEN<\/span>\n\t\t\t\t\t\t\t\t<!--\/ Button text -->\n\n\t\t\t\t\t\t\t\t<i class=\"media-container__border-bb\"><\/i>\n\t\t\t\t\t\t\t\t<i class=\"media-container__border-br\"><\/i>\n\t\t\t\t\t\t\t<\/a>\n\t\t\t\t\t\t\t<!-- Link button with pop-up -->\n\t\t\t\t\t\t<\/div>\n\t\t\t\t\t\t<!--\/ Media container style 1 - with custom height -->\n\t\t\t\t\t<\/div>\n\t\t\t\t\t<!--\/ col-md-5 col-sm-5 -->\n\n\t\t\t\t\t<div class=\"col-md-7 col-sm-7\">\n\t\t\t\t\t\t<div class=\"row hg_col_eq_last p-top-6 p-left-6\">\n\t\t\t\t\t\t\t<div class=\"col-md-12 col-sm-12\">\n\t\t\t\t\t\t\t\t<!-- Section title -->\n\t\t\t\t\t\t\t\t<div class=\"kl-title-block clearfix text-left tbk-symbol--line tbk-icon-pos--after-title\">\n\t\t\t\t\t\t\t\t\t<!-- Title -->\n\t\t\t\t\t\t\t\t\t<h3 class=\"tbk__title\">SEGEL DEINE TR\u00c4UME <\/h3>\n\t\t\t\t\t\t\t\t\t<!--\/ Title -->\n\n\t\t\t\t\t\t\t\t\t<!-- Title bottom symbol -->\n\t\t\t\t\t\t\t\t\t<div class=\"tbk__symbol\">\n\t\t\t\t\t\t\t\t\t\t<span><\/span>\n\t\t\t\t\t\t\t\t\t<\/div>\n\t\t\t\t\t\t\t\t\t<!--\/ Title bottom symbol -->\n\n\t\t\t\t\t\t\t\t\t<!-- Subtitle -->\n\t\t\t\t\t\t\t\t\t<h4 class=\"tbk__subtitle\">DIE WELT DER FRACHTSCHIFFFAHRT.<\/h4>\n\t\t\t\t\t\t\t\t\t<!--\/ Subtitle -->\n\t\t\t\t\t\t\t\t<\/div>\n\t\t\t\t\t\t\t\t<!-- Section title -->\n\n\t\t\t\t\t\t\t\t<!-- Content text box -->\n\t\t\t\t\t\t\t\t<div class=\"text_box\">\n\t\t\t\t\t\t\t\t\t<p>\n\t\t\t\t\t\t\t\t\t\tReisen mit dem Frachtschiff sind eine gute M\u00f6glichkeit f\u00fcr Menschen mit Flugangst. Sie geben Ihrem Sabbatjahr einen zus\u00e4tzlichen Spirit oder helfen Menschen in besonderen Situationen, wie z.B. nach einem Burnout-Syndrom, die n\u00f6tige Pause zu bekommen. Oder f\u00fcr alle, die eine umweltfreundlichere Art des Reisens anstreben.\n\t\t\t\t\t\t\t\t\t<\/p>\n\t\t\t\t\t\t\t\t\t<p>\n\t\t\t\t\t\t\t\t\t\tTagelang die Vielfalt des Horizonts und der Ozeanlandschaften zu beobachten, schafft einerseits ein berauschendes, meditatives Gef\u00fchl der Freiheit. Auf der anderen Seite hilft es, an Deck zu stehen und sich alle Sorgen des Alltags vom Winde verwehen zu lassen.\n\t\t\t\t\t\t\t\t\t<\/p>\n\t\t\t\t\t\t\t\t\t<p>\n\t\t\t\t\t\t\t\t\tF\u00fcr Ihr Wohlbefinden ist an Bord gesorgt. Auf Komfort m\u00fcssen Sie nicht verzichten, denn die meisten Schiffe verf\u00fcgen \u00fcber ein eigenes Schwimmbad und eine Sauna. Die komfortabel eingerichteten Kabinen sind meist gr\u00f6\u00dfer als auf einem Kreuzfahrtschiff. \n\t\t\t\t\t\t\t\t\t<\/p>\n\t\t\t\t\t\t\t\t<\/div>\n\t\t\t\t\t\t\t\t<!--\/ Content text box -->\n\t\t\t\t\t\t\t<\/div>\n\t\t\t\t\t\t\t<!--\/ col-md-12 col-sm-12 -->\n\t\t\t\t\t\t<\/div>\n\t\t\t\t\t\t<!--\/ row hg_col_eq_last p-top-6 p-left-6 -->\n\t\t\t\t\t<\/div>\n\t\t\t\t\t<!--\/ col-md-7 col-sm-7 -->\n\t\t\t\t<\/div>\n\t\t\t\t<!--\/ row -->\n\t\t\t<\/div>\n\t\t\t<!--\/ full-width -->\n\t\t<\/section>\n\t\t<!--\/ Border animation button style 1 - full width section -->","protected":false},"excerpt":{"rendered":"<p>= Reisen Sie in den Norden nach Alaska oder halten Sie sich an die K\u00fcsten Kanadas und der guten alten USA, was auch immer Sie tun, schlie\u00dfen Sie Nordamerika-Urlaub nicht als etwas anderes als fantastisch aus. Der Nahe Osten beherbergt atemberaubende islamische Architektur, W\u00fcstenlandschaften, beeindruckende Basare und moderne, ikonische Skylines. Es ist wirklich wie die H\u00f6hle des Aladin. [wd_asp [...]<\/p>","protected":false},"author":1,"featured_media":883,"parent":0,"menu_order":0,"comment_status":"closed","ping_status":"closed","template":"","meta":[],"yst_prominent_words":[221,257,254,261,256,11,8,55,181,262,313,216,309,311,308,312,310,57,60,65],"acf":[],"_links":{"self":[{"href":"https:\/\/cargoholidays.com\/de\/wp-json\/wp\/v2\/pages\/322"}],"collection":[{"href":"https:\/\/cargoholidays.com\/de\/wp-json\/wp\/v2\/pages"}],"about":[{"href":"https:\/\/cargoholidays.com\/de\/wp-json\/wp\/v2\/types\/page"}],"author":[{"embeddable":true,"href":"https:\/\/cargoholidays.com\/de\/wp-json\/wp\/v2\/users\/1"}],"replies":[{"embeddable":true,"href":"https:\/\/cargoholidays.com\/de\/wp-json\/wp\/v2\/comments?post=322"}],"version-history":[{"count":0,"href":"https:\/\/cargoholidays.com\/de\/wp-json\/wp\/v2\/pages\/322\/revisions"}],"wp:featuredmedia":[{"embeddable":true,"href":"https:\/\/cargoholidays.com\/de\/wp-json\/wp\/v2\/media\/883"}],"wp:attachment":[{"href":"https:\/\/cargoholidays.com\/de\/wp-json\/wp\/v2\/media?parent=322"}],"wp:term":[{"taxonomy":"yst_prominent_words","embeddable":true,"href":"https:\/\/cargoholidays.com\/de\/wp-json\/wp\/v2\/yst_prominent_words?post=322"}],"curies":[{"name":"wp","href":"https:\/\/api.w.org\/{rel}","templated":true}]}}