{"id":1350,"date":"2022-08-02T09:50:37","date_gmt":"2022-08-02T09:50:37","guid":{"rendered":"https:\/\/cargoholidays.com\/?page_id=1350"},"modified":"2022-08-02T09:56:49","modified_gmt":"2022-08-02T09:56:49","slug":"cargoship-travel-and-cargo-cruises-videos-cargoholidays","status":"publish","type":"page","link":"https:\/\/cargoholidays.com\/de\/cargoship-travel-and-cargo-cruises-videos-cargoholidays","title":{"rendered":"Frachtschiffreisen und Frachtkreuzfahrten Videos cargoholidays"},"content":{"rendered":"<!-- Slideshow static content element + Bottom mask style 2  --><div class=\"kl-slideshow static-content__slideshow uh_light_gray maskcontainer--shadow_ud\">\n            <div class=\"bgback\">\n            <\/div>\n\n            <!-- Static content wrapper with custom minimum height (500px) = .min-500 -->\n            <div class=\"kl-slideshow-inner static-content__wrapper min-500\">\n                <!-- Static content source -->\n                <div class=\"static-content__source\">\n                    <!-- Background -->\n                    <div class=\"kl-bg-source\">\n                        <!-- Background image -->\n                        <div class=\"kl-bg-source__bgimage\" style=\"background-image:url(https:\/\/cargoholidays.com\/wp-content\/uploads\/2021\/02\/CARGOHOLIDAYS-CARGO-SHIP-TRAVEL-CARGO-CRUISE-CARGO-TRAVEL-FREIGHT-HOLIDAYS-CARGO-SHIP-CARGOHOLIDAYS31-scaled.jpg); background-repeat:no-repeat; background-attachment:scroll; background-position-x:center; background-position-y:center; background-size:cover;\">\n                        <\/div>\n                        <!-- Background image -->\n\n                        <!-- Gradient overlay -->\n                        <div class=\"kl-bg-source__overlay\" style=\"background:rgba(30,115,190,0.3); background: -moz-linear-gradient(left, rgba(30,115,190,0.3) 0%, rgba(53,53,53,0.3) 100%); background: -webkit-gradient(linear, left top, right top, color-stop(0%,rgba(30,115,190,0.3)), color-stop(100%,rgba(53,53,53,0.3))); background: -webkit-linear-gradient(left, rgba(30,115,190,0.3) 0%,rgba(53,53,53,0.3) 100%); background: -o-linear-gradient(left, rgba(30,115,190,0.3) 0%,rgba(53,53,53,0.3) 100%); background: -ms-linear-gradient(left, rgba(30,115,190,0.3) 0%,rgba(53,53,53,0.3) 100%); background: linear-gradient(to right, rgba(30,115,190,0.3) 0%,rgba(53,53,53,0.3) 100%);\">\n                        <\/div>\n                        <!--\/ Gradient overlay -->\n                    <\/div>\n                    <!--\/ Background -->\n\n                    <!-- Animated Sparkles -->\n                    <div class=\"th-sparkles\"><\/div>\n                    <!--\/ Animated Sparkles -->\n                <\/div>\n                <!--\/ .static-content__source -->\n\n                <!-- Static content container -->\n                <div class=\"static-content__inner container\">\n                    <!-- Container with safe padding default top 150px --> \n                    <div class=\"kl-slideshow-safepadding sc__container\">\n                        <!-- Static content wrapper -->\n                        <div class=\"static-content default-style\">\n                            <!-- Title -->   \n                            <h3 class=\"static-content__subtitle text-left\">\n                                <span class=\"fw-thin\">  \nFrachtschiffreisen und Frachtkreuzfahrten Videos cargoholidays<span data-rel=\"tooltip\" data-placement=\"top\" title=\"\" data-animation=\"true\" data-original-title=\"CARGOHOLIDAYS\"><\/span><\/span>\n                                <br> \n                                \n                            <\/h3>\n                            <!--\/ Title -->\n\n                            <!-- Info pop-up fade animation left aligned with top arrow -->\n                            <div class=\"static-content__infopop animated fadeBoxIn sc-infopop--left\" data-arrow=\"top\">\n                                <!-- Buy button -->\n                                <a class=\"sc-infopop__btn\" href=\"\/de\/void(%24zopim.livechat.window.openPopout())\/\" target=\"_self\" rel=\"noopener noreferrer\">LIVE CHAT<\/a>\n                                <!--\/ Buy button -->\n\n                                <!-- Info Text -->\n                                <h5 class=\"sc-infopop__text\"><strong>KONTAKT<\/strong> US<\/h5>\n                                <!--\/ Info Text -->\n\n                                <div class=\"clear\">\n                                <\/div>\n                            <\/div>\n       \n                        <\/div>\n                        <!--\/ .static-content -->\n                    <\/div>\n                    <!--\/ Container with safe padding default top 150px -->\n                <\/div>\n                <!--\/ .kl-slideshow-inner__inner -->\n            <\/div>\n            <!--\/ Static content wrapper with custom minimum height (500px) = .min-500 -->\n\n            <!-- Bottom mask style 2  -->\n            <div class=\"kl-bottommask kl-bottommask--shadow_ud\">\n            <\/div>\n            <!--\/ Bottom mask style 2  -->\n        <\/div>\n        <!--\/ Slideshow static content element + Bottom mask style 2  -->\n\n        <!-- CALL-OUT BANNER \/ STYLE 2 section -->\n        <section class=\"hg_section bg-white\">\n            <div class=\"container\">\n                <div class=\"row\">\n                    <div class=\"col-md-12 col-sm-12\"> \n\n                        <!-- Call-out banner element - style 2 -->\n                        <div class=\"callout-banner clearfix\">\n                            <div class=\"row\">\n                                <div class=\"col-sm-12\">\n                                    <!-- Title -->  \n                                      <h3 class=\"m_title\"><span class=\"fw-thin\">    \nFrachtschiffreisen und Frachtkreuzfahrten Videos cargoholidays<span class=\"fw-semibold\"><\/span><\/span><\/h3> \n                                <\/div>\n                                <!--\/ col-sm-10 -->\n \n                            <\/div>\n                            <!--\/ row -->\n                        <\/div>\n                        <!--\/ Call-out banner element - style 2 -->\n                    <\/div>\n                    <!--\/ col-md-12 col-sm-12 -->\n                <\/div>\n                <!--\/ row -->\n            <\/div>\n            <!--\/ container -->\n        <\/section>\n        <!--\/ CALL-OUT BANNER \/ STYLE 2 section -->\n     <!-- Progress bars skill section -->\n        <section class=\"hg_section pt-70 pb-10\">\n            <div class=\"container\">\n                <div class=\"row\">\n                     \n\n                   <div class=\"col-sm-12 col-md-12\">\n\n\n\n<h2>    \nFrachtschiffreisen und Frachtkreuzfahrten Videos cargoholidays<\/h2>\n \n\n[elfsight_youtube_gallery id=&rdquo;2&Prime;]\n\n<p>\nFrachtschiffreisen und Frachtkreuzfahrten Videos cargoholidays. Warum sollte jemand ein Frachtschiff besteigen, um von Europa nach Australien zu reisen? W\u00e4re es nicht viel einfacher, zu fliegen? Wahrscheinlich schon, aber ich hatte das schon einmal gemacht, und dieses Mal wollte ich die Welt sehen, ohne zu fliegen, und eine Frachtschiffkreuzfahrt schien mir der richtige Weg zu sein.\n\nMan wei\u00df es vielleicht nicht, aber die meisten Frachtschiffe haben Platz f\u00fcr bis zu sechs Passagiere. Viele Reedereien wollen ihre \u00fcberz\u00e4hligen Kabinen f\u00fcllen und bieten den Passagieren an, die dreimonatige Rundreise oder Teile davon zu buchen, damit sie das Leben an Bord selbst erleben k\u00f6nnen - erfahren Sie mehr in unseren YouTube-Videos.<\/p>\n\n\n\n\n<img src=\"https:\/\/cargoholidays.com\/wp-content\/uploads\/2021\/09\/AdobeStock_397092285.jpeg\" alt=\"AdobeStock 397092285 - Frachtschiffreisen und Frachtkreuzfahrten Videos cargoholidays\" title=\"Frachtschiffreisen und Frachtkreuzfahrten Videos cargoholidays\">\n \n<a href=\"https:\/\/cargoholidays.com\/de\/download\/998\/\"><h3>Download unserer Brosch\u00fcre<\/h3><\/a>\n\n<iframe loading=\"lazy\" width=\"560\" height=\"315\" src=\"https:\/\/www.youtube.com\/embed\/YIgyxwVhVU4\" title=\"YouTube-Video-Player\" frameborder=\"0\" allow=\"accelerometer; autoplay; clipboard-write; encrypted-media; gyroscope; picture-in-picture\" allowfullscreen><\/iframe>\n\n\n<h2>LISTE DER GR\u00d6SSTEN FRACHTUNTERNEHMEN ZUR BUCHUNG VON FRACHT<\/h2>\n<p><a href=\"https:\/\/www.maersk.com\">maersk<\/a>, <a href=\"https:\/\/www.msc.com\">msc<\/a>, <a href=\"https:\/\/www.hapag-lloyd.com\/en\/home.html\">hapag-lloyd<\/a>, <a href=\"https:\/\/www.one-line.com\/en\">einzeilig<\/a>, <a href=\"https:\/\/www.evergreen-marine.com\">immergr\u00fcn-marine<\/a>, <a href=\"https:\/\/www.yangming.com\">yangming<\/a>, <a href=\"https:\/\/www.pilship.com\">Pilgerschiff<\/a>, <a href=\"http:\/\/www.hmm21.com\/cms\/company\/engn\/index.jsp\">hmm21<\/a>, <a href=\"https:\/\/www.zim.com\">zim<\/a>, <a href=\"https:\/\/www.wanhai.com\/views\/Main.xhtml\">wanhai<\/a>, <a href=\"http:\/\/www.ykzcwl.com\">ykzcwl<\/a>, <a href=\"http:\/\/www.irislgroup.com\">irislgroup<\/a>, <a href=\"http:\/\/www.kmtc.co.kr\">kmtc<\/a>, <a href=\"https:\/\/www.sitc.com\">sitc<\/a>, <a href=\"https:\/\/www.tslines.com\/en\">tslines<\/a>, <a href=\"https:\/\/smlines.com\/en\/\">smlines<\/a>, <a href=\"http:\/\/www.arkas.com.tr\/intro.html\">arkas<\/a>, <a href=\"http:\/\/www.sinokor.co.kr\/en\/index.html\">sinokor<\/a>, <a href=\"https:\/\/www.rclgroup.com\">rclgroup<\/a>, <a href=\"https:\/\/www.spil.co.id\">spil<\/a>, <a href=\"https:\/\/www.unifeeder.com\">unifeeder<\/a>, <a href=\"https:\/\/www.matson.com\">matson<\/a>, <a href=\"https:\/\/www.hapag-lloyd.com\/en\/home.html\">hapag-lloyd<\/a>, <a href=\"https:\/\/www.swireshipping.com\">swireshipping<\/a>, <a href=\"https:\/\/www.grimaldi.napoli.it\/en\/index.html\">grimaldi napoli<\/a>, <a href=\"https:\/\/www.cma-cgm.com\">cma-cgm<\/a><\/p> \n\n\n                    <\/div>\n                    <!--\/ col-sm-6 -->\n\n                <\/div>\n                <!--\/ row -->\n            <\/div>\n            <!--\/ container -->\n        <\/section>\n        <!--\/ Progress bars skill section --> \n\n          \n  <!-- Hover boxes section -->\n        <section class=\"hg_section ptop-20 pbottom-20\">\n            <div class=\"container\">\n                <div class=\"row\">\n                 \n\n                    <div class=\"col-md-4 col-sm-4\">\n                        <!-- Hover box element -->\n                        <div>\n                            <!-- Link box with background color -->\n                            <a href=\"#register_panel\" style=\"background-color: #4672B0;\" class=\"hover-box hover-box-2  popup-with-form\">\n                                <!-- Hover icon -->\n                                <span class=\"hb-circle\"><\/span>\n                                <!--\/ Hover icon -->\n\n                                <!-- Image\/Icon -->\n                                <img src=\"https:\/\/cargoholidays.com\/wp-content\/uploads\/2019\/06\/quote1.png\" class=\"hb-img rb-right\" alt=\"CARGOHOLIDAYS FRACHTREISE SCHIFFSREISE SEEFERIEN\" title=\"CARGOHOLIDAYS FRACHTREISE SCHIFFSREISE SEEFERIEN\">\n                                <!--\/ Image\/Icon -->\n\n                                <!-- Title -->\n                                <h3>Jetzt anfragen<\/h3>\n                                <!--\/ Title -->\n\n                                <!-- Description -->\n                                <p>\n                                  Jetzt anfragen<br>\n                               Wir werden uns innerhalb von 24 Stunden bei Ihnen melden!\n                                <\/p>\n                                <!--\/ Description -->\n                            <\/a>\n                            <!--\/ Link box with background color -->\n                        <\/div>\n                        <!--\/ Hover box element -->\n                    <\/div>\n                    <!--\/ col-md-4 col-sm-4 -->\n\n                    <div class=\"col-md-4 col-sm-4\">\n                        <!-- Hover box element -->\n                        <div>\n                            <!-- Link box with background color-->\n                            <a href=\"#\" id=\"MyLiveChatScriptButton\" onclick=\"MyLiveChat_OpenDialog()\" style=\"background-color: #4672B0;\" class=\"hover-box hover-box-2\">\n                                <!-- Hover icon -->\n                                <span class=\"hb-circle\"><\/span>\n                                <!-- Hover icon -->\n\n                                <!-- Image\/Icon -->\n                                <img src=\"https:\/\/cargoholidays.com\/wp-content\/uploads\/2019\/06\/quote1.png\" class=\"hb-img rb-right\" alt=\"CARGOHOLIDAYS FRACHTREISE SCHIFFSREISE SEEFERIEN\" title=\"CARGOHOLIDAYS FRACHTREISE SCHIFFSREISE SEEFERIEN\">\n                                <!--\/ Image\/Icon -->\n\n                                <!-- Title -->\n                                <h3>Live-Chat<\/h3>\n                                <!--\/ Title -->\n\n                                <!-- Subtitle -->\n                                <h4>Sprechen Sie mit unserem Urlaubsteam! <\/h4>\n                                <!-- Subtitle -->\n\n                                <!-- Description -->\n                                <p>\n                                   Unsere Berater sind herzlich eingeladen, Ihnen zu antworten<br>\n                                     \n                                <\/p>\n                                <!--\/ Description -->\n                            <\/a>\n                            <!--\/ Link box with background color -->\n                        <\/div>\n                        <!--\/ Hover box element -->\n                    <\/div>\n                    <!--\/ col-md-4 col-sm-4 -->\n\n                    <div class=\"col-md-4 col-sm-4\">\n                        <!-- Hover box element -->\n                        <div>\n                            <!-- Link box with background image -->\n                            <a href=\"\" style=\"background-image:url(https:\/\/cargoholidays.com\/wp-content\/uploads\/2019\/06\/hb-catalogue1.png); background-color: #4672B0; background-size:cover\" class=\"hover-box hover-box-3\">\n                                <!-- Image\/Icon -->\n                                <img src=\"https:\/\/cargoholidays.com\/wp-content\/uploads\/2019\/06\/hb-catalogue1.png\" class=\"hb-img\" alt=\"CARGOHOLIDAYS FRACHTREISE SCHIFFSREISE SEEFERIEN\" title=\"CARGOHOLIDAYS FRACHTREISE SCHIFFSREISE SEEFERIEN\">\n                                <!--\/ Image\/Icon -->\n\n                                <!-- Title -->\n                                <h3>Download unserer Brosch\u00fcre<\/h3>\n                                <!--\/ Title -->\n\n                                <!-- Description -->\n                                <p>\n                                   Preise und Angebote f\u00fcr 2019 finden Sie in unserer Brosch\u00fcre\n                                <\/p>\n                                <!--\/ Description -->\n                            <\/a>\n                            <!--\/ Link box with background image -->\n                        <\/div>\n                        <!--\/ Hover box element -->\n                    <\/div>\n                    <!--\/ col-md-4 col-sm-4 -->\n                <\/div>\n                <!--\/ row -->\n              <br>  <div class=\"row\"> [smartslider3 slider=3] \n <\/div>\n            <\/div>\n            <!--\/ container -->\n        <\/section>\n        <!--\/ Hover boxes section -->\n \n        <!--   \n        <section class=\"hg_section--relative ptop-160 pbottom-160\"> \n            <div class=\"kl-bg-source\"> \n                <div class=\"kl-bg-source__bgimage\" style=\"background-image:url(https:\/\/UKMOTO.fr\/wp-content\/uploads\/2017\/11\/bureau-1-2.jpg); background-repeat:no-repeat; background-attachment:scroll; background-position-x:center; background-position-y:center; background-size:cover\">\n                <\/div>\n               \n                <div class=\"kl-bg-source__overlay\" style=\"background-color:rgba(1,11,17,0.8)\">\n                <\/div>\n            \n            <\/div> \n\n            <div class=\"container\">\n                <div class=\"row\">\n                    <div class=\"col-md-12 col-sm-12\"> \n                        <div class=\"kl-title-block clearfix tbk--text-light text-center tbk--color-theme tbk-symbol--line tbk-icon-pos--after-title\">\n                          \n                            <h3 class=\"tbk__title \">RECHERCHER<\/h3> \n                            <div class=\"tbk__symbol \">\n                                <span><\/span>\n                            <\/div> \n                        <\/div> \n                    <\/div> \n\n                    <div class=\"col-md-12 col-sm-12\"> \n                        <div class=\"elm-searchbox elm-searchbox--transparent2 elm-searchbox--eff-normal\"> \n                            <div class=\"elm-searchbox__inner\">\n                                <form class=\"elm-searchbox__form\" action=\"https:\/\/UKMOTO.fr\" method=\"get\" target=\"_blank\">\n                                    <input name=\"s\" maxlength=\"30\" class=\"elm-searchbox__input\" type=\"text\" size=\"20\" value=\"\" placeholder=\"Entrer ce que vous desirez rechercher ..\">\n                                    <button type=\"submit\" id=\"searchbox_submit\" class=\"elm-searchbox__submit\">RECHERCHER<\/button>\n                                    <div class=\"clearfix\">\n                                    <\/div>\n                                <\/form>\n                            <\/div> \n                        <\/div> \n                    <\/div> \n                <\/div> \n            <\/div> \n        <\/section> \n         -->","protected":false},"excerpt":{"rendered":"<p>Cargoship travel and cargo cruises videos cargoholidays LIVE CHAT CONTACT US Cargoship travel and cargo cruises videos cargoholidays Cargoship travel and cargo cruises videos cargoholidays [elfsight_youtube_gallery id=&rdquo;2&Prime;] Cargoship travel and cargo cruises videos cargoholidays. Now why would someone board a cargo ship to go to Australia from Europe? Wouldn&rsquo;t flying be much easier? It probably [&hellip;]<\/p>","protected":false},"author":1,"featured_media":1120,"parent":0,"menu_order":0,"comment_status":"closed","ping_status":"closed","template":"","meta":[],"yst_prominent_words":[],"acf":[],"_links":{"self":[{"href":"https:\/\/cargoholidays.com\/de\/wp-json\/wp\/v2\/pages\/1350"}],"collection":[{"href":"https:\/\/cargoholidays.com\/de\/wp-json\/wp\/v2\/pages"}],"about":[{"href":"https:\/\/cargoholidays.com\/de\/wp-json\/wp\/v2\/types\/page"}],"author":[{"embeddable":true,"href":"https:\/\/cargoholidays.com\/de\/wp-json\/wp\/v2\/users\/1"}],"replies":[{"embeddable":true,"href":"https:\/\/cargoholidays.com\/de\/wp-json\/wp\/v2\/comments?post=1350"}],"version-history":[{"count":0,"href":"https:\/\/cargoholidays.com\/de\/wp-json\/wp\/v2\/pages\/1350\/revisions"}],"wp:featuredmedia":[{"embeddable":true,"href":"https:\/\/cargoholidays.com\/de\/wp-json\/wp\/v2\/media\/1120"}],"wp:attachment":[{"href":"https:\/\/cargoholidays.com\/de\/wp-json\/wp\/v2\/media?parent=1350"}],"wp:term":[{"taxonomy":"yst_prominent_words","embeddable":true,"href":"https:\/\/cargoholidays.com\/de\/wp-json\/wp\/v2\/yst_prominent_words?post=1350"}],"curies":[{"name":"wp","href":"https:\/\/api.w.org\/{rel}","templated":true}]}}