{"id":1225,"date":"2022-07-26T08:54:26","date_gmt":"2022-07-26T08:54:26","guid":{"rendered":"https:\/\/cargoholidays.com\/?page_id=1225"},"modified":"2022-07-26T13:32:31","modified_gmt":"2022-07-26T13:32:31","slug":"mexico-cargo-ship-travel","status":"publish","type":"page","link":"https:\/\/cargoholidays.com\/de\/mexiko-ladung-schiff-reisen","title":{"rendered":"Mexiko Frachtschiff Reisen"},"content":{"rendered":"<!-- Slideshow static content element + Bottom mask style 2  --><div class=\"kl-slideshow static-content__slideshow uh_light_gray maskcontainer--shadow_ud\">\n            <div class=\"bgback\">\n            <\/div>\n\n            <!-- Static content wrapper with custom minimum height (500px) = .min-500 -->\n            <div class=\"kl-slideshow-inner static-content__wrapper min-500\">\n                <!-- Static content source -->\n                <div class=\"static-content__source\">\n                    <!-- Background -->\n                    <div class=\"kl-bg-source\">\n                        <!-- Background image -->\n                        <div class=\"kl-bg-source__bgimage\" style=\"background-image:url(https:\/\/cargoholidays.com\/wp-content\/uploads\/2021\/02\/CARGOHOLIDAYS-CARGO-SHIP-TRAVEL-CARGO-CRUISE-CARGO-TRAVEL-FREIGHT-HOLIDAYS-CARGO-SHIP-CARGOHOLIDAYS31-scaled.jpg); background-repeat:no-repeat; background-attachment:scroll; background-position-x:center; background-position-y:center; background-size:cover;\">\n                        <\/div>\n                        <!-- Background image -->\n\n                        <!-- Gradient overlay -->\n                        <div class=\"kl-bg-source__overlay\" style=\"background:rgba(30,115,190,0.3); background: -moz-linear-gradient(left, rgba(30,115,190,0.3) 0%, rgba(53,53,53,0.3) 100%); background: -webkit-gradient(linear, left top, right top, color-stop(0%,rgba(30,115,190,0.3)), color-stop(100%,rgba(53,53,53,0.3))); background: -webkit-linear-gradient(left, rgba(30,115,190,0.3) 0%,rgba(53,53,53,0.3) 100%); background: -o-linear-gradient(left, rgba(30,115,190,0.3) 0%,rgba(53,53,53,0.3) 100%); background: -ms-linear-gradient(left, rgba(30,115,190,0.3) 0%,rgba(53,53,53,0.3) 100%); background: linear-gradient(to right, rgba(30,115,190,0.3) 0%,rgba(53,53,53,0.3) 100%);\">\n                        <\/div>\n                        <!--\/ Gradient overlay -->\n                    <\/div>\n                    <!--\/ Background -->\n\n                    <!-- Animated Sparkles -->\n                    <div class=\"th-sparkles\"><\/div>\n                    <!--\/ Animated Sparkles -->\n                <\/div>\n                <!--\/ .static-content__source -->\n\n                <!-- Static content container -->\n                <div class=\"static-content__inner container\">\n                    <!-- Container with safe padding default top 150px --> \n                    <div class=\"kl-slideshow-safepadding sc__container\">\n                        <!-- Static content wrapper -->\n                        <div class=\"static-content default-style\">\n                            <!-- Title -->   \n                            <h3 class=\"static-content__subtitle text-left\">\n                                <span class=\"fw-thin\">Mexiko Frachtschiff Reisen<span data-rel=\"tooltip\" data-placement=\"top\" title=\"\" data-animation=\"true\" data-original-title=\"CARGOHOLIDAYS\"><\/span><\/span>\n                                <br> \n                                \n                            <\/h3>\n                            <!--\/ Title -->\n\n                            <!-- Info pop-up fade animation left aligned with top arrow -->\n                            <div class=\"static-content__infopop animated fadeBoxIn sc-infopop--left\" data-arrow=\"top\">\n                                <!-- Buy button -->\n                                <a class=\"sc-infopop__btn\" href=\"\/de\/void(%24zopim.livechat.window.openPopout())\/\" target=\"_self\" rel=\"noopener noreferrer\">LIVE CHAT<\/a>\n                                <!--\/ Buy button -->\n\n                                <!-- Info Text -->\n                                <h5 class=\"sc-infopop__text\"><strong>KONTAKT<\/strong> US<\/h5>\n                                <!--\/ Info Text -->\n\n                                <div class=\"clear\">\n                                <\/div>\n                            <\/div>\n       \n                        <\/div>\n                        <!--\/ .static-content -->\n                    <\/div>\n                    <!--\/ Container with safe padding default top 150px -->\n                <\/div>\n                <!--\/ .kl-slideshow-inner__inner -->\n            <\/div>\n            <!--\/ Static content wrapper with custom minimum height (500px) = .min-500 -->\n\n            <!-- Bottom mask style 2  -->\n            <div class=\"kl-bottommask kl-bottommask--shadow_ud\">\n            <\/div>\n            <!--\/ Bottom mask style 2  -->\n        <\/div>\n        <!--\/ Slideshow static content element + Bottom mask style 2  -->\n\n        <!-- CALL-OUT BANNER \/ STYLE 2 section -->\n        <section class=\"hg_section bg-white\">\n            <div class=\"container\">\n                <div class=\"row\">\n                    <div class=\"col-md-12 col-sm-12\"> \n\n                        <!-- Call-out banner element - style 2 -->\n                        <div class=\"callout-banner clearfix\">\n                            <div class=\"row\">\n                                <div class=\"col-sm-12\">\n                                    <!-- Title -->  \n                                      <h3 class=\"m_title\"><span class=\"fw-thin\">Frachtschiff-Reiseb\u00fcro cargoholidays<span class=\"fw-semibold\"><\/span><\/span><\/h3> \n                                <\/div>\n                                <!--\/ col-sm-10 -->\n \n                            <\/div>\n                            <!--\/ row -->\n                        <\/div>\n                        <!--\/ Call-out banner element - style 2 -->\n                    <\/div>\n                    <!--\/ col-md-12 col-sm-12 -->\n                <\/div>\n                <!--\/ row -->\n            <\/div>\n            <!--\/ container -->\n        <\/section>\n        <!--\/ CALL-OUT BANNER \/ STYLE 2 section -->\n     <!-- Progress bars skill section -->\n        <section class=\"hg_section pt-70 pb-10\">\n            <div class=\"container\">\n                <div class=\"row\">\n                    \n                    <div class=\"col-sm-6 col-md-6\">\n                        <!-- Media container with custom content -->\n                        <div class=\"media-container media-container--type-pb h-600\">\n                            <!-- Background -->\n                            <div class=\"kl-bg-source\">\n                                <!-- IMAGE A REMETTRE https:\/\/UKMOTO.fr\/wp-content\/uploads\/2017\/07\/london7.jpg -->                                         \n                                <div class=\"kl-bg-source__bgimage\" style=\"background-image:url(https:\/\/cargoholidays.com\/wp-content\/uploads\/2021\/02\/CARGOHOLIDAYS-CARGO-SHIP-TRAVEL-CARGO-CRUISE-CARGO-TRAVEL-FREIGHT-HOLIDAYS-CARGO-SHIP-CARGOHOLIDAYS32-scaled.jpg);background-repeat:repeat;background-attachment:scroll;background-position:center center;background-size:cover\">\n                                <\/div>\n\n                                <!-- Overlay -->\n                                <div class=\"kl-bg-source__overlay\" style=\"background: rgba(10,10,10,0.16); background: -moz-linear-gradient(top,  rgba(10,10,10,0.16) 0%, rgba(20,20,20,0.76) 100%); background: -webkit-gradient(linear, left top, left bottom, color-stop(0%,rgba(10,10,10,0.16)), color-stop(100%,rgba(20,20,20,0.76))); background: -webkit-linear-gradient(top,  rgba(10,10,10,0.16) 0%,rgba(20,20,20,0.76) 100%); background: -o-linear-gradient(top,  rgba(10,10,10,0.16) 0%,rgba(20,20,20,0.76) 100%); background: -ms-linear-gradient(top,  rgba(10,10,10,0.16) 0%,rgba(20,20,20,0.76) 100%); background: linear-gradient(to bottom,  rgba(10,10,10,0.16) 0%,rgba(20,20,20,0.76) 100%); \">\n                                <\/div>\n                            <\/div>\n                            <!--\/ Background -->\n\n                            <div class=\"media-container-pb media-container-pb--alg-bottom\">\n                                <div class=\"row\">\n                                    <div class=\"col-lg-offset-2 col-md-offset-2 col-sm-offset-2 col-md-8 col-sm-8\">\n                                        <!-- Title -->\n                                        <div class=\"kl-title-block clearfix text-center tbk-icon-pos--after-title\">\n                                            <h2 class=\"white fw-bold\">Mexiko Frachtschiff Reisen<\/h2>\n                                        <\/div>\n                                    <\/div>\n                                    <!--\/ col-lg-offset-2 col-md-offset-2 col-sm-offset-2 col-md-8 col-sm- -->\n\n                                    <div class=\"col-md-12 col-sm-12\">\n                                        <!-- Content -->\n                                        <div class=\"prt-hover-slidein\">\n                                            <!-- Sub-title -->\n                                            <div class=\"kl-title-block clearfix text-center tbk-icon-pos--after-title\">\n                                                <h4 class=\"tbk__subtitle\">CARGOHOLIDAYS DIE BESTE FREIZEITKREUZFAHRT F\u00dcR Mexiko Frachtschiffreisen<\/h4>\n                                            <\/div>\n                                            <!--\/ Sub-title -->\n                                        <\/div>\n                                        <!--\/ Content -->\n                                    <\/div>\n                                    <!--\/ col-md-12 col-sm-12 -->\n                                <\/div>\n                                <!--\/ row -->\n                            <\/div>\n                            <!--\/ media container content -->\n                        <\/div>\n                        <!--\/ Media container with custom content -->\n\n                    <\/div>\n                    <!-- col-sm-6 col-md-6 -->\n\n                   <div class=\"col-sm-6 col-md-6\">\n\n\n\n<h2> Mexiko Frachtschiff Reisen<\/h2>\n \n\n<p>\nEines ist klar: Da Sie die Rolle eines Passagiers und nicht die eines Kunden einnehmen, werden Sie auf einem Frachtschiff nicht die \u00fcblichen Annehmlichkeiten finden. Es gibt weder Animateure noch Freizeitprogramme oder Wellness-Angebote. Die Besatzung dient dem Schiff und der Ladung - nicht den Passagieren. Landausfl\u00fcge sind m\u00f6glich, aber nur nach Absprache mit der Schiffsleitung und sofern die Route und der Zeitplan es zulassen. Wenn Sie dann nicht rechtzeitig von Ihrem Ausflug zur\u00fcckkehren, kann es sein, dass das Schiff ohne Sie wieder ausl\u00e4uft. Andererseits ist das Schiff nicht verpflichtet, sich an die bei der Buchung angegebenen Liegezeiten im Hafen zu halten, da diese nicht nur von den vorherrschenden Wetterbedingungen, sondern auch von den Be- und Entladevorg\u00e4ngen und der Anzahl der verf\u00fcgbaren Kr\u00e4ne und Arbeitskr\u00e4fte abh\u00e4ngen. Die Liegezeiten k\u00f6nnen daher von einigen Stunden bis zu einigen Tagen reichen - Flexibilit\u00e4t ist also gefragt.<\/p>\n\n<img src=\"https:\/\/cargoholidays.com\/wp-content\/uploads\/2021\/09\/AdobeStock_397092285.jpeg\" alt=\"AdobeStock 397092285 - Mexiko Frachtschiff Reisen\" title=\"Mexiko Frachtschiff Reisen\">\n<br>\n<p>\nFrachtschiffe unterscheiden sich von den RoPax-F\u00e4hren, die oft von der Fracht leben, aber den Vorschriften f\u00fcr Passagierschiffe folgen, um auch die Lkw-Fahrer bef\u00f6rdern zu k\u00f6nnen und andere Passagiere als Zusatzeinkommen zu haben. Diese sind eher mit Kreuzfahrtf\u00e4hren vergleichbar, wenn auch manchmal recht spartanisch.\n\nEs ist ein weit verbreiteter Mythos, dass Frachtschiffe billiger sind als andere Verkehrsmittel, aber mit Ausnahme einiger weniger regionaler Frachtschiffe ist dies praktisch nie der Fall. Die Kosten f\u00fcr die Mitnahme von Vorr\u00e4ten und die Bereitstellung von R\u00e4umen sind bei Mexiko-Frachtschiffreisen im Vergleich zu Langstreckenfl\u00fcgen recht hoch. Ein Vergleich ist nat\u00fcrlich schwierig: Zahlen Sie f\u00fcr den Transport oder f\u00fcr die Verpflegung, die Unterbringung und die Erfahrung, die Sie mit einer Frachtschiffreise nach Mexiko machen?\n<\/p>\n\n<p>\nDie \u00dcberquerung des gro\u00dfen Teichs mit einem Frachtschiff gibt dem Begriff \"langsames Reisen\" eine neue Bedeutung. Es ist eine wenig bekannte Tatsache, dass man als Passagier auf einem Frachtschiff fast \u00fcberall auf der Welt hinkommt, ohne a) ein lebloses Objekt zu sein oder b) in einem Schiffscontainer verstaut zu werden. Dar\u00fcber hinaus ist dies eine der nachhaltigsten Arten zu reisen. Da Sie nur einen kleinen Prozentsatz der \"Waren\" an Bord ausmachen, hat Ihre Anwesenheit keinen erkennbaren Einfluss auf die Effizienz des Schiffes, so dass Sie mit einem guten Gewissen reisen k\u00f6nnen.\n<iframe loading=\"lazy\" width=\"560\" height=\"315\" src=\"https:\/\/www.youtube.com\/embed\/chI2_6OyP0U\" title=\"YouTube-Video-Player\" frameborder=\"0\" allow=\"accelerometer; autoplay; clipboard-write; encrypted-media; gyroscope; picture-in-picture\" allowfullscreen><\/iframe>\n\n<\/p>\n\n\n\n\n <p>\nWie ist es, mit einem Frachtschiff nach Mexiko zu reisen?\nDas Ma\u00df an Luxus h\u00e4ngt von der jeweiligen Reederei ab. Einige verf\u00fcgen \u00fcber DVD-Player und hochmoderne Unterhaltungseinrichtungen, andere \u00fcber VHS und eine Tischtennisplatte, aber wenn es Ihnen um ein Erlebnis geht, k\u00f6nnen Sie nicht mehr verlangen. Das Essen variiert von Schiff zu Schiff (oft abh\u00e4ngig von der Nationalit\u00e4t der Besatzung), und Sie werden wahrscheinlich in der Offiziersmesse zusammen mit der \u00e4lteren Besatzung an Bord essen.\n<\/p>\n<img src=\"https:\/\/cargoholidays.com\/wp-content\/uploads\/2021\/09\/AdobeStock_344566703.jpeg\" alt=\"AdobeStock 344566703 - Mexiko Frachtschiff Reisen\" title=\"Mexiko Frachtschiff Reisen\">\n<br>\n<p>\nEine Reise mit einem Frachtschiff kann manchmal eine emotionale Achterbahnfahrt sein, denn sie ist ganz anders als alles, was Sie bisher erlebt haben. Jeder wird eine andere Erfahrung machen, aber Sie werden mit Sicherheit das Abenteuer Ihres Lebens erleben. Wir haben aus erster Hand Erfahrungen mit dieser alternativen Art zu reisen. Es kann einsam sein, wenn man allein reist, und manchmal t\u00f6dlich langweilig, aber mit einem Vorrat an guten B\u00fcchern und der Bereitschaft, sich auf die Crew einzulassen, wird die Zeit schnell vergehen.\n<\/p>\n\n<p>Wenn Sie Ihr n\u00e4chstes Reiseziel mit einem Containerschiff erreichen m\u00f6chten, sollten Sie viel Zeit mitbringen - und Sie werden mit unvergleichlichen Erinnerungen belohnt. Tauschen Sie enge Sitzreihen, endlose Warteschlangen, straffe Besichtigungspl\u00e4ne und fl\u00fcchtige Eindr\u00fccke gegen eine neue Art von Ruhe, ein neuartiges Gef\u00fchl von Distanz und den unbezahlbaren Luxus, das Meer in seinen sch\u00f6nsten Erscheinungsformen kennenzulernen.<\/p>\n  \n<p>\n\nBuchung von Frachtschiffreisen nach Mexiko\nEs gibt mehrere Agenturen, die Ihnen bei der Recherche und Buchung von Frachtschiffreisen in die ganze Welt helfen k\u00f6nnen. Ich habe meine Reise auf der Alicante Carrier im Jahr 2009 mit Strand Voyages geplant. Die Agentur hat inzwischen geschlossen und verweist Reisende jetzt an eine der unten genannten Agenturen. Beachten Sie, dass die Zahl der Schiffe und Passagiere begrenzt ist, so dass alle Agenturen Zugang zu denselben Schiffen haben. Aus diesem Grund ist es wahrscheinlich am besten, sich f\u00fcr eine Agentur zu entscheiden und bei ihr zu bleiben.\n\nIm Allgemeinen gibt es zwar eine gewisse Flexibilit\u00e4t, aber die Schiffe bevorzugen es, Liegepl\u00e4tze f\u00fcr diejenigen zu reservieren, die \u00fcber gro\u00dfe Entfernungen reisen, so dass es f\u00fcr Mexiko Frachtschiffreisen unter Umst\u00e4nden nicht m\u00f6glich ist, nur einen Teil der Reise zu unternehmen. <a href=\"https:\/\/cargoholidays.com\/de\/download\/998\/\"><h3>Download unserer Brosch\u00fcre<\/h3><\/a>\n\n<iframe loading=\"lazy\" width=\"560\" height=\"315\" src=\"https:\/\/www.youtube.com\/embed\/YIgyxwVhVU4\" title=\"YouTube-Video-Player\" frameborder=\"0\" allow=\"accelerometer; autoplay; clipboard-write; encrypted-media; gyroscope; picture-in-picture\" allowfullscreen><\/iframe>\n\n<\/p>\n<h2>LISTE DER GR\u00d6SSTEN FRACHTUNTERNEHMEN ZUR BUCHUNG VON FRACHT<\/h2>\n<p><a href=\"https:\/\/www.maersk.com\">maersk<\/a>, <a href=\"https:\/\/www.msc.com\">msc<\/a>, <a href=\"https:\/\/www.hapag-lloyd.com\/en\/home.html\">hapag-lloyd<\/a>, <a href=\"https:\/\/www.one-line.com\/en\">einzeilig<\/a>, <a href=\"https:\/\/www.evergreen-marine.com\">immergr\u00fcn-marine<\/a>, <a href=\"https:\/\/www.yangming.com\">yangming<\/a>, <a href=\"https:\/\/www.pilship.com\">Pilgerschiff<\/a>, <a href=\"http:\/\/www.hmm21.com\/cms\/company\/engn\/index.jsp\">hmm21<\/a>, <a href=\"https:\/\/www.zim.com\">zim<\/a>, <a href=\"https:\/\/www.wanhai.com\/views\/Main.xhtml\">wanhai<\/a>, <a href=\"http:\/\/www.ykzcwl.com\">ykzcwl<\/a>, <a href=\"http:\/\/www.irislgroup.com\">irislgroup<\/a>, <a href=\"http:\/\/www.kmtc.co.kr\">kmtc<\/a>, <a href=\"https:\/\/www.sitc.com\">sitc<\/a>, <a href=\"https:\/\/www.tslines.com\/en\">tslines<\/a>, <a href=\"https:\/\/smlines.com\/en\/\">smlines<\/a>, <a href=\"http:\/\/www.arkas.com.tr\/intro.html\">arkas<\/a>, <a href=\"http:\/\/www.sinokor.co.kr\/en\/index.html\">sinokor<\/a>, <a href=\"https:\/\/www.rclgroup.com\">rclgroup<\/a>, <a href=\"https:\/\/www.spil.co.id\">spil<\/a>, <a href=\"https:\/\/www.unifeeder.com\">unifeeder<\/a>, <a href=\"https:\/\/www.matson.com\">matson<\/a>, <a href=\"https:\/\/www.hapag-lloyd.com\/en\/home.html\">hapag-lloyd<\/a>, <a href=\"https:\/\/www.swireshipping.com\">swireshipping<\/a>, <a href=\"https:\/\/www.grimaldi.napoli.it\/en\/index.html\">grimaldi napoli<\/a>, <a href=\"https:\/\/www.cma-cgm.com\">cma-cgm<\/a><\/p> \n\n\n                    <\/div>\n                    <!--\/ col-sm-6 -->\n\n                <\/div>\n                <!--\/ row -->\n            <\/div>\n            <!--\/ container -->\n        <\/section>\n        <!--\/ Progress bars skill section --> \n\n          \n  <!-- Hover boxes section -->\n        <section class=\"hg_section ptop-20 pbottom-20\">\n            <div class=\"container\">\n                <div class=\"row\">\n                 \n\n                    <div class=\"col-md-4 col-sm-4\">\n                        <!-- Hover box element -->\n                        <div>\n                            <!-- Link box with background color -->\n                            <a href=\"#register_panel\" style=\"background-color: #4672B0;\" class=\"hover-box hover-box-2  popup-with-form\">\n                                <!-- Hover icon -->\n                                <span class=\"hb-circle\"><\/span>\n                                <!--\/ Hover icon -->\n\n                                <!-- Image\/Icon -->\n                                <img src=\"https:\/\/cargoholidays.com\/wp-content\/uploads\/2019\/06\/quote1.png\" class=\"hb-img rb-right\" alt=\"CARGOHOLIDAYS FRACHTREISE SCHIFFSREISE SEEFERIEN\" title=\"CARGOHOLIDAYS FRACHTREISE SCHIFFSREISE SEEFERIEN\">\n                                <!--\/ Image\/Icon -->\n\n                                <!-- Title -->\n                                <h3>Jetzt anfragen<\/h3>\n                                <!--\/ Title -->\n\n                                <!-- Description -->\n                                <p>\n                                  Jetzt anfragen<br>\n                               Wir werden uns innerhalb von 24 Stunden bei Ihnen melden!\n                                <\/p>\n                                <!--\/ Description -->\n                            <\/a>\n                            <!--\/ Link box with background color -->\n                        <\/div>\n                        <!--\/ Hover box element -->\n                    <\/div>\n                    <!--\/ col-md-4 col-sm-4 -->\n\n                    <div class=\"col-md-4 col-sm-4\">\n                        <!-- Hover box element -->\n                        <div>\n                            <!-- Link box with background color-->\n                            <a href=\"#\" id=\"MyLiveChatScriptButton\" onclick=\"MyLiveChat_OpenDialog()\" style=\"background-color: #4672B0;\" class=\"hover-box hover-box-2\">\n                                <!-- Hover icon -->\n                                <span class=\"hb-circle\"><\/span>\n                                <!-- Hover icon -->\n\n                                <!-- Image\/Icon -->\n                                <img src=\"https:\/\/cargoholidays.com\/wp-content\/uploads\/2019\/06\/quote1.png\" class=\"hb-img rb-right\" alt=\"CARGOHOLIDAYS FRACHTREISE SCHIFFSREISE SEEFERIEN\" title=\"CARGOHOLIDAYS FRACHTREISE SCHIFFSREISE SEEFERIEN\">\n                                <!--\/ Image\/Icon -->\n\n                                <!-- Title -->\n                                <h3>Live-Chat<\/h3>\n                                <!--\/ Title -->\n\n                                <!-- Subtitle -->\n                                <h4>Sprechen Sie mit unserem Urlaubsteam! <\/h4>\n                                <!-- Subtitle -->\n\n                                <!-- Description -->\n                                <p>\n                                   Unsere Berater sind herzlich eingeladen, Ihnen zu antworten<br>\n                                     \n                                <\/p>\n                                <!--\/ Description -->\n                            <\/a>\n                            <!--\/ Link box with background color -->\n                        <\/div>\n                        <!--\/ Hover box element -->\n                    <\/div>\n                    <!--\/ col-md-4 col-sm-4 -->\n\n                    <div class=\"col-md-4 col-sm-4\">\n                        <!-- Hover box element -->\n                        <div>\n                            <!-- Link box with background image -->\n                            <a href=\"\" style=\"background-image:url(https:\/\/cargoholidays.com\/wp-content\/uploads\/2019\/06\/hb-catalogue1.png); background-color: #4672B0; background-size:cover\" class=\"hover-box hover-box-3\">\n                                <!-- Image\/Icon -->\n                                <img src=\"https:\/\/cargoholidays.com\/wp-content\/uploads\/2019\/06\/hb-catalogue1.png\" class=\"hb-img\" alt=\"CARGOHOLIDAYS FRACHTREISE SCHIFFSREISE SEEFERIEN\" title=\"CARGOHOLIDAYS FRACHTREISE SCHIFFSREISE SEEFERIEN\">\n                                <!--\/ Image\/Icon -->\n\n                                <!-- Title -->\n                                <h3>Download unserer Brosch\u00fcre<\/h3>\n                                <!--\/ Title -->\n\n                                <!-- Description -->\n                                <p>\n                                   Preise und Angebote f\u00fcr 2019 finden Sie in unserer Brosch\u00fcre\n                                <\/p>\n                                <!--\/ Description -->\n                            <\/a>\n                            <!--\/ Link box with background image -->\n                        <\/div>\n                        <!--\/ Hover box element -->\n                    <\/div>\n                    <!--\/ col-md-4 col-sm-4 -->\n                <\/div>\n                <!--\/ row -->\n              <br>  <div class=\"row\"> [smartslider3 slider=3] \n <\/div>\n            <\/div>\n            <!--\/ container -->\n        <\/section>\n        <!--\/ Hover boxes section -->\n \n        <!--   \n        <section class=\"hg_section--relative ptop-160 pbottom-160\"> \n            <div class=\"kl-bg-source\"> \n                <div class=\"kl-bg-source__bgimage\" style=\"background-image:url(https:\/\/UKMOTO.fr\/wp-content\/uploads\/2017\/11\/bureau-1-2.jpg); background-repeat:no-repeat; background-attachment:scroll; background-position-x:center; background-position-y:center; background-size:cover\">\n                <\/div>\n               \n                <div class=\"kl-bg-source__overlay\" style=\"background-color:rgba(1,11,17,0.8)\">\n                <\/div>\n            \n            <\/div> \n\n            <div class=\"container\">\n                <div class=\"row\">\n                    <div class=\"col-md-12 col-sm-12\"> \n                        <div class=\"kl-title-block clearfix tbk--text-light text-center tbk--color-theme tbk-symbol--line tbk-icon-pos--after-title\">\n                          \n                            <h3 class=\"tbk__title \">RECHERCHER<\/h3> \n                            <div class=\"tbk__symbol \">\n                                <span><\/span>\n                            <\/div> \n                        <\/div> \n                    <\/div> \n\n                    <div class=\"col-md-12 col-sm-12\"> \n                        <div class=\"elm-searchbox elm-searchbox--transparent2 elm-searchbox--eff-normal\"> \n                            <div class=\"elm-searchbox__inner\">\n                                <form class=\"elm-searchbox__form\" action=\"https:\/\/UKMOTO.fr\" method=\"get\" target=\"_blank\">\n                                    <input name=\"s\" maxlength=\"30\" class=\"elm-searchbox__input\" type=\"text\" size=\"20\" value=\"\" placeholder=\"Entrer ce que vous desirez rechercher ..\">\n                                    <button type=\"submit\" id=\"searchbox_submit\" class=\"elm-searchbox__submit\">RECHERCHER<\/button>\n                                    <div class=\"clearfix\">\n                                    <\/div>\n                                <\/form>\n                            <\/div> \n                        <\/div> \n                    <\/div> \n                <\/div> \n            <\/div> \n        <\/section> \n         -->","protected":false},"excerpt":{"rendered":"<p>Mexiko Frachtschiffreisen LIVE CHAT KONTAKTIEREN SIE UNS Frachtschiffreiseb\u00fcro cargoholidays Mexiko Frachtschiffreisen CARGOHOLIDAYS DIE BESTE FREIZEITREISE F\u00dcR Mexiko Frachtschiffreisen Mexiko Frachtschiffreisen Eines ist klar: Da Sie nicht die Rolle eines Kunden, sondern die eines Passagiers einnehmen werden, werden Sie nicht [...]<\/p>","protected":false},"author":1,"featured_media":883,"parent":0,"menu_order":0,"comment_status":"closed","ping_status":"closed","template":"","meta":[],"yst_prominent_words":[],"acf":[],"_links":{"self":[{"href":"https:\/\/cargoholidays.com\/de\/wp-json\/wp\/v2\/pages\/1225"}],"collection":[{"href":"https:\/\/cargoholidays.com\/de\/wp-json\/wp\/v2\/pages"}],"about":[{"href":"https:\/\/cargoholidays.com\/de\/wp-json\/wp\/v2\/types\/page"}],"author":[{"embeddable":true,"href":"https:\/\/cargoholidays.com\/de\/wp-json\/wp\/v2\/users\/1"}],"replies":[{"embeddable":true,"href":"https:\/\/cargoholidays.com\/de\/wp-json\/wp\/v2\/comments?post=1225"}],"version-history":[{"count":0,"href":"https:\/\/cargoholidays.com\/de\/wp-json\/wp\/v2\/pages\/1225\/revisions"}],"wp:featuredmedia":[{"embeddable":true,"href":"https:\/\/cargoholidays.com\/de\/wp-json\/wp\/v2\/media\/883"}],"wp:attachment":[{"href":"https:\/\/cargoholidays.com\/de\/wp-json\/wp\/v2\/media?parent=1225"}],"wp:term":[{"taxonomy":"yst_prominent_words","embeddable":true,"href":"https:\/\/cargoholidays.com\/de\/wp-json\/wp\/v2\/yst_prominent_words?post=1225"}],"curies":[{"name":"wp","href":"https:\/\/api.w.org\/{rel}","templated":true}]}}